{"id":1,"date":"2019-08-21T10:06:44","date_gmt":"2019-08-21T10:06:44","guid":{"rendered":"https:\/\/radix.humanscollective.org\/?p=1"},"modified":"2021-01-26T15:18:05","modified_gmt":"2021-01-26T15:18:05","slug":"ausstellung-endlich-wachstum","status":"publish","type":"page","link":"https:\/\/kollektiv-radix.at\/index.php\/ausstellung-endlich-wachstum\/","title":{"rendered":"Wanderausstellung &#8222;Endlich Wachstum&#8220;"},"content":{"rendered":"\n<p><a href=\"https:\/\/systemchange-not-climatechange.at\/de\/die-wanderausstellung-endlich-wachstum-in-wien-ein-rueckblick\/\">Hier unser R\u00fcckblick zur Wanderausstellung &#8222;Endlich Wachstum&#8220;, die wir im Februar 2019 zu Gast hatten.<\/a><\/p>\n\n\n\n<figure class=\"wp-block-gallery columns-2 is-cropped wp-block-gallery-1 is-layout-flex\"><ul class=\"blocks-gallery-grid\"><li class=\"blocks-gallery-item\"><figure><img decoding=\"async\" loading=\"lazy\" width=\"1024\" height=\"768\" src=\"https:\/\/kollektiv-radix.at\/wp-content\/uploads\/2020\/12\/2254059-1024x768.jpg\" alt=\"\" data-id=\"259\" class=\"wp-image-259\" srcset=\"https:\/\/kollektiv-radix.at\/wp-content\/uploads\/2020\/12\/2254059-1024x768.jpg 1024w, https:\/\/kollektiv-radix.at\/wp-content\/uploads\/2020\/12\/2254059-300x225.jpg 300w, https:\/\/kollektiv-radix.at\/wp-content\/uploads\/2020\/12\/2254059-768x576.jpg 768w, https:\/\/kollektiv-radix.at\/wp-content\/uploads\/2020\/12\/2254059-1536x1152.jpg 1536w, https:\/\/kollektiv-radix.at\/wp-content\/uploads\/2020\/12\/2254059-2048x1536.jpg 2048w, https:\/\/kollektiv-radix.at\/wp-content\/uploads\/2020\/12\/2254059-1200x900.jpg 1200w\" sizes=\"(max-width: 1024px) 100vw, 1024px\" \/><\/figure><\/li><li class=\"blocks-gallery-item\"><figure><img decoding=\"async\" loading=\"lazy\" width=\"1024\" height=\"768\" src=\"https:\/\/kollektiv-radix.at\/wp-content\/uploads\/2020\/12\/2254093-1024x768.jpg\" alt=\"\" data-id=\"260\" data-link=\"https:\/\/kollektiv-radix.at\/index.php\/2019\/08\/21\/hello-world\/olympus-digital-camera-2\/\" class=\"wp-image-260\" srcset=\"https:\/\/kollektiv-radix.at\/wp-content\/uploads\/2020\/12\/2254093-1024x768.jpg 1024w, https:\/\/kollektiv-radix.at\/wp-content\/uploads\/2020\/12\/2254093-300x225.jpg 300w, https:\/\/kollektiv-radix.at\/wp-content\/uploads\/2020\/12\/2254093-768x576.jpg 768w, https:\/\/kollektiv-radix.at\/wp-content\/uploads\/2020\/12\/2254093-1536x1152.jpg 1536w, https:\/\/kollektiv-radix.at\/wp-content\/uploads\/2020\/12\/2254093-2048x1536.jpg 2048w, https:\/\/kollektiv-radix.at\/wp-content\/uploads\/2020\/12\/2254093-1200x900.jpg 1200w\" sizes=\"(max-width: 1024px) 100vw, 1024px\" \/><\/figure><\/li><li class=\"blocks-gallery-item\"><figure><img decoding=\"async\" loading=\"lazy\" width=\"1024\" height=\"679\" src=\"https:\/\/kollektiv-radix.at\/wp-content\/uploads\/2020\/12\/20190205_0004-1024x679.jpg\" alt=\"\" data-id=\"261\" data-full-url=\"https:\/\/kollektiv-radix.at\/wp-content\/uploads\/2020\/12\/20190205_0004-scaled.jpg\" data-link=\"https:\/\/kollektiv-radix.at\/index.php\/2019\/08\/21\/hello-world\/20190205_0004\/\" class=\"wp-image-261\" srcset=\"https:\/\/kollektiv-radix.at\/wp-content\/uploads\/2020\/12\/20190205_0004-1024x679.jpg 1024w, https:\/\/kollektiv-radix.at\/wp-content\/uploads\/2020\/12\/20190205_0004-300x199.jpg 300w, https:\/\/kollektiv-radix.at\/wp-content\/uploads\/2020\/12\/20190205_0004-768x510.jpg 768w, https:\/\/kollektiv-radix.at\/wp-content\/uploads\/2020\/12\/20190205_0004-1536x1019.jpg 1536w, https:\/\/kollektiv-radix.at\/wp-content\/uploads\/2020\/12\/20190205_0004-2048x1359.jpg 2048w, https:\/\/kollektiv-radix.at\/wp-content\/uploads\/2020\/12\/20190205_0004-1200x796.jpg 1200w\" sizes=\"(max-width: 1024px) 100vw, 1024px\" \/><\/figure><\/li><\/ul><figcaption class=\"blocks-gallery-caption\">Fotos by Jonas Peisker<\/figcaption><\/figure>\n\n\n\n<p><strong>Vom 4.-24. Februar 2019<\/strong> bot die Ausstellung \u201eEndlich Wachstum\u201c im Albert-Schweitzer-Haus einen Raum f\u00fcr kritischen Austausch \u00fcber Wirtschaftswachstum, seine Grenzen und Alternativen. Konzipiert vom Berliner <a href=\"https:\/\/www.fairbindung.org\/\">Fairbindungs-Kollektiv<\/a> wandert die Ausstellung seit 2017 durch verschiedene deutschsprachige St\u00e4dte und erm\u00f6glicht die Auseinandersetzung mit zentralen Themen der Postwachstums-Debatte. Neben der kritischen Reflexion kolonialer Kontinuit\u00e4ten und \u201egr\u00fcner\u201c Wachstumsphantasien legt \u201cEndlich Wachstum\u201d einen Schwerpunkt auf das Kennenlernen von Alternativen hin zu einer sozial und \u00f6kologisch tragf\u00e4higen Gesellschaft. Als Bildungsgruppe von System Change, not Climate Change! luden wir die <a href=\"https:\/\/systemchange-not-climatechange.at\/ausstellung\/\">Ausstellung nach Wien<\/a> ein, \u00f6ffneten sie f\u00fcr die interessierte \u00d6ffentlichkeit, gestalteten ein vielf\u00e4ltiges Rahmenprogramm und luden Schulklassen zu interaktiven Workshops ein.<\/p>\n\n\n\n<p><strong>Wir blicken zur\u00fcck<\/strong> auf ein ganzes Jahr Vorbereitungszeit und drei intensive Ausstellungs-Wochen voller Begegnungen, Diskussionen und Reflexion. Stimmen f\u00fcr eine Politik des Wachstums als auch jene dagegen kommen aus allen politischen Spektren. Mit der Ausstellung boten wir eine antikapitalistische und emanzipatorische Perspektive. Unser Anliegen war es den Fokus auf ungleiche Machtstrukturen in der derzeitigen wachstumsgetriebenen globalen \u00d6konomie zu lenken. Damit betrachten wir z.B. die feministische \u00d6konomie als zentralen Bestandteil unserer Wachstumskritik. Wir erkennen damit auch an, dass die Vision eines guten Lebens mit weniger materiellem Wohlstand derzeit vor allem f\u00fcr privilegierte Schichten gilt und deshalb die Forderung nach individuellem Verzicht nicht zielf\u00fchrend ist. Es braucht einen systemischen Wandel, der allen ein gutes Leben ohne Ausbeutung erm\u00f6glicht.<\/p>\n\n\n\n<figure class=\"wp-block-gallery columns-2 is-cropped wp-block-gallery-3 is-layout-flex\"><ul class=\"blocks-gallery-grid\"><li class=\"blocks-gallery-item\"><figure><img decoding=\"async\" loading=\"lazy\" width=\"1024\" height=\"679\" src=\"https:\/\/kollektiv-radix.at\/wp-content\/uploads\/2020\/12\/20190205_0011-1024x679.jpg\" alt=\"\" data-id=\"262\" data-link=\"https:\/\/kollektiv-radix.at\/index.php\/2019\/08\/21\/hello-world\/20190205_0011\/\" class=\"wp-image-262\" srcset=\"https:\/\/kollektiv-radix.at\/wp-content\/uploads\/2020\/12\/20190205_0011-1024x679.jpg 1024w, https:\/\/kollektiv-radix.at\/wp-content\/uploads\/2020\/12\/20190205_0011-300x199.jpg 300w, https:\/\/kollektiv-radix.at\/wp-content\/uploads\/2020\/12\/20190205_0011-768x510.jpg 768w, https:\/\/kollektiv-radix.at\/wp-content\/uploads\/2020\/12\/20190205_0011-1536x1019.jpg 1536w, https:\/\/kollektiv-radix.at\/wp-content\/uploads\/2020\/12\/20190205_0011-2048x1359.jpg 2048w, https:\/\/kollektiv-radix.at\/wp-content\/uploads\/2020\/12\/20190205_0011-1200x796.jpg 1200w\" sizes=\"(max-width: 1024px) 100vw, 1024px\" \/><\/figure><\/li><li class=\"blocks-gallery-item\"><figure><img decoding=\"async\" loading=\"lazy\" width=\"1024\" height=\"679\" src=\"https:\/\/kollektiv-radix.at\/wp-content\/uploads\/2020\/12\/20190205_0017-1024x679.jpg\" alt=\"\" data-id=\"263\" data-link=\"https:\/\/kollektiv-radix.at\/index.php\/2019\/08\/21\/hello-world\/20190205_0017\/\" class=\"wp-image-263\" srcset=\"https:\/\/kollektiv-radix.at\/wp-content\/uploads\/2020\/12\/20190205_0017-1024x679.jpg 1024w, https:\/\/kollektiv-radix.at\/wp-content\/uploads\/2020\/12\/20190205_0017-300x199.jpg 300w, https:\/\/kollektiv-radix.at\/wp-content\/uploads\/2020\/12\/20190205_0017-768x510.jpg 768w, https:\/\/kollektiv-radix.at\/wp-content\/uploads\/2020\/12\/20190205_0017-1536x1019.jpg 1536w, https:\/\/kollektiv-radix.at\/wp-content\/uploads\/2020\/12\/20190205_0017-2048x1359.jpg 2048w, https:\/\/kollektiv-radix.at\/wp-content\/uploads\/2020\/12\/20190205_0017-1200x796.jpg 1200w\" sizes=\"(max-width: 1024px) 100vw, 1024px\" \/><\/figure><\/li><li class=\"blocks-gallery-item\"><figure><img decoding=\"async\" loading=\"lazy\" width=\"768\" height=\"1024\" src=\"https:\/\/kollektiv-radix.at\/wp-content\/uploads\/2020\/12\/photo5980867055353704317-768x1024.jpg\" alt=\"\" data-id=\"265\" data-link=\"https:\/\/kollektiv-radix.at\/index.php\/2019\/08\/21\/hello-world\/photo5980867055353704317\/\" class=\"wp-image-265\" srcset=\"https:\/\/kollektiv-radix.at\/wp-content\/uploads\/2020\/12\/photo5980867055353704317-768x1024.jpg 768w, https:\/\/kollektiv-radix.at\/wp-content\/uploads\/2020\/12\/photo5980867055353704317-225x300.jpg 225w, https:\/\/kollektiv-radix.at\/wp-content\/uploads\/2020\/12\/photo5980867055353704317.jpg 960w\" sizes=\"(max-width: 768px) 100vw, 768px\" \/><\/figure><\/li><li class=\"blocks-gallery-item\"><figure><img decoding=\"async\" loading=\"lazy\" width=\"1024\" height=\"683\" src=\"https:\/\/kollektiv-radix.at\/wp-content\/uploads\/2020\/12\/IMG_3716-1024x683.jpg\" alt=\"\" data-id=\"264\" data-link=\"https:\/\/kollektiv-radix.at\/index.php\/2019\/08\/21\/hello-world\/img_3716\/\" class=\"wp-image-264\" srcset=\"https:\/\/kollektiv-radix.at\/wp-content\/uploads\/2020\/12\/IMG_3716-1024x683.jpg 1024w, https:\/\/kollektiv-radix.at\/wp-content\/uploads\/2020\/12\/IMG_3716-300x200.jpg 300w, https:\/\/kollektiv-radix.at\/wp-content\/uploads\/2020\/12\/IMG_3716-768x512.jpg 768w, https:\/\/kollektiv-radix.at\/wp-content\/uploads\/2020\/12\/IMG_3716-1536x1024.jpg 1536w, https:\/\/kollektiv-radix.at\/wp-content\/uploads\/2020\/12\/IMG_3716-2048x1365.jpg 2048w, https:\/\/kollektiv-radix.at\/wp-content\/uploads\/2020\/12\/IMG_3716-1200x800.jpg 1200w\" sizes=\"(max-width: 1024px) 100vw, 1024px\" \/><\/figure><\/li><li class=\"blocks-gallery-item\"><figure><img decoding=\"async\" src=\"https:\/\/kollektiv-radix.at\/wp-content\/uploads\/2020\/12\/photo5980867055353704318-1024x768.jpg\" alt=\"\" data-id=\"266\" data-full-url=\"https:\/\/kollektiv-radix.at\/wp-content\/uploads\/2020\/12\/photo5980867055353704318.jpg\" data-link=\"https:\/\/kollektiv-radix.at\/index.php\/2019\/08\/21\/hello-world\/photo5980867055353704318\/\" class=\"wp-image-266\"\/><\/figure><\/li><\/ul><figcaption class=\"blocks-gallery-caption\">Fotos: Jonas Peisker<\/figcaption><\/figure>\n\n\n<p>Einige Medienberichte kannst Du hier nachlesen:<\/p>\n<p><!-- \/wp:paragraph --><!-- wp:paragraph --><\/p>\n<p><a href=\"https:\/\/mosaik-blog.at\/ausstellung-umwelt-kapitalismus-oekologie\/\">Mosaik-Blog<\/a><\/p>\n<p><!-- \/wp:paragraph --><!-- wp:paragraph --><\/p>\n<p><a href=\"https:\/\/www.biorama.eu\/berliner-ausstellung-endlich-wachstum-in-wien\/\">Biorama-Blog<\/a><\/p>\n<p><!-- \/wp:paragraph --><!-- wp:paragraph --><\/p>\n<p><a href=\"https:\/\/gschichtldruckerei.com\/2019\/02\/07\/gruenes-wachstum-wird-nicht-moeglich-sein\/\">Gschichtldruckerei<\/a><\/p>\n<p><!-- \/wp:paragraph --><!-- wp:paragraph --><\/p>\n<p><a href=\"https:\/\/cba.fro.at\/396216?fbclid=IwAR2Fvb2w3UCQlj6SC4Ayu5EBPuXGSW8LnC-FmCLUnQ_OX2aoLoqPPcdvbpA\">Radio Orange<\/a><\/p>\n<p><!-- \/wp:paragraph --><!-- wp:paragraph --><\/p>\n<p><a href=\"https:\/\/www.pfz.at\/themen\/sozial-oekologische-transformationen\/endlich-wachstum-eine-ausstellung-zu-besuch-in-wien\/\">Paolo Freire Zentrum<\/a><\/p>","protected":false},"excerpt":{"rendered":"<p>Hier unser R\u00fcckblick zur Wanderausstellung &#8222;Endlich Wachstum&#8220;, die wir im Februar 2019 zu Gast hatten. Vom 4.-24. Februar 2019 bot die Ausstellung \u201eEndlich Wachstum\u201c im Albert-Schweitzer-Haus einen Raum f\u00fcr kritischen Austausch \u00fcber Wirtschaftswachstum, seine Grenzen und Alternativen. Konzipiert vom Berliner Fairbindungs-Kollektiv wandert die Ausstellung seit 2017 durch verschiedene deutschsprachige St\u00e4dte und erm\u00f6glicht die Auseinandersetzung mit zentralen Themen der Postwachstums-Debatte. Neben<\/p>\n<p><a class=\"more-link\" href=\"https:\/\/kollektiv-radix.at\/index.php\/ausstellung-endlich-wachstum\/\">Weiterlesen<\/a><\/p>\n","protected":false},"author":1,"featured_media":0,"parent":0,"menu_order":0,"comment_status":"closed","ping_status":"closed","template":"","meta":[],"yoast_head":"<!-- This site is optimized with the Yoast SEO plugin v15.3 - https:\/\/yoast.com\/wordpress\/plugins\/seo\/ -->\n<title>Wanderausstellung &quot;Endlich Wachstum&quot; - radix<\/title>\n<meta name=\"robots\" content=\"index, follow, max-snippet:-1, max-image-preview:large, max-video-preview:-1\" \/>\n<link rel=\"canonical\" href=\"https:\/\/kollektiv-radix.at\/index.php\/ausstellung-endlich-wachstum\/\" \/>\n<meta property=\"og:locale\" content=\"de_DE\" \/>\n<meta property=\"og:type\" content=\"article\" \/>\n<meta property=\"og:title\" content=\"Wanderausstellung &quot;Endlich Wachstum&quot; - radix\" \/>\n<meta property=\"og:description\" content=\"Hier unser R\u00fcckblick zur Wanderausstellung &#8222;Endlich Wachstum&#8220;, die wir im Februar 2019 zu Gast hatten. Vom 4.-24. Februar 2019 bot die Ausstellung \u201eEndlich Wachstum\u201c im Albert-Schweitzer-Haus einen Raum f\u00fcr kritischen Austausch \u00fcber Wirtschaftswachstum, seine Grenzen und Alternativen. Konzipiert vom Berliner Fairbindungs-Kollektiv wandert die Ausstellung seit 2017 durch verschiedene deutschsprachige St\u00e4dte und erm\u00f6glicht die Auseinandersetzung mit zentralen Themen der Postwachstums-Debatte. NebenWeiterlesen\" \/>\n<meta property=\"og:url\" content=\"https:\/\/kollektiv-radix.at\/index.php\/ausstellung-endlich-wachstum\/\" \/>\n<meta property=\"og:site_name\" content=\"radix\" \/>\n<meta property=\"article:modified_time\" content=\"2021-01-26T15:18:05+00:00\" \/>\n<meta property=\"og:image\" content=\"https:\/\/kollektiv-radix.at\/wp-content\/uploads\/2020\/12\/2254059-1024x768.jpg\" \/>\n<meta name=\"twitter:card\" content=\"summary_large_image\" \/>\n<meta name=\"twitter:label1\" content=\"Verfasst von\">\n\t<meta name=\"twitter:data1\" content=\"admin\">\n\t<meta name=\"twitter:label2\" content=\"Gesch\u00e4tzte Lesezeit\">\n\t<meta name=\"twitter:data2\" content=\"1\u00a0Minute\">\n<script type=\"application\/ld+json\" class=\"yoast-schema-graph\">{\"@context\":\"https:\/\/schema.org\",\"@graph\":[{\"@type\":\"WebSite\",\"@id\":\"https:\/\/kollektiv-radix.at\/#website\",\"url\":\"https:\/\/kollektiv-radix.at\/\",\"name\":\"radix\",\"description\":\"Kollektiv f\\u00fcr transformative Bildung\",\"potentialAction\":[{\"@type\":\"SearchAction\",\"target\":\"https:\/\/kollektiv-radix.at\/?s={search_term_string}\",\"query-input\":\"required name=search_term_string\"}],\"inLanguage\":\"de\"},{\"@type\":\"ImageObject\",\"@id\":\"https:\/\/kollektiv-radix.at\/index.php\/ausstellung-endlich-wachstum\/#primaryimage\",\"inLanguage\":\"de\",\"url\":\"https:\/\/kollektiv-radix.at\/wp-content\/uploads\/2020\/12\/2254059-1024x768.jpg\"},{\"@type\":\"WebPage\",\"@id\":\"https:\/\/kollektiv-radix.at\/index.php\/ausstellung-endlich-wachstum\/#webpage\",\"url\":\"https:\/\/kollektiv-radix.at\/index.php\/ausstellung-endlich-wachstum\/\",\"name\":\"Wanderausstellung \\\"Endlich Wachstum\\\" - radix\",\"isPartOf\":{\"@id\":\"https:\/\/kollektiv-radix.at\/#website\"},\"primaryImageOfPage\":{\"@id\":\"https:\/\/kollektiv-radix.at\/index.php\/ausstellung-endlich-wachstum\/#primaryimage\"},\"datePublished\":\"2019-08-21T10:06:44+00:00\",\"dateModified\":\"2021-01-26T15:18:05+00:00\",\"inLanguage\":\"de\",\"potentialAction\":[{\"@type\":\"ReadAction\",\"target\":[\"https:\/\/kollektiv-radix.at\/index.php\/ausstellung-endlich-wachstum\/\"]}]}]}<\/script>\n<!-- \/ Yoast SEO plugin. -->","_links":{"self":[{"href":"https:\/\/kollektiv-radix.at\/index.php\/wp-json\/wp\/v2\/pages\/1"}],"collection":[{"href":"https:\/\/kollektiv-radix.at\/index.php\/wp-json\/wp\/v2\/pages"}],"about":[{"href":"https:\/\/kollektiv-radix.at\/index.php\/wp-json\/wp\/v2\/types\/page"}],"author":[{"embeddable":true,"href":"https:\/\/kollektiv-radix.at\/index.php\/wp-json\/wp\/v2\/users\/1"}],"replies":[{"embeddable":true,"href":"https:\/\/kollektiv-radix.at\/index.php\/wp-json\/wp\/v2\/comments?post=1"}],"version-history":[{"count":6,"href":"https:\/\/kollektiv-radix.at\/index.php\/wp-json\/wp\/v2\/pages\/1\/revisions"}],"predecessor-version":[{"id":555,"href":"https:\/\/kollektiv-radix.at\/index.php\/wp-json\/wp\/v2\/pages\/1\/revisions\/555"}],"wp:attachment":[{"href":"https:\/\/kollektiv-radix.at\/index.php\/wp-json\/wp\/v2\/media?parent=1"}],"curies":[{"name":"wp","href":"https:\/\/api.w.org\/{rel}","templated":true}]}}