{"id":1138,"date":"2023-11-06T15:47:22","date_gmt":"2023-11-06T15:47:22","guid":{"rendered":"https:\/\/kollektiv-radix.at\/?page_id=1138"},"modified":"2024-06-04T15:31:09","modified_gmt":"2024-06-04T15:31:09","slug":"klima-und-klassismus","status":"publish","type":"page","link":"https:\/\/kollektiv-radix.at\/index.php\/klima-und-klassismus\/","title":{"rendered":"Klima und Klassismus"},"content":{"rendered":"\t\t<div data-elementor-type=\"wp-page\" data-elementor-id=\"1138\" class=\"elementor elementor-1138\" data-elementor-settings=\"[]\">\n\t\t\t\t\t\t<div class=\"elementor-inner\">\n\t\t\t\t\t\t\t<div class=\"elementor-section-wrap\">\n\t\t\t\t\t\t\t<section class=\"elementor-section elementor-top-section elementor-element elementor-element-4dde13e elementor-section-boxed elementor-section-height-default elementor-section-height-default\" data-id=\"4dde13e\" data-element_type=\"section\">\n\t\t\t\t\t\t<div class=\"elementor-container elementor-column-gap-default\">\n\t\t\t\t\t\t\t<div class=\"elementor-row\">\n\t\t\t\t\t<div class=\"elementor-column elementor-col-100 elementor-top-column elementor-element elementor-element-0016ed3\" data-id=\"0016ed3\" data-element_type=\"column\">\n\t\t\t<div class=\"elementor-column-wrap elementor-element-populated\">\n\t\t\t\t\t\t\t<div class=\"elementor-widget-wrap\">\n\t\t\t\t\t\t<section class=\"elementor-section elementor-inner-section elementor-element elementor-element-bbc585d elementor-section-boxed elementor-section-height-default elementor-section-height-default\" data-id=\"bbc585d\" data-element_type=\"section\">\n\t\t\t\t\t\t<div class=\"elementor-container elementor-column-gap-default\">\n\t\t\t\t\t\t\t<div class=\"elementor-row\">\n\t\t\t\t\t<div class=\"elementor-column elementor-col-50 elementor-inner-column elementor-element elementor-element-28267d3\" data-id=\"28267d3\" data-element_type=\"column\">\n\t\t\t<div class=\"elementor-column-wrap elementor-element-populated\">\n\t\t\t\t\t\t\t<div class=\"elementor-widget-wrap\">\n\t\t\t\t\t\t<div class=\"elementor-element elementor-element-70bebda elementor-widget elementor-widget-text-editor\" data-id=\"70bebda\" data-element_type=\"widget\" data-widget_type=\"text-editor.default\">\n\t\t\t\t<div class=\"elementor-widget-container\">\n\t\t\t\t\t<div class=\"elementor-text-editor elementor-clearfix\"><div style=\"flex-basis: 50%;\"><p><strong><mark style=\"background-color: rgba(0, 0, 0, 0);\">W\u00e4hrend soziale Ungleichheit in unserer Gesellschaft w\u00e4chst und durch die Klima- und Umweltkrise versch\u00e4rft wird, fehlt es immer noch an R\u00e4umen, sich \u00fcber die Zusammenh\u00e4nge Klima und Klasse auszutauschen.<\/mark><\/strong> Nur wenig BIldungsarbeit findet bislang zu den Zusammenh\u00e4ngen von Klima und Klasse statt. Und in der Klimabewegung wird das Thema noch nicht oft genug behandelt. Die Stimmen von Menschen mit geringerem Einkommen oder ohne akademische Bildung werden wenig geh\u00f6rt, obwohl sie am st\u00e4rksten von der Klima- und Umweltkrise betroffen sind.<\/p><p><strong><mark style=\"background-color: rgba(0, 0, 0, 0);\">Unser Projekt \u201cClimate of Solidarity:<\/mark><\/strong> In Zusammenarbeit mit dem Kollektiv Bildung f\u00fcr utopischen Wandel aus Deutschland werden wir uns 2023 und 2024 weiter mit dem Thema Klima und Klassismus besch\u00e4ftigen. Das Projekt wird von der Europ\u00e4ischen Kommission im Rahmen von Erasmus+ gef\u00f6rdert.<\/p><\/div><p>\u00a0<\/p><\/div>\n\t\t\t\t<\/div>\n\t\t\t\t<\/div>\n\t\t\t\t\t\t<\/div>\n\t\t\t\t\t<\/div>\n\t\t<\/div>\n\t\t\t\t<div class=\"elementor-column elementor-col-50 elementor-inner-column elementor-element elementor-element-8d87026\" data-id=\"8d87026\" data-element_type=\"column\">\n\t\t\t<div class=\"elementor-column-wrap elementor-element-populated\">\n\t\t\t\t\t\t\t<div class=\"elementor-widget-wrap\">\n\t\t\t\t\t\t<div class=\"elementor-element elementor-element-917dd03 elementor-widget elementor-widget-text-editor\" data-id=\"917dd03\" data-element_type=\"widget\" data-widget_type=\"text-editor.default\">\n\t\t\t\t<div class=\"elementor-widget-container\">\n\t\t\t\t\t<div class=\"elementor-text-editor elementor-clearfix\"><p><strong><mark style=\"background-color: rgba(0, 0, 0, 0);\">Was ist geplant?<\/mark><\/strong> Im September 2023 werden wir ein Empowerment-Training f\u00fcr von Klassismus betroffene junge Menschen organisieren und 2024 dann ein Training f\u00fcr Menschen in der Bildungsarbeit zu den Methoden und Ans\u00e4tzen, die wir im Rahmen unserer Besch\u00e4ftigung mit dem Thema erarbeitet haben. Unsere Bildungsmethoden werden wir dann auch in einem Handbuch ver\u00f6ffentlichen.<\/p><p><strong><mark style=\"background-color: rgba(0, 0, 0, 0);\">Interesse an einem Workshop zu Klima und Klassismus?<\/mark><\/strong> Wir werden auch weiterhin einzelne Workshops zu dem Thema anbieten. Fragt uns gerne an, wenn ihr Interesse habt, uns zu eurer Klima-Umwelt oder sonstigen Gruppe einzuladen.<\/p><p>\u00a0<\/p><\/div>\n\t\t\t\t<\/div>\n\t\t\t\t<\/div>\n\t\t\t\t\t\t<\/div>\n\t\t\t\t\t<\/div>\n\t\t<\/div>\n\t\t\t\t\t\t\t\t<\/div>\n\t\t\t\t\t<\/div>\n\t\t<\/section>\n\t\t\t\t\t\t<\/div>\n\t\t\t\t\t<\/div>\n\t\t<\/div>\n\t\t\t\t\t\t\t\t<\/div>\n\t\t\t\t\t<\/div>\n\t\t<\/section>\n\t\t\t\t<section class=\"elementor-section elementor-top-section elementor-element elementor-element-3a5079e elementor-section-boxed elementor-section-height-default elementor-section-height-default\" data-id=\"3a5079e\" data-element_type=\"section\">\n\t\t\t\t\t\t<div class=\"elementor-container elementor-column-gap-default\">\n\t\t\t\t\t\t\t<div class=\"elementor-row\">\n\t\t\t\t\t<div class=\"elementor-column elementor-col-50 elementor-top-column elementor-element elementor-element-4920048\" data-id=\"4920048\" data-element_type=\"column\">\n\t\t\t<div class=\"elementor-column-wrap elementor-element-populated\">\n\t\t\t\t\t\t\t<div class=\"elementor-widget-wrap\">\n\t\t\t\t\t\t<div class=\"elementor-element elementor-element-04c248a elementor-widget elementor-widget-image\" data-id=\"04c248a\" data-element_type=\"widget\" data-widget_type=\"image.default\">\n\t\t\t\t<div class=\"elementor-widget-container\">\n\t\t\t\t\t<div class=\"elementor-image\">\n\t\t\t\t\t\t\t<figure class=\"wp-caption\">\n\t\t\t\t\t\t\t\t\t\t\t<a href=\"https:\/\/kollektiv-radix.at\/index.php\/seminar-klasse-macht-klima\/\">\n\t\t\t\t\t\t\t<img width=\"266\" height=\"300\" src=\"https:\/\/kollektiv-radix.at\/wp-content\/uploads\/2023\/05\/photo_6015095689844997247_y-266x300.jpg\" class=\"attachment-medium size-medium\" alt=\"Das war unser Seminar Klasse.Macht.Klima\" decoding=\"async\" loading=\"lazy\" srcset=\"https:\/\/kollektiv-radix.at\/wp-content\/uploads\/2023\/05\/photo_6015095689844997247_y-266x300.jpg 266w, https:\/\/kollektiv-radix.at\/wp-content\/uploads\/2023\/05\/photo_6015095689844997247_y-910x1024.jpg 910w, https:\/\/kollektiv-radix.at\/wp-content\/uploads\/2023\/05\/photo_6015095689844997247_y-768x865.jpg 768w, https:\/\/kollektiv-radix.at\/wp-content\/uploads\/2023\/05\/photo_6015095689844997247_y-800x901.jpg 800w, https:\/\/kollektiv-radix.at\/wp-content\/uploads\/2023\/05\/photo_6015095689844997247_y.jpg 1137w\" sizes=\"(max-width: 266px) 100vw, 266px\" \/>\t\t\t\t\t\t\t\t<\/a>\n\t\t\t\t\t\t\t\t\t\t\t<figcaption class=\"widget-image-caption wp-caption-text\"> Infos zum Empowerment Seminar September 2023<\/figcaption>\n\t\t\t\t\t\t\t\t\t\t<\/figure>\n\t\t\t\t\t<\/div>\n\t\t\t\t<\/div>\n\t\t\t\t<\/div>\n\t\t\t\t\t\t<\/div>\n\t\t\t\t\t<\/div>\n\t\t<\/div>\n\t\t\t\t<div class=\"elementor-column elementor-col-50 elementor-top-column elementor-element elementor-element-00dc8be\" data-id=\"00dc8be\" data-element_type=\"column\">\n\t\t\t<div class=\"elementor-column-wrap elementor-element-populated\">\n\t\t\t\t\t\t\t<div class=\"elementor-widget-wrap\">\n\t\t\t\t\t\t<div class=\"elementor-element elementor-element-667229d elementor-widget elementor-widget-image\" data-id=\"667229d\" data-element_type=\"widget\" data-widget_type=\"image.default\">\n\t\t\t\t<div class=\"elementor-widget-container\">\n\t\t\t\t\t<div class=\"elementor-image\">\n\t\t\t\t\t\t\t<figure class=\"wp-caption\">\n\t\t\t\t\t\t\t\t\t\t\t<a href=\"https:\/\/kollektiv-radix.at\/index.php\/seminar-klima-der-solidaritaet-april-2024\/\">\n\t\t\t\t\t\t\t<img width=\"300\" height=\"297\" src=\"https:\/\/kollektiv-radix.at\/wp-content\/uploads\/2024\/01\/sharepic3-e1706521828207-300x297.png\" class=\"attachment-medium size-medium\" alt=\"\" decoding=\"async\" loading=\"lazy\" srcset=\"https:\/\/kollektiv-radix.at\/wp-content\/uploads\/2024\/01\/sharepic3-e1706521828207-300x297.png 300w, https:\/\/kollektiv-radix.at\/wp-content\/uploads\/2024\/01\/sharepic3-e1706521828207-1024x1014.png 1024w, https:\/\/kollektiv-radix.at\/wp-content\/uploads\/2024\/01\/sharepic3-e1706521828207-150x150.png 150w, https:\/\/kollektiv-radix.at\/wp-content\/uploads\/2024\/01\/sharepic3-e1706521828207-768x760.png 768w, https:\/\/kollektiv-radix.at\/wp-content\/uploads\/2024\/01\/sharepic3-e1706521828207-800x792.png 800w, https:\/\/kollektiv-radix.at\/wp-content\/uploads\/2024\/01\/sharepic3-e1706521828207.png 1083w\" sizes=\"(max-width: 300px) 100vw, 300px\" \/>\t\t\t\t\t\t\t\t<\/a>\n\t\t\t\t\t\t\t\t\t\t\t<figcaption class=\"widget-image-caption wp-caption-text\">Infos zum Multiplikator*innen Seminar April 2024<\/figcaption>\n\t\t\t\t\t\t\t\t\t\t<\/figure>\n\t\t\t\t\t<\/div>\n\t\t\t\t<\/div>\n\t\t\t\t<\/div>\n\t\t\t\t\t\t<\/div>\n\t\t\t\t\t<\/div>\n\t\t<\/div>\n\t\t\t\t\t\t\t\t<\/div>\n\t\t\t\t\t<\/div>\n\t\t<\/section>\n\t\t\t\t<section class=\"elementor-section elementor-top-section elementor-element elementor-element-09315f6 elementor-section-boxed elementor-section-height-default elementor-section-height-default\" data-id=\"09315f6\" data-element_type=\"section\">\n\t\t\t\t\t\t<div class=\"elementor-container elementor-column-gap-default\">\n\t\t\t\t\t\t\t<div class=\"elementor-row\">\n\t\t\t\t\t<div class=\"elementor-column elementor-col-100 elementor-top-column elementor-element elementor-element-5d289db\" data-id=\"5d289db\" data-element_type=\"column\">\n\t\t\t<div class=\"elementor-column-wrap\">\n\t\t\t\t\t\t\t<div class=\"elementor-widget-wrap\">\n\t\t\t\t\t\t\t\t<\/div>\n\t\t\t\t\t<\/div>\n\t\t<\/div>\n\t\t\t\t\t\t\t\t<\/div>\n\t\t\t\t\t<\/div>\n\t\t<\/section>\n\t\t\t\t<section class=\"elementor-section elementor-top-section elementor-element elementor-element-88cba53 elementor-section-boxed elementor-section-height-default elementor-section-height-default\" data-id=\"88cba53\" data-element_type=\"section\">\n\t\t\t\t\t\t<div class=\"elementor-container elementor-column-gap-default\">\n\t\t\t\t\t\t\t<div class=\"elementor-row\">\n\t\t\t\t\t<div class=\"elementor-column elementor-col-50 elementor-top-column elementor-element elementor-element-2255b31\" data-id=\"2255b31\" data-element_type=\"column\">\n\t\t\t<div class=\"elementor-column-wrap elementor-element-populated\">\n\t\t\t\t\t\t\t<div class=\"elementor-widget-wrap\">\n\t\t\t\t\t\t<div class=\"elementor-element elementor-element-9567ade elementor-widget elementor-widget-image\" data-id=\"9567ade\" data-element_type=\"widget\" data-widget_type=\"image.default\">\n\t\t\t\t<div class=\"elementor-widget-container\">\n\t\t\t\t\t<div class=\"elementor-image\">\n\t\t\t\t\t\t\t\t\t\t<img width=\"1024\" height=\"545\" src=\"https:\/\/kollektiv-radix.at\/wp-content\/uploads\/2023\/05\/BuWa_Logo-1024x545.png\" class=\"attachment-large size-large\" alt=\"\" decoding=\"async\" loading=\"lazy\" srcset=\"https:\/\/kollektiv-radix.at\/wp-content\/uploads\/2023\/05\/BuWa_Logo-1024x545.png 1024w, https:\/\/kollektiv-radix.at\/wp-content\/uploads\/2023\/05\/BuWa_Logo-300x160.png 300w, https:\/\/kollektiv-radix.at\/wp-content\/uploads\/2023\/05\/BuWa_Logo-768x409.png 768w, https:\/\/kollektiv-radix.at\/wp-content\/uploads\/2023\/05\/BuWa_Logo-800x426.png 800w, https:\/\/kollektiv-radix.at\/wp-content\/uploads\/2023\/05\/BuWa_Logo.png 1536w\" sizes=\"(max-width: 1024px) 100vw, 1024px\" \/>\t\t\t\t\t\t\t\t\t\t\t<\/div>\n\t\t\t\t<\/div>\n\t\t\t\t<\/div>\n\t\t\t\t\t\t<\/div>\n\t\t\t\t\t<\/div>\n\t\t<\/div>\n\t\t\t\t<div class=\"elementor-column elementor-col-50 elementor-top-column elementor-element elementor-element-c01387c\" data-id=\"c01387c\" data-element_type=\"column\">\n\t\t\t<div class=\"elementor-column-wrap elementor-element-populated\">\n\t\t\t\t\t\t\t<div class=\"elementor-widget-wrap\">\n\t\t\t\t\t\t<div class=\"elementor-element elementor-element-32c06a8 elementor-widget elementor-widget-image\" data-id=\"32c06a8\" data-element_type=\"widget\" data-widget_type=\"image.default\">\n\t\t\t\t<div class=\"elementor-widget-container\">\n\t\t\t\t\t<div class=\"elementor-image\">\n\t\t\t\t\t\t\t\t\t\t<img width=\"1024\" height=\"215\" src=\"https:\/\/kollektiv-radix.at\/wp-content\/uploads\/2022\/05\/DE-Kofinanziert-von-der-Europaeischen-Union_POS-1024x215.jpg\" class=\"attachment-large size-large\" alt=\"\" decoding=\"async\" loading=\"lazy\" srcset=\"https:\/\/kollektiv-radix.at\/wp-content\/uploads\/2022\/05\/DE-Kofinanziert-von-der-Europaeischen-Union_POS-1024x215.jpg 1024w, https:\/\/kollektiv-radix.at\/wp-content\/uploads\/2022\/05\/DE-Kofinanziert-von-der-Europaeischen-Union_POS-300x63.jpg 300w, https:\/\/kollektiv-radix.at\/wp-content\/uploads\/2022\/05\/DE-Kofinanziert-von-der-Europaeischen-Union_POS-768x161.jpg 768w, https:\/\/kollektiv-radix.at\/wp-content\/uploads\/2022\/05\/DE-Kofinanziert-von-der-Europaeischen-Union_POS-1536x322.jpg 1536w, https:\/\/kollektiv-radix.at\/wp-content\/uploads\/2022\/05\/DE-Kofinanziert-von-der-Europaeischen-Union_POS-2048x430.jpg 2048w, https:\/\/kollektiv-radix.at\/wp-content\/uploads\/2022\/05\/DE-Kofinanziert-von-der-Europaeischen-Union_POS-800x168.jpg 800w\" sizes=\"(max-width: 1024px) 100vw, 1024px\" \/>\t\t\t\t\t\t\t\t\t\t\t<\/div>\n\t\t\t\t<\/div>\n\t\t\t\t<\/div>\n\t\t\t\t\t\t<\/div>\n\t\t\t\t\t<\/div>\n\t\t<\/div>\n\t\t\t\t\t\t\t\t<\/div>\n\t\t\t\t\t<\/div>\n\t\t<\/section>\n\t\t\t\t\t\t<\/div>\n\t\t\t\t\t\t<\/div>\n\t\t\t\t\t<\/div>\n\t\t","protected":false},"excerpt":{"rendered":"<p>W\u00e4hrend soziale Ungleichheit in unserer Gesellschaft w\u00e4chst und durch die Klima- und Umweltkrise versch\u00e4rft wird, fehlt es immer noch an R\u00e4umen, sich \u00fcber die Zusammenh\u00e4nge Klima und Klasse auszutauschen. Nur wenig BIldungsarbeit findet bislang zu den Zusammenh\u00e4ngen von Klima und Klasse statt. Und in der Klimabewegung wird das Thema noch nicht oft genug behandelt. Die Stimmen von Menschen mit geringerem<\/p>\n<p><a class=\"more-link\" href=\"https:\/\/kollektiv-radix.at\/index.php\/klima-und-klassismus\/\">Weiterlesen<\/a><\/p>\n","protected":false},"author":4,"featured_media":0,"parent":0,"menu_order":0,"comment_status":"closed","ping_status":"closed","template":"","meta":[],"yoast_head":"<!-- This site is optimized with the Yoast SEO plugin v15.3 - https:\/\/yoast.com\/wordpress\/plugins\/seo\/ -->\n<title>Klima und Klassismus - radix<\/title>\n<meta name=\"robots\" content=\"index, follow, max-snippet:-1, max-image-preview:large, max-video-preview:-1\" \/>\n<link rel=\"canonical\" href=\"https:\/\/kollektiv-radix.at\/index.php\/klima-und-klassismus\/\" \/>\n<meta property=\"og:locale\" content=\"de_DE\" \/>\n<meta property=\"og:type\" content=\"article\" \/>\n<meta property=\"og:title\" content=\"Klima und Klassismus - radix\" \/>\n<meta property=\"og:description\" content=\"W\u00e4hrend soziale Ungleichheit in unserer Gesellschaft w\u00e4chst und durch die Klima- und Umweltkrise versch\u00e4rft wird, fehlt es immer noch an R\u00e4umen, sich \u00fcber die Zusammenh\u00e4nge Klima und Klasse auszutauschen. Nur wenig BIldungsarbeit findet bislang zu den Zusammenh\u00e4ngen von Klima und Klasse statt. Und in der Klimabewegung wird das Thema noch nicht oft genug behandelt. Die Stimmen von Menschen mit geringeremWeiterlesen\" \/>\n<meta property=\"og:url\" content=\"https:\/\/kollektiv-radix.at\/index.php\/klima-und-klassismus\/\" \/>\n<meta property=\"og:site_name\" content=\"radix\" \/>\n<meta property=\"article:modified_time\" content=\"2024-06-04T15:31:09+00:00\" \/>\n<meta property=\"og:image\" content=\"https:\/\/kollektiv-radix.at\/wp-content\/uploads\/2023\/05\/photo_6015095689844997247_y-266x300.jpg\" \/>\n<meta name=\"twitter:card\" content=\"summary_large_image\" \/>\n<meta name=\"twitter:label1\" content=\"Verfasst von\">\n\t<meta name=\"twitter:data1\" content=\"Sven\">\n\t<meta name=\"twitter:label2\" content=\"Gesch\u00e4tzte Lesezeit\">\n\t<meta name=\"twitter:data2\" content=\"1\u00a0Minute\">\n<script type=\"application\/ld+json\" class=\"yoast-schema-graph\">{\"@context\":\"https:\/\/schema.org\",\"@graph\":[{\"@type\":\"WebSite\",\"@id\":\"https:\/\/kollektiv-radix.at\/#website\",\"url\":\"https:\/\/kollektiv-radix.at\/\",\"name\":\"radix\",\"description\":\"Kollektiv f\\u00fcr transformative Bildung\",\"potentialAction\":[{\"@type\":\"SearchAction\",\"target\":\"https:\/\/kollektiv-radix.at\/?s={search_term_string}\",\"query-input\":\"required name=search_term_string\"}],\"inLanguage\":\"de\"},{\"@type\":\"ImageObject\",\"@id\":\"https:\/\/kollektiv-radix.at\/index.php\/klima-und-klassismus\/#primaryimage\",\"inLanguage\":\"de\",\"url\":\"https:\/\/kollektiv-radix.at\/wp-content\/uploads\/2023\/05\/photo_6015095689844997247_y.jpg\",\"width\":1137,\"height\":1280,\"caption\":\"Das war unser Seminar Klasse.Macht.Klima\"},{\"@type\":\"WebPage\",\"@id\":\"https:\/\/kollektiv-radix.at\/index.php\/klima-und-klassismus\/#webpage\",\"url\":\"https:\/\/kollektiv-radix.at\/index.php\/klima-und-klassismus\/\",\"name\":\"Klima und Klassismus - radix\",\"isPartOf\":{\"@id\":\"https:\/\/kollektiv-radix.at\/#website\"},\"primaryImageOfPage\":{\"@id\":\"https:\/\/kollektiv-radix.at\/index.php\/klima-und-klassismus\/#primaryimage\"},\"datePublished\":\"2023-11-06T15:47:22+00:00\",\"dateModified\":\"2024-06-04T15:31:09+00:00\",\"inLanguage\":\"de\",\"potentialAction\":[{\"@type\":\"ReadAction\",\"target\":[\"https:\/\/kollektiv-radix.at\/index.php\/klima-und-klassismus\/\"]}]}]}<\/script>\n<!-- \/ Yoast SEO plugin. -->","_links":{"self":[{"href":"https:\/\/kollektiv-radix.at\/index.php\/wp-json\/wp\/v2\/pages\/1138"}],"collection":[{"href":"https:\/\/kollektiv-radix.at\/index.php\/wp-json\/wp\/v2\/pages"}],"about":[{"href":"https:\/\/kollektiv-radix.at\/index.php\/wp-json\/wp\/v2\/types\/page"}],"author":[{"embeddable":true,"href":"https:\/\/kollektiv-radix.at\/index.php\/wp-json\/wp\/v2\/users\/4"}],"replies":[{"embeddable":true,"href":"https:\/\/kollektiv-radix.at\/index.php\/wp-json\/wp\/v2\/comments?post=1138"}],"version-history":[{"count":10,"href":"https:\/\/kollektiv-radix.at\/index.php\/wp-json\/wp\/v2\/pages\/1138\/revisions"}],"predecessor-version":[{"id":1403,"href":"https:\/\/kollektiv-radix.at\/index.php\/wp-json\/wp\/v2\/pages\/1138\/revisions\/1403"}],"wp:attachment":[{"href":"https:\/\/kollektiv-radix.at\/index.php\/wp-json\/wp\/v2\/media?parent=1138"}],"curies":[{"name":"wp","href":"https:\/\/api.w.org\/{rel}","templated":true}]}}