{"id":1148,"date":"2023-11-15T11:12:42","date_gmt":"2023-11-15T11:12:42","guid":{"rendered":"https:\/\/kollektiv-radix.at\/?page_id=1148"},"modified":"2025-06-20T12:08:58","modified_gmt":"2025-06-20T12:08:58","slug":"ver_antworten","status":"publish","type":"page","link":"https:\/\/kollektiv-radix.at\/index.php\/ver_antworten\/","title":{"rendered":"Ver_Antworten! M\u00e4nnliche Verantwortungs\u00fcbernahme und aktive Solidarit\u00e4t konkret"},"content":{"rendered":"\t\t<div data-elementor-type=\"wp-page\" data-elementor-id=\"1148\" class=\"elementor elementor-1148\" data-elementor-settings=\"[]\">\n\t\t\t\t\t\t<div class=\"elementor-inner\">\n\t\t\t\t\t\t\t<div class=\"elementor-section-wrap\">\n\t\t\t\t\t\t\t<section class=\"elementor-section elementor-top-section elementor-element elementor-element-6faaf15 elementor-section-boxed elementor-section-height-default elementor-section-height-default\" data-id=\"6faaf15\" data-element_type=\"section\">\n\t\t\t\t\t\t<div class=\"elementor-container elementor-column-gap-default\">\n\t\t\t\t\t\t\t<div class=\"elementor-row\">\n\t\t\t\t\t<div class=\"elementor-column elementor-col-100 elementor-top-column elementor-element elementor-element-9e41df0\" data-id=\"9e41df0\" data-element_type=\"column\">\n\t\t\t<div class=\"elementor-column-wrap elementor-element-populated\">\n\t\t\t\t\t\t\t<div class=\"elementor-widget-wrap\">\n\t\t\t\t\t\t<div class=\"elementor-element elementor-element-7e2988a elementor-widget elementor-widget-heading\" data-id=\"7e2988a\" data-element_type=\"widget\" data-widget_type=\"heading.default\">\n\t\t\t\t<div class=\"elementor-widget-container\">\n\t\t\t<h2 class=\"elementor-heading-title elementor-size-default\">Ver_Antworten! M\u00e4nnliche Verantwortungs\u00fcbernahme &amp; aktive Solidarit\u00e4t konkret <br>2 teiliger Workshop am 09. und 14. Juli 2025 in Wien<\/h2>\t\t<\/div>\n\t\t\t\t<\/div>\n\t\t\t\t\t\t<\/div>\n\t\t\t\t\t<\/div>\n\t\t<\/div>\n\t\t\t\t\t\t\t\t<\/div>\n\t\t\t\t\t<\/div>\n\t\t<\/section>\n\t\t\t\t<section class=\"elementor-section elementor-top-section elementor-element elementor-element-7c8bae3 elementor-section-boxed elementor-section-height-default elementor-section-height-default\" data-id=\"7c8bae3\" data-element_type=\"section\">\n\t\t\t\t\t\t<div class=\"elementor-container elementor-column-gap-default\">\n\t\t\t\t\t\t\t<div class=\"elementor-row\">\n\t\t\t\t\t<div class=\"elementor-column elementor-col-100 elementor-top-column elementor-element elementor-element-2215c17\" data-id=\"2215c17\" data-element_type=\"column\">\n\t\t\t<div class=\"elementor-column-wrap elementor-element-populated\">\n\t\t\t\t\t\t\t<div class=\"elementor-widget-wrap\">\n\t\t\t\t\t\t<div class=\"elementor-element elementor-element-c40dbc9 elementor-widget elementor-widget-text-editor\" data-id=\"c40dbc9\" data-element_type=\"widget\" data-widget_type=\"text-editor.default\">\n\t\t\t\t<div class=\"elementor-widget-container\">\n\t\t\t\t\t<div class=\"elementor-text-editor elementor-clearfix\"><p><strong>Warum?<\/strong><br>(Insbesondere Cis-)M\u00e4nner, die sich auf den Weg machen, ihre eigenen Sexismen und Privilegien im Patriarchat zu verstehen und anders zu handeln werden mit ihrem eigenen Scheitern in Kontakt kommen. Zwischen (immer unvollst\u00e4ndigem) Bewusstsein und Handeln klafft oftmals ein Graben tief verinnerlichter Muster und sexistischer Strukturen, was zu recht Frustration, Wut und Vertrauensverlust bei Sexismus-Betroffenen aufwirft. Trotz bekundeter pro-feministischer Werte wiederholen sich fehlende Care-Arbeit, Machtkonzentration, dominantes Verhalten, verschiedene Formen von Gewalt, Abwehrhaltungen, Boys Club Komplizenschaft uvm.<\/p>\n<p>In einem zweiteiligen Workshop erkennen wir diese L\u00fccke an und sprechen dar\u00fcber, wie (cis-)M\u00e4nner gemeinsam Verantwortung \u00fcbernehmen k\u00f6nnen f\u00fcr ihre Lernprozesse, Fehler und deren Konsequenzen, ohne diese zu verharmlosen. Auf Basis dieser Verantwortungspraxis (engl. \u201eaccountability\u201c) fragen wir, was aktives solidarisches Handeln im eigenen Umfeld bedeuten kann und fixieren gemeinsam konkrete n\u00e4chste Schritte im eigenen Leben.<\/p>\n<p><strong>Was?<br><\/strong>Teil 1 am Mittwoch den 09.07.25 \u2013 M\u00e4nnliche Verantwortungs\u00fcbernahme \u2013 was kann das bedeuten?<br>\u00dcber Haltung, Hindernisse und Erfahrungen mit m\u00e4nnlicher Verantwortungs\u00fcbernahme. Mit \u00dcbungen aus Arbeit mit Cis-M\u00e4nnern.<\/p>\n<p>Teil 2 am Montag den 14.07.25&nbsp; \u2013 Aktive Solidarit\u00e4t: konkrete Praxis f\u00fcr das eigene Leben und Umfeld entwickeln und angehen<\/p>\n<p><strong>F\u00fcr wen?<\/strong><br>Die Workshops richten sich an (insbesondere cis-)M\u00e4nner und sind zugleich offen f\u00fcr alle Gender, die ihre Perspektiven auf Verantwortung und Solidarit\u00e4t einbringen wollen. Entscheide selbst, ob das grad ein Space f\u00fcr dich ist und frage im Zweifel gern nach. Voraussetzung f\u00fcr die Teilnahme ist f\u00fcr uns ein grundlegendes Bewusstsein \u00fcber Sexismus und m\u00e4nnliche* Privilegien und die Bereitschaft zur aktiven Auseinandersetzung damit.<\/p>\n<p>Wenn du glaubst, mit dem Thema schon fertig zu sein: komm unbedingt!<\/p>\n<p>Die Workshops sind kein Space um die Aufarbeitung konkreter eigener T\u00e4terschaft bzw. ausge\u00fcbter Gewaltvorf\u00e4lle zu beginnen bzw. damit im Vordergrund zu stehen. Gleichzeitig m\u00f6chten wir eine Content-Warnung aussprechen, da verschiedene Formen von Gewalt zur Sprache kommen k\u00f6nnen.<\/p>\n<p><b>Team<br><\/b>Wir sind: Hannah (sie\/ihr), cis-weiblich, Tom (er\/ihm), cis-m\u00e4nnlich und Sven (er\/ihm), cis-m\u00e4nnlich. <br>Wir haben wei\u00dfe Privilegien, sind deutsch-Erstsprachler*innen, und haben oder hatten Zugang zu akademischer Ausbildung. Wir haben unterschiedliche Klassenherk\u00fcnfte, wirtschaftliche M\u00f6glichkeiten und leben zum Teil in prek\u00e4ren Erwerbssituationen. Einzelne von uns leben mit unsichtbaren Erkrankungen. Wir sehen uns in einem st\u00e4ndigen Lernprozess, unsere Privilegien, verinnerlichten Muster und Widerspr\u00fcche zu reflektieren und uns aktiv und solidarisch einzumischen gegen jegliche Form der Unterdr\u00fcckung.<\/p>\n<p><strong>Zeit, Ort, Anmeldung<\/strong><\/p>\n<p>1. Workshop am Mittwoch, 09.07.25 von 18-21 Uhr \u2013 Amerlinghaus, Stiftgasse 8, 1070 Wien, Raum 4<\/p>\n<p>2. Workshop am Montag, 14.07.25 von 18-21 Uhr \u2013 Amerlinghaus, Stiftgasse 8, 1070 Wien, Raum &#8222;Saal&#8220;<\/p>\n<p>Es gibt simple vegane Snacks geben.<\/p>\n<p><b>Barrieren:<\/b><br>Die R\u00e4ume im Amerlinghaus sind im Erdgeschoss, jedoch ist leider keine barrierearme Toilette vorhanden.<br>Beide Workshops werden in deutscher Lautsprache stattfinden.<\/p>\n<p><b>Kosten:<\/b> <br>&#8211; Der Workshop ist auf anonymer Spendenbasis (Box vor Ort) und eine Teilnahme ist nicht geldabh\u00e4ngig.<br>&#8211; Ihr orientiert euch bei Spenden an der &#8222;Skala&#8220; zwischen 0\u20ac &#8211; 30\u20ac pro Workshopteil. Und ja, 0\u20ac sind wirklich okay!<br>&#8211; Menschen mit h\u00f6heren Einkommen und Verm\u00f6gen bitten wir, jeweils einen h\u00f6heren Betrag zu w\u00e4hlen.<\/p>\n<p>Hintergrund: Wir zahlen uns in radix keine individuellen Honorare f\u00fcr einen einzelnen Workshop aus, sondern das Geld geht in den radix kollektiv Finanzpool, mit dem wir unsere Arbeit generell und bedarfsorientiert finanzieren. Wir leisten gro\u00dfteils ehrenamtliche Arbeit.<\/p>\n<p><u><a href=\"https:\/\/cloud.freiheitswolke.org\/apps\/forms\/s\/Q3nMJ8KdP4EoDa7zoNRHSkt8\"><b>F\u00fcr Anmeldung bis 24. Juni bitte hier klicken und ausf\u00fcllen<\/b><\/a><\/u><br>Fragen:&nbsp;<u><a href=\"mailto:seminar@kollektiv-radix.at\" rel=\"noreferrer\">seminar(at)kollektiv-radix.at<\/a><\/u><\/p>\n<p>Wir w\u00fcnschen uns die <b>Teilnahme an beiden Workshops und werden diese bei der Anmeldung priorisieren<\/b>. Teilnahme nur am ersten Teil ist m\u00f6glich, wenn Pl\u00e4tze frei bleiben.<\/p>\n<p>Im September wird es eine Widerholung der Workshopreihe geben, alle Infos werdet ihr auf der Website finden oder \u00fcber unserem Insta-Account: @kollektiv_radix. Wir freuen uns auf euch!<\/p>\n<p><\/p><\/div>\n\t\t\t\t<\/div>\n\t\t\t\t<\/div>\n\t\t\t\t\t\t<\/div>\n\t\t\t\t\t<\/div>\n\t\t<\/div>\n\t\t\t\t\t\t\t\t<\/div>\n\t\t\t\t\t<\/div>\n\t\t<\/section>\n\t\t\t\t\t\t<\/div>\n\t\t\t\t\t\t<\/div>\n\t\t\t\t\t<\/div>\n\t\t","protected":false},"excerpt":{"rendered":"<p>Ver_Antworten! M\u00e4nnliche Verantwortungs\u00fcbernahme &amp; aktive Solidarit\u00e4t konkret 2 teiliger Workshop am 09. und 14. Juli 2025 in Wien Warum?(Insbesondere Cis-)M\u00e4nner, die sich auf den Weg machen, ihre eigenen Sexismen und Privilegien im Patriarchat zu verstehen und anders zu handeln werden mit ihrem eigenen Scheitern in Kontakt kommen. Zwischen (immer unvollst\u00e4ndigem) Bewusstsein und Handeln klafft oftmals ein Graben tief verinnerlichter Muster<\/p>\n<p><a class=\"more-link\" href=\"https:\/\/kollektiv-radix.at\/index.php\/ver_antworten\/\">Weiterlesen<\/a><\/p>\n","protected":false},"author":4,"featured_media":0,"parent":0,"menu_order":0,"comment_status":"closed","ping_status":"closed","template":"","meta":[],"yoast_head":"<!-- This site is optimized with the Yoast SEO plugin v15.3 - https:\/\/yoast.com\/wordpress\/plugins\/seo\/ -->\n<title>Ver_Antworten! M\u00e4nnliche Verantwortungs\u00fcbernahme und aktive Solidarit\u00e4t konkret - radix<\/title>\n<meta name=\"robots\" content=\"index, follow, max-snippet:-1, max-image-preview:large, max-video-preview:-1\" \/>\n<link rel=\"canonical\" href=\"https:\/\/kollektiv-radix.at\/index.php\/ver_antworten\/\" \/>\n<meta property=\"og:locale\" content=\"de_DE\" \/>\n<meta property=\"og:type\" content=\"article\" \/>\n<meta property=\"og:title\" content=\"Ver_Antworten! M\u00e4nnliche Verantwortungs\u00fcbernahme und aktive Solidarit\u00e4t konkret - radix\" \/>\n<meta property=\"og:description\" content=\"Ver_Antworten! M\u00e4nnliche Verantwortungs\u00fcbernahme &amp; aktive Solidarit\u00e4t konkret 2 teiliger Workshop am 09. und 14. Juli 2025 in Wien Warum?(Insbesondere Cis-)M\u00e4nner, die sich auf den Weg machen, ihre eigenen Sexismen und Privilegien im Patriarchat zu verstehen und anders zu handeln werden mit ihrem eigenen Scheitern in Kontakt kommen. Zwischen (immer unvollst\u00e4ndigem) Bewusstsein und Handeln klafft oftmals ein Graben tief verinnerlichter MusterWeiterlesen\" \/>\n<meta property=\"og:url\" content=\"https:\/\/kollektiv-radix.at\/index.php\/ver_antworten\/\" \/>\n<meta property=\"og:site_name\" content=\"radix\" \/>\n<meta property=\"article:modified_time\" content=\"2025-06-20T12:08:58+00:00\" \/>\n<meta name=\"twitter:card\" content=\"summary_large_image\" \/>\n<meta name=\"twitter:label1\" content=\"Verfasst von\">\n\t<meta name=\"twitter:data1\" content=\"Sven\">\n\t<meta name=\"twitter:label2\" content=\"Gesch\u00e4tzte Lesezeit\">\n\t<meta name=\"twitter:data2\" content=\"3\u00a0Minuten\">\n<script type=\"application\/ld+json\" class=\"yoast-schema-graph\">{\"@context\":\"https:\/\/schema.org\",\"@graph\":[{\"@type\":\"WebSite\",\"@id\":\"https:\/\/kollektiv-radix.at\/#website\",\"url\":\"https:\/\/kollektiv-radix.at\/\",\"name\":\"radix\",\"description\":\"Kollektiv f\\u00fcr transformative Bildung\",\"potentialAction\":[{\"@type\":\"SearchAction\",\"target\":\"https:\/\/kollektiv-radix.at\/?s={search_term_string}\",\"query-input\":\"required name=search_term_string\"}],\"inLanguage\":\"de\"},{\"@type\":\"WebPage\",\"@id\":\"https:\/\/kollektiv-radix.at\/index.php\/ver_antworten\/#webpage\",\"url\":\"https:\/\/kollektiv-radix.at\/index.php\/ver_antworten\/\",\"name\":\"Ver_Antworten! M\\u00e4nnliche Verantwortungs\\u00fcbernahme und aktive Solidarit\\u00e4t konkret - radix\",\"isPartOf\":{\"@id\":\"https:\/\/kollektiv-radix.at\/#website\"},\"datePublished\":\"2023-11-15T11:12:42+00:00\",\"dateModified\":\"2025-06-20T12:08:58+00:00\",\"inLanguage\":\"de\",\"potentialAction\":[{\"@type\":\"ReadAction\",\"target\":[\"https:\/\/kollektiv-radix.at\/index.php\/ver_antworten\/\"]}]}]}<\/script>\n<!-- \/ Yoast SEO plugin. -->","_links":{"self":[{"href":"https:\/\/kollektiv-radix.at\/index.php\/wp-json\/wp\/v2\/pages\/1148"}],"collection":[{"href":"https:\/\/kollektiv-radix.at\/index.php\/wp-json\/wp\/v2\/pages"}],"about":[{"href":"https:\/\/kollektiv-radix.at\/index.php\/wp-json\/wp\/v2\/types\/page"}],"author":[{"embeddable":true,"href":"https:\/\/kollektiv-radix.at\/index.php\/wp-json\/wp\/v2\/users\/4"}],"replies":[{"embeddable":true,"href":"https:\/\/kollektiv-radix.at\/index.php\/wp-json\/wp\/v2\/comments?post=1148"}],"version-history":[{"count":56,"href":"https:\/\/kollektiv-radix.at\/index.php\/wp-json\/wp\/v2\/pages\/1148\/revisions"}],"predecessor-version":[{"id":1632,"href":"https:\/\/kollektiv-radix.at\/index.php\/wp-json\/wp\/v2\/pages\/1148\/revisions\/1632"}],"wp:attachment":[{"href":"https:\/\/kollektiv-radix.at\/index.php\/wp-json\/wp\/v2\/media?parent=1148"}],"curies":[{"name":"wp","href":"https:\/\/api.w.org\/{rel}","templated":true}]}}