{"id":1645,"date":"2025-07-16T15:44:27","date_gmt":"2025-07-16T15:44:27","guid":{"rendered":"https:\/\/kollektiv-radix.at\/?page_id=1645"},"modified":"2025-07-18T09:44:08","modified_gmt":"2025-07-18T09:44:08","slug":"verlernen","status":"publish","type":"page","link":"https:\/\/kollektiv-radix.at\/index.php\/verlernen\/","title":{"rendered":"6-teilige Workshopreihe &#8222;Verlernen! Verantworten! Ver\u00e4ndern!&#8220;"},"content":{"rendered":"\t\t<div data-elementor-type=\"wp-page\" data-elementor-id=\"1645\" class=\"elementor elementor-1645\" data-elementor-settings=\"[]\">\n\t\t\t\t\t\t<div class=\"elementor-inner\">\n\t\t\t\t\t\t\t<div class=\"elementor-section-wrap\">\n\t\t\t\t\t\t\t<section class=\"elementor-section elementor-top-section elementor-element elementor-element-c42d2d7 elementor-section-boxed elementor-section-height-default elementor-section-height-default\" data-id=\"c42d2d7\" data-element_type=\"section\">\n\t\t\t\t\t\t<div class=\"elementor-container elementor-column-gap-default\">\n\t\t\t\t\t\t\t<div class=\"elementor-row\">\n\t\t\t\t\t<div class=\"elementor-column elementor-col-100 elementor-top-column elementor-element elementor-element-ac775ec\" data-id=\"ac775ec\" data-element_type=\"column\">\n\t\t\t<div class=\"elementor-column-wrap elementor-element-populated\">\n\t\t\t\t\t\t\t<div class=\"elementor-widget-wrap\">\n\t\t\t\t\t\t<div class=\"elementor-element elementor-element-a82dba5 elementor-widget elementor-widget-heading\" data-id=\"a82dba5\" data-element_type=\"widget\" data-widget_type=\"heading.default\">\n\t\t\t\t<div class=\"elementor-widget-container\">\n\t\t\t<h2 class=\"elementor-heading-title elementor-size-default\">6-teilige Workshopreihe \"Verlernen! Verantworten! Ver\u00e4ndern!\"<\/h2>\t\t<\/div>\n\t\t\t\t<\/div>\n\t\t\t\t\t\t<\/div>\n\t\t\t\t\t<\/div>\n\t\t<\/div>\n\t\t\t\t\t\t\t\t<\/div>\n\t\t\t\t\t<\/div>\n\t\t<\/section>\n\t\t\t\t<section class=\"elementor-section elementor-top-section elementor-element elementor-element-fbeddfd elementor-section-boxed elementor-section-height-default elementor-section-height-default\" data-id=\"fbeddfd\" data-element_type=\"section\">\n\t\t\t\t\t\t<div class=\"elementor-container elementor-column-gap-default\">\n\t\t\t\t\t\t\t<div class=\"elementor-row\">\n\t\t\t\t\t<div class=\"elementor-column elementor-col-33 elementor-top-column elementor-element elementor-element-eec94a5\" data-id=\"eec94a5\" data-element_type=\"column\">\n\t\t\t<div class=\"elementor-column-wrap elementor-element-populated\">\n\t\t\t\t\t\t\t<div class=\"elementor-widget-wrap\">\n\t\t\t\t\t\t<div class=\"elementor-element elementor-element-caddc86 elementor-widget elementor-widget-image\" data-id=\"caddc86\" data-element_type=\"widget\" data-widget_type=\"image.default\">\n\t\t\t\t<div class=\"elementor-widget-container\">\n\t\t\t\t\t<div class=\"elementor-image\">\n\t\t\t\t\t\t\t\t\t\t<img width=\"1024\" height=\"1024\" src=\"https:\/\/kollektiv-radix.at\/wp-content\/uploads\/2025\/07\/1-2-1024x1024.jpg\" class=\"attachment-large size-large\" alt=\"\" decoding=\"async\" loading=\"lazy\" srcset=\"https:\/\/kollektiv-radix.at\/wp-content\/uploads\/2025\/07\/1-2-1024x1024.jpg 1024w, https:\/\/kollektiv-radix.at\/wp-content\/uploads\/2025\/07\/1-2-300x300.jpg 300w, https:\/\/kollektiv-radix.at\/wp-content\/uploads\/2025\/07\/1-2-150x150.jpg 150w, https:\/\/kollektiv-radix.at\/wp-content\/uploads\/2025\/07\/1-2-768x768.jpg 768w, https:\/\/kollektiv-radix.at\/wp-content\/uploads\/2025\/07\/1-2-1536x1536.jpg 1536w, https:\/\/kollektiv-radix.at\/wp-content\/uploads\/2025\/07\/1-2-2048x2048.jpg 2048w, https:\/\/kollektiv-radix.at\/wp-content\/uploads\/2025\/07\/1-2-800x800.jpg 800w\" sizes=\"(max-width: 1024px) 100vw, 1024px\" \/>\t\t\t\t\t\t\t\t\t\t\t<\/div>\n\t\t\t\t<\/div>\n\t\t\t\t<\/div>\n\t\t\t\t\t\t<\/div>\n\t\t\t\t\t<\/div>\n\t\t<\/div>\n\t\t\t\t<div class=\"elementor-column elementor-col-66 elementor-top-column elementor-element elementor-element-291269a\" data-id=\"291269a\" data-element_type=\"column\">\n\t\t\t<div class=\"elementor-column-wrap elementor-element-populated\">\n\t\t\t\t\t\t\t<div class=\"elementor-widget-wrap\">\n\t\t\t\t\t\t<div class=\"elementor-element elementor-element-f4beedb elementor-widget elementor-widget-text-editor\" data-id=\"f4beedb\" data-element_type=\"widget\" data-widget_type=\"text-editor.default\">\n\t\t\t\t<div class=\"elementor-widget-container\">\n\t\t\t\t\t<div class=\"elementor-text-editor elementor-clearfix\"><p>\u00a0<\/p><p style=\"text-align: left;\">In unserer 6-teiligen Workshopreihe <strong>\u201e<\/strong><strong>Verlernen! Verantworten! Ver\u00e4ndern!\u201d schaffen wir einen Raum, um gemeinsam \u00fcber m\u00e4nnliche Verantwortungs\u00fcbernahme &amp; aktive Solidarit\u00e4t zu sprechen. <\/strong>Der Fokus liegt auf Selbstreflexion, Austausch und dem Finden einer gemeinsamen Praxis.<\/p><\/div>\n\t\t\t\t<\/div>\n\t\t\t\t<\/div>\n\t\t\t\t\t\t<\/div>\n\t\t\t\t\t<\/div>\n\t\t<\/div>\n\t\t\t\t\t\t\t\t<\/div>\n\t\t\t\t\t<\/div>\n\t\t<\/section>\n\t\t\t\t<section class=\"elementor-section elementor-top-section elementor-element elementor-element-cf70a4f elementor-section-boxed elementor-section-height-default elementor-section-height-default\" data-id=\"cf70a4f\" data-element_type=\"section\">\n\t\t\t\t\t\t<div class=\"elementor-container elementor-column-gap-default\">\n\t\t\t\t\t\t\t<div class=\"elementor-row\">\n\t\t\t\t\t<div class=\"elementor-column elementor-col-100 elementor-top-column elementor-element elementor-element-e9e6df2\" data-id=\"e9e6df2\" data-element_type=\"column\">\n\t\t\t<div class=\"elementor-column-wrap elementor-element-populated\">\n\t\t\t\t\t\t\t<div class=\"elementor-widget-wrap\">\n\t\t\t\t\t\t<div class=\"elementor-element elementor-element-99ca660 elementor-widget elementor-widget-toggle\" data-id=\"99ca660\" data-element_type=\"widget\" data-widget_type=\"toggle.default\">\n\t\t\t\t<div class=\"elementor-widget-container\">\n\t\t\t\t\t<div class=\"elementor-toggle\" role=\"tablist\">\n\t\t\t\t\t\t\t<div class=\"elementor-toggle-item\">\n\t\t\t\t\t<div id=\"elementor-tab-title-1611\" class=\"elementor-tab-title\" data-tab=\"1\" role=\"tab\" aria-controls=\"elementor-tab-content-1611\">\n\t\t\t\t\t\t\t\t\t\t\t\t<span class=\"elementor-toggle-icon elementor-toggle-icon-left\" aria-hidden=\"true\">\n\t\t\t\t\t\t\t\t\t\t\t\t\t\t\t<span class=\"elementor-toggle-icon-closed\"><i class=\"fas fa-caret-right\"><\/i><\/span>\n\t\t\t\t\t\t\t\t<span class=\"elementor-toggle-icon-opened\"><i class=\"elementor-toggle-icon-opened fas fa-caret-up\"><\/i><\/span>\n\t\t\t\t\t\t\t\t\t\t\t\t\t<\/span>\n\t\t\t\t\t\t\t\t\t\t\t\t<a href=\"\" class=\"elementor-toggle-title\">Was?<\/a>\n\t\t\t\t\t<\/div>\n\t\t\t\t\t<div id=\"elementor-tab-content-1611\" class=\"elementor-tab-content elementor-clearfix\" data-tab=\"1\" role=\"tabpanel\" aria-labelledby=\"elementor-tab-title-1611\"><div id=\"meta-origin\" data-coolorigin=\"https%3A%2F%2Fcollabora.freiheitswolke.org%2Fcool%2Fclipboard%3FWOPISrc%3Dhttps%253A%252F%252Fcloud.freiheitswolke.org%252Findex.php%252Fapps%252Frichdocuments%252Fwopi%252Ffiles%252F39949220_oc86f5063dac%26ServerId%3Dbb693cda%26ViewId%3D4%26Tag%3Dcd0c3bd5d9cf9a4d\"><p>In der aufeinander aufbauenden Workshopreihe tauchen wir mit euch tief in das Thema M\u00e4nnlichkeit(en) und Verantwortungs\u00fcbernahme ein.<\/p><p>Beim <b>1. Workshop<\/b> geht es um ein Ankommen &amp; Kennenlernen in der Gruppe. Wir starten in die individuelle und gemeinsame Reflexion unserer Bez\u00fcge zum Thema und schauen auf die (individuellen) Ziele f\u00fcr die Workshopreihe.<\/p><p>Beim <b>2. Workshop<\/b> nehmen wir uns Zeit f\u00fcr eine Reflexion unserer eigenen biografischen Pr\u00e4gungen in Bezug auf M\u00e4nnlichkeit(en) und werden diese theoretisch einordnen.<\/p><p>Beim <b>3. Workshop<\/b> widmen wir uns dem Thema Kompliz*innenschaft bei genderbasierter Gewalt. Dabei werden wir uns vor allem mit T\u00e4ter*inschutz, Passivit\u00e4t, Selbstbildern, Schuld &amp; Scham sowie eigenen Hindernissen f\u00fcr Verantwortungs\u00fcbernahme besch\u00e4ftigen.<\/p><p>Beim <b>4. Workshop<\/b> schauen wir intensiv auf Skills, Ressourcen und Handlungsfelder f\u00fcr Verantwortungs\u00fcbernahme \u2013 ganz konkret.<\/p><p>Der <b>5. Workshop<\/b> wird ein Drag Workshop mit Fokus auf Drag King, Quing, Thing, Creature, Enby !<\/p><p style=\"padding-left: 40px;\">M\u00e4nnlichkeiten? Was f\u00fcr ein gro\u00dfes, omnipr\u00e4sentes Thema! Setzen wir uns zusammen &amp; mit den Darstellungsm\u00f6glichkeiten auseinander.<\/p><p style=\"padding-left: 40px;\">Inhalt: Von Geschichte des Drag, Make Up &amp; Performance Skills zu Character Finding und gemeinsamer Reflexion &#8211; wir werden zu Forschenden des Ausdrucks. Kritisch, lustvoll, spielerisch!<\/p><p style=\"padding-left: 40px;\">Please bring your personal it-piece(s)!<\/p><p style=\"padding-left: 40px;\">Mit Eric BigClit, Founder von DragWrestling, Drag House of Clits, Pride Rage, From Kings to Queens &amp; 1. Mis*ster Tuntenball Graz.<\/p><p align=\"left\">Mit dem <b>6. Workshop<\/b> schlie\u00dfen wir unsere Reihe ab und ernten gemeinsam, was wir in den letzten Wochen erarbeitet, reflektiert und miteinander geteilt haben. Au\u00dferdem werden wir individuell und gemeinsam n\u00e4chste Schritte planen, um m\u00e4nnliche Verantwortungs\u00fcbernahme in unseren R\u00e4umen zu st\u00e4rken.<\/p><\/div><\/div>\n\t\t\t\t<\/div>\n\t\t\t\t\t\t\t<div class=\"elementor-toggle-item\">\n\t\t\t\t\t<div id=\"elementor-tab-title-1612\" class=\"elementor-tab-title\" data-tab=\"2\" role=\"tab\" aria-controls=\"elementor-tab-content-1612\">\n\t\t\t\t\t\t\t\t\t\t\t\t<span class=\"elementor-toggle-icon elementor-toggle-icon-left\" aria-hidden=\"true\">\n\t\t\t\t\t\t\t\t\t\t\t\t\t\t\t<span class=\"elementor-toggle-icon-closed\"><i class=\"fas fa-caret-right\"><\/i><\/span>\n\t\t\t\t\t\t\t\t<span class=\"elementor-toggle-icon-opened\"><i class=\"elementor-toggle-icon-opened fas fa-caret-up\"><\/i><\/span>\n\t\t\t\t\t\t\t\t\t\t\t\t\t<\/span>\n\t\t\t\t\t\t\t\t\t\t\t\t<a href=\"\" class=\"elementor-toggle-title\">Wer?<\/a>\n\t\t\t\t\t<\/div>\n\t\t\t\t\t<div id=\"elementor-tab-content-1612\" class=\"elementor-tab-content elementor-clearfix\" data-tab=\"2\" role=\"tabpanel\" aria-labelledby=\"elementor-tab-title-1612\"><div id=\"meta-origin\" data-coolorigin=\"https%3A%2F%2Fcollabora.freiheitswolke.org%2Fcool%2Fclipboard%3FWOPISrc%3Dhttps%253A%252F%252Fcloud.freiheitswolke.org%252Findex.php%252Fapps%252Frichdocuments%252Fwopi%252Ffiles%252F39949220_oc86f5063dac%26ServerId%3Dbb693cda%26ViewId%3D4%26Tag%3Dcd0c3bd5d9cf9a4d\"><p>Die Reihe richtet sich <strong>insbesondere an (cis-)M\u00e4nner<\/strong>, ist jedoch <strong>offen f\u00fcr alle Geschlechter<\/strong>, die sich mit Fragen zu M\u00e4nnlichkeitsbildern, Privilegienabbau, Verantwortung und Solidarit\u00e4t besch\u00e4ftigen (wollen).<\/p><p>Wir w\u00fcnschen uns die Teilnahme an mindestens 5 von 6 Workshops und die Teilnahme am ersten Termin ist verpflichtend. Menschen, die an allen 6 Terminen k\u00f6nnen, werden wir bei der Anmeldung priorisieren. Das machen wir, weil in einer konstanten Gruppe tiefer in Themen gehen und besser miteinander lernen k\u00f6nnen. Verantwortungs\u00fcbernahme hei\u00dft f\u00fcr uns Commitment f\u00fcr- und miteinander.<\/p><p><strong>Teilnahmevoraussetzungen?<\/strong><br \/>Du brauchst ein grundlegendes Bewusstsein \u00fcber m\u00e4nnliche Privilegien, die aktive Auseinandersetzungsbereitschaft mit M\u00e4nnlichkeiten und Teilnahme an den Terminen.<\/p><p>Wenn du glaubst, mit dem Thema schon fertig zu sein: komm unbedingt!<\/p><p>Die Workshops sind kein Space um die Aufarbeitung konkreter eigener T\u00e4terschaft bzw. ausge\u00fcbter Gewaltvorf\u00e4lle zu beginnen bzw. damit im Vordergrund zu stehen. Gleichzeitig m\u00f6chten wir eine Content-Warnung aussprechen, da verschiedene Formen von Gewalt zur Sprache kommen k\u00f6nnen.<\/p><\/div><\/div>\n\t\t\t\t<\/div>\n\t\t\t\t\t\t\t<div class=\"elementor-toggle-item\">\n\t\t\t\t\t<div id=\"elementor-tab-title-1613\" class=\"elementor-tab-title\" data-tab=\"3\" role=\"tab\" aria-controls=\"elementor-tab-content-1613\">\n\t\t\t\t\t\t\t\t\t\t\t\t<span class=\"elementor-toggle-icon elementor-toggle-icon-left\" aria-hidden=\"true\">\n\t\t\t\t\t\t\t\t\t\t\t\t\t\t\t<span class=\"elementor-toggle-icon-closed\"><i class=\"fas fa-caret-right\"><\/i><\/span>\n\t\t\t\t\t\t\t\t<span class=\"elementor-toggle-icon-opened\"><i class=\"elementor-toggle-icon-opened fas fa-caret-up\"><\/i><\/span>\n\t\t\t\t\t\t\t\t\t\t\t\t\t<\/span>\n\t\t\t\t\t\t\t\t\t\t\t\t<a href=\"\" class=\"elementor-toggle-title\">Team<\/a>\n\t\t\t\t\t<\/div>\n\t\t\t\t\t<div id=\"elementor-tab-content-1613\" class=\"elementor-tab-content elementor-clearfix\" data-tab=\"3\" role=\"tabpanel\" aria-labelledby=\"elementor-tab-title-1613\"><div id=\"meta-origin\" data-coolorigin=\"https%3A%2F%2Fcollabora.freiheitswolke.org%2Fcool%2Fclipboard%3FWOPISrc%3Dhttps%253A%252F%252Fcloud.freiheitswolke.org%252Findex.php%252Fapps%252Frichdocuments%252Fwopi%252Ffiles%252F39949220_oc86f5063dac%26ServerId%3Dbb693cda%26ViewId%3D4%26Tag%3Dcd0c3bd5d9cf9a4d\"><p>Wir sind: Selin (sie\/ihr), cis-weiblich, Hannah (sie\/ihr), cis-weiblich, Tom (er\/ihm), cis-m\u00e4nnlich und Sven (er\/ihm), cis-m\u00e4nnlich.<br \/>Drei von uns haben wei\u00dfe Privilegien und sind deutsch-Erstsprachler*innen. <!-- Deutsch ist nicht meine Erstsprache, hab\u2018s bisschen umgeschrieben :) -->Wir alle haben oder hatten Zugang zu akademischer Ausbildung. Wir haben unterschiedliche Klassenherk\u00fcnfte, wirtschaftliche M\u00f6glichkeiten und leben zum Teil in prek\u00e4ren Erwerbssituationen. Einzelne von uns leben mit unsichtbaren Erkrankungen. Wir sehen uns in einem st\u00e4ndigen Lernprozess, unsere Privilegien, verinnerlichten Muster und Widerspr\u00fcche zu reflektieren und uns aktiv und solidarisch einzumischen gegen jegliche Form der Unterdr\u00fcckung.<\/p><\/div><\/div>\n\t\t\t\t<\/div>\n\t\t\t\t\t\t\t<div class=\"elementor-toggle-item\">\n\t\t\t\t\t<div id=\"elementor-tab-title-1614\" class=\"elementor-tab-title\" data-tab=\"4\" role=\"tab\" aria-controls=\"elementor-tab-content-1614\">\n\t\t\t\t\t\t\t\t\t\t\t\t<span class=\"elementor-toggle-icon elementor-toggle-icon-left\" aria-hidden=\"true\">\n\t\t\t\t\t\t\t\t\t\t\t\t\t\t\t<span class=\"elementor-toggle-icon-closed\"><i class=\"fas fa-caret-right\"><\/i><\/span>\n\t\t\t\t\t\t\t\t<span class=\"elementor-toggle-icon-opened\"><i class=\"elementor-toggle-icon-opened fas fa-caret-up\"><\/i><\/span>\n\t\t\t\t\t\t\t\t\t\t\t\t\t<\/span>\n\t\t\t\t\t\t\t\t\t\t\t\t<a href=\"\" class=\"elementor-toggle-title\">Zeit und Ort<\/a>\n\t\t\t\t\t<\/div>\n\t\t\t\t\t<div id=\"elementor-tab-content-1614\" class=\"elementor-tab-content elementor-clearfix\" data-tab=\"4\" role=\"tabpanel\" aria-labelledby=\"elementor-tab-title-1614\"><div id=\"meta-origin\" data-coolorigin=\"https%3A%2F%2Fcollabora.freiheitswolke.org%2Fcool%2Fclipboard%3FWOPISrc%3Dhttps%253A%252F%252Fcloud.freiheitswolke.org%252Findex.php%252Fapps%252Frichdocuments%252Fwopi%252Ffiles%252F39949220_oc86f5063dac%26ServerId%3Dbb693cda%26ViewId%3D4%26Tag%3Dcd0c3bd5d9cf9a4d\"><p><b>Wo?<\/b><br \/>Wien, genauer Ort wird noch festgelegt<\/p><p><b>Wann?<\/b><br \/>Wir treffen uns immer Mittwochs vom 15.10.-19.11.2025<\/p><p>Die Workshops finden jeweils von 18-21:00 statt, der Drag-Workshop am 12.11. wird von 18-21:30 gehen.<\/p><\/div><\/div>\n\t\t\t\t<\/div>\n\t\t\t\t\t\t\t<div class=\"elementor-toggle-item\">\n\t\t\t\t\t<div id=\"elementor-tab-title-1615\" class=\"elementor-tab-title\" data-tab=\"5\" role=\"tab\" aria-controls=\"elementor-tab-content-1615\">\n\t\t\t\t\t\t\t\t\t\t\t\t<span class=\"elementor-toggle-icon elementor-toggle-icon-left\" aria-hidden=\"true\">\n\t\t\t\t\t\t\t\t\t\t\t\t\t\t\t<span class=\"elementor-toggle-icon-closed\"><i class=\"fas fa-caret-right\"><\/i><\/span>\n\t\t\t\t\t\t\t\t<span class=\"elementor-toggle-icon-opened\"><i class=\"elementor-toggle-icon-opened fas fa-caret-up\"><\/i><\/span>\n\t\t\t\t\t\t\t\t\t\t\t\t\t<\/span>\n\t\t\t\t\t\t\t\t\t\t\t\t<a href=\"\" class=\"elementor-toggle-title\">Kosten<\/a>\n\t\t\t\t\t<\/div>\n\t\t\t\t\t<div id=\"elementor-tab-content-1615\" class=\"elementor-tab-content elementor-clearfix\" data-tab=\"5\" role=\"tabpanel\" aria-labelledby=\"elementor-tab-title-1615\"><div id=\"meta-origin\" data-coolorigin=\"https%3A%2F%2Fcollabora.freiheitswolke.org%2Fcool%2Fclipboard%3FWOPISrc%3Dhttps%253A%252F%252Fcloud.freiheitswolke.org%252Findex.php%252Fapps%252Frichdocuments%252Fwopi%252Ffiles%252F39949220_oc86f5063dac%26ServerId%3Dbb693cda%26ViewId%3D4%26Tag%3Dcd0c3bd5d9cf9a4d\"><div id=\"meta-origin\" data-coolorigin=\"https%3A%2F%2Fcollabora.freiheitswolke.org%2Fcool%2Fclipboard%3FWOPISrc%3Dhttps%253A%252F%252Fcloud.freiheitswolke.org%252Findex.php%252Fapps%252Frichdocuments%252Fwopi%252Ffiles%252F39949220_oc86f5063dac%26ServerId%3Dbb693cda%26ViewId%3D4%26Tag%3Dd0fef5e06ce1dc2f\"><p>Die Workshopreihe ist von der \u00d6GPB gef\u00f6rdert. Von der F\u00f6rderung k\u00f6nnen wir den gr\u00f6\u00dften Teil der Kosten decken, aber leider nicht alles. Deswegen freuen wir uns \u00fcber Spenden. Deine Teilnahme ist nicht geldabh\u00e4ngig.<\/p><ul><li><p>Ihr orientiert euch bei Spenden an der \u201eSkala\u201c zwischen 0\u20ac \u2013 20\u20ac pro Workshopteil und damit 0-120\u20ac f\u00fcr die gesamte Workshopreihe. Und ja, 0\u20ac sind wirklich okay!<\/p><\/li><li><p>Menschen mit h\u00f6heren Einkommen und Verm\u00f6gen bitten wir jeweils einen h\u00f6heren Betrag zu geben. Mit 20\u20ac pro Workshop finanziert ihr einen kostenlosen Platz solidarisch mit.<\/p><\/li><\/ul><\/div><\/div><\/div>\n\t\t\t\t<\/div>\n\t\t\t\t\t\t\t<div class=\"elementor-toggle-item\">\n\t\t\t\t\t<div id=\"elementor-tab-title-1616\" class=\"elementor-tab-title\" data-tab=\"6\" role=\"tab\" aria-controls=\"elementor-tab-content-1616\">\n\t\t\t\t\t\t\t\t\t\t\t\t<span class=\"elementor-toggle-icon elementor-toggle-icon-left\" aria-hidden=\"true\">\n\t\t\t\t\t\t\t\t\t\t\t\t\t\t\t<span class=\"elementor-toggle-icon-closed\"><i class=\"fas fa-caret-right\"><\/i><\/span>\n\t\t\t\t\t\t\t\t<span class=\"elementor-toggle-icon-opened\"><i class=\"elementor-toggle-icon-opened fas fa-caret-up\"><\/i><\/span>\n\t\t\t\t\t\t\t\t\t\t\t\t\t<\/span>\n\t\t\t\t\t\t\t\t\t\t\t\t<a href=\"\" class=\"elementor-toggle-title\">Barrieren<\/a>\n\t\t\t\t\t<\/div>\n\t\t\t\t\t<div id=\"elementor-tab-content-1616\" class=\"elementor-tab-content elementor-clearfix\" data-tab=\"6\" role=\"tabpanel\" aria-labelledby=\"elementor-tab-title-1616\"><p><strong>Barrieren:<\/strong><br \/>Die R\u00e4ume stehen noch nicht fest, deswegen k\u00f6nnen wir noch nicht sagen, was die physischen Barrieren vor Ort sein werden. Bitte sag uns per Mail Bescheid, wenn du diesbez\u00fcglich Bed\u00fcrfnisse hast (seminar@kollektiv-radix.at).\u00a0<br \/>Alle Workshops werden in deutscher Lautsprache stattfinden.<\/p><\/div>\n\t\t\t\t<\/div>\n\t\t\t\t\t<\/div>\n\t\t\t\t<\/div>\n\t\t\t\t<\/div>\n\t\t\t\t\t\t<\/div>\n\t\t\t\t\t<\/div>\n\t\t<\/div>\n\t\t\t\t\t\t\t\t<\/div>\n\t\t\t\t\t<\/div>\n\t\t<\/section>\n\t\t\t\t<section class=\"elementor-section elementor-top-section elementor-element elementor-element-7b902e6 elementor-section-boxed elementor-section-height-default elementor-section-height-default\" data-id=\"7b902e6\" data-element_type=\"section\">\n\t\t\t\t\t\t<div class=\"elementor-container elementor-column-gap-default\">\n\t\t\t\t\t\t\t<div class=\"elementor-row\">\n\t\t\t\t\t<div class=\"elementor-column elementor-col-100 elementor-top-column elementor-element elementor-element-27c3545\" data-id=\"27c3545\" data-element_type=\"column\">\n\t\t\t<div class=\"elementor-column-wrap elementor-element-populated\">\n\t\t\t\t\t\t\t<div class=\"elementor-widget-wrap\">\n\t\t\t\t\t\t<div class=\"elementor-element elementor-element-7c6cecb elementor-widget elementor-widget-text-editor\" data-id=\"7c6cecb\" data-element_type=\"widget\" data-widget_type=\"text-editor.default\">\n\t\t\t\t<div class=\"elementor-widget-container\">\n\t\t\t\t\t<div class=\"elementor-text-editor elementor-clearfix\"><div id=\"meta-origin\" data-coolorigin=\"https%3A%2F%2Fcollabora.freiheitswolke.org%2Fcool%2Fclipboard%3FWOPISrc%3Dhttps%253A%252F%252Fcloud.freiheitswolke.org%252Findex.php%252Fapps%252Frichdocuments%252Fwopi%252Ffiles%252F39949220_oc86f5063dac%26ServerId%3Dbb693cda%26ViewId%3D4%26Tag%3Dcd0c3bd5d9cf9a4d\"><p><b>Du bist dabei? <\/b><\/p><p>Dann melde dich direkt an unter: <a href=\"https:\/\/kurzlinks.de\/verantwortenradix\" target=\"_blank\" rel=\"noopener\">https:\/\/kurzlinks.de\/verantwortenradix<\/a><\/p><p>Anmeldefrist ist der 01.09.2025<\/p><p><b>Noch u<\/b><strong><b>n<\/b><\/strong><strong>sicher, ob das ein Raum f\u00fcr dich ist?<\/strong> <br \/>Schreib uns gern an: <a href=\"mailto:seminar@kollektiv-radix.at\">seminar@kollektiv-radix.at<\/a><\/p><p><b>Du willst auf dem Laufenden bleiben?<\/b><\/p><p>Folg uns auf Instagram @kollektiv_radix und auf unserer Website: kollektiv-radix.at<\/p><p>Wir freuen uns auf euch! <br \/>Let\u2019s smash patriarchy and its intersections \ud83d\udd25<\/p><p>Diese Workshopreihe wird gef\u00f6rdert von der \u00d6GPB.<\/p><\/div><\/div>\n\t\t\t\t<\/div>\n\t\t\t\t<\/div>\n\t\t\t\t\t\t<\/div>\n\t\t\t\t\t<\/div>\n\t\t<\/div>\n\t\t\t\t\t\t\t\t<\/div>\n\t\t\t\t\t<\/div>\n\t\t<\/section>\n\t\t\t\t\t\t<\/div>\n\t\t\t\t\t\t<\/div>\n\t\t\t\t\t<\/div>\n\t\t","protected":false},"excerpt":{"rendered":"<p>6-teilige Workshopreihe &#8222;Verlernen! Verantworten! Ver\u00e4ndern!&#8220; In unserer 6-teiligen Workshopreihe \u201eVerlernen! Verantworten! Ver\u00e4ndern!\u201d schaffen wir einen Raum, um gemeinsam \u00fcber m\u00e4nnliche Verantwortungs\u00fcbernahme &amp; aktive Solidarit\u00e4t zu sprechen. Der Fokus liegt auf Selbstreflexion, Austausch und dem Finden einer gemeinsamen Praxis. Was? In der aufeinander aufbauenden Workshopreihe tauchen wir mit euch tief in das Thema M\u00e4nnlichkeit(en) und Verantwortungs\u00fcbernahme ein. Beim 1. Workshop geht<\/p>\n<p><a class=\"more-link\" href=\"https:\/\/kollektiv-radix.at\/index.php\/verlernen\/\">Weiterlesen<\/a><\/p>\n","protected":false},"author":5,"featured_media":0,"parent":0,"menu_order":0,"comment_status":"closed","ping_status":"closed","template":"","meta":[],"yoast_head":"<!-- This site is optimized with the Yoast SEO plugin v15.3 - https:\/\/yoast.com\/wordpress\/plugins\/seo\/ -->\n<title>6-teilige Workshopreihe &quot;Verlernen! Verantworten! Ver\u00e4ndern!&quot; - radix<\/title>\n<meta name=\"robots\" content=\"index, follow, max-snippet:-1, max-image-preview:large, max-video-preview:-1\" \/>\n<link rel=\"canonical\" href=\"https:\/\/kollektiv-radix.at\/index.php\/verlernen\/\" \/>\n<meta property=\"og:locale\" content=\"de_DE\" \/>\n<meta property=\"og:type\" content=\"article\" \/>\n<meta property=\"og:title\" content=\"6-teilige Workshopreihe &quot;Verlernen! Verantworten! Ver\u00e4ndern!&quot; - radix\" \/>\n<meta property=\"og:description\" content=\"6-teilige Workshopreihe &#8222;Verlernen! Verantworten! Ver\u00e4ndern!&#8220; In unserer 6-teiligen Workshopreihe \u201eVerlernen! Verantworten! Ver\u00e4ndern!\u201d schaffen wir einen Raum, um gemeinsam \u00fcber m\u00e4nnliche Verantwortungs\u00fcbernahme &amp; aktive Solidarit\u00e4t zu sprechen. Der Fokus liegt auf Selbstreflexion, Austausch und dem Finden einer gemeinsamen Praxis. Was? In der aufeinander aufbauenden Workshopreihe tauchen wir mit euch tief in das Thema M\u00e4nnlichkeit(en) und Verantwortungs\u00fcbernahme ein. Beim 1. Workshop gehtWeiterlesen\" \/>\n<meta property=\"og:url\" content=\"https:\/\/kollektiv-radix.at\/index.php\/verlernen\/\" \/>\n<meta property=\"og:site_name\" content=\"radix\" \/>\n<meta property=\"article:modified_time\" content=\"2025-07-18T09:44:08+00:00\" \/>\n<meta property=\"og:image\" content=\"https:\/\/kollektiv-radix.at\/wp-content\/uploads\/2025\/07\/1-2-1024x1024.jpg\" \/>\n<meta name=\"twitter:card\" content=\"summary_large_image\" \/>\n<meta name=\"twitter:label1\" content=\"Verfasst von\">\n\t<meta name=\"twitter:data1\" content=\"radix zugang allgemein\">\n\t<meta name=\"twitter:label2\" content=\"Gesch\u00e4tzte Lesezeit\">\n\t<meta name=\"twitter:data2\" content=\"3\u00a0Minuten\">\n<script type=\"application\/ld+json\" class=\"yoast-schema-graph\">{\"@context\":\"https:\/\/schema.org\",\"@graph\":[{\"@type\":\"WebSite\",\"@id\":\"https:\/\/kollektiv-radix.at\/#website\",\"url\":\"https:\/\/kollektiv-radix.at\/\",\"name\":\"radix\",\"description\":\"Kollektiv f\\u00fcr transformative Bildung\",\"potentialAction\":[{\"@type\":\"SearchAction\",\"target\":\"https:\/\/kollektiv-radix.at\/?s={search_term_string}\",\"query-input\":\"required name=search_term_string\"}],\"inLanguage\":\"de\"},{\"@type\":\"ImageObject\",\"@id\":\"https:\/\/kollektiv-radix.at\/index.php\/verlernen\/#primaryimage\",\"inLanguage\":\"de\",\"url\":\"https:\/\/kollektiv-radix.at\/wp-content\/uploads\/2025\/07\/1-2-scaled.jpg\",\"width\":2560,\"height\":2560},{\"@type\":\"WebPage\",\"@id\":\"https:\/\/kollektiv-radix.at\/index.php\/verlernen\/#webpage\",\"url\":\"https:\/\/kollektiv-radix.at\/index.php\/verlernen\/\",\"name\":\"6-teilige Workshopreihe \\\"Verlernen! Verantworten! Ver\\u00e4ndern!\\\" - radix\",\"isPartOf\":{\"@id\":\"https:\/\/kollektiv-radix.at\/#website\"},\"primaryImageOfPage\":{\"@id\":\"https:\/\/kollektiv-radix.at\/index.php\/verlernen\/#primaryimage\"},\"datePublished\":\"2025-07-16T15:44:27+00:00\",\"dateModified\":\"2025-07-18T09:44:08+00:00\",\"inLanguage\":\"de\",\"potentialAction\":[{\"@type\":\"ReadAction\",\"target\":[\"https:\/\/kollektiv-radix.at\/index.php\/verlernen\/\"]}]}]}<\/script>\n<!-- \/ Yoast SEO plugin. -->","_links":{"self":[{"href":"https:\/\/kollektiv-radix.at\/index.php\/wp-json\/wp\/v2\/pages\/1645"}],"collection":[{"href":"https:\/\/kollektiv-radix.at\/index.php\/wp-json\/wp\/v2\/pages"}],"about":[{"href":"https:\/\/kollektiv-radix.at\/index.php\/wp-json\/wp\/v2\/types\/page"}],"author":[{"embeddable":true,"href":"https:\/\/kollektiv-radix.at\/index.php\/wp-json\/wp\/v2\/users\/5"}],"replies":[{"embeddable":true,"href":"https:\/\/kollektiv-radix.at\/index.php\/wp-json\/wp\/v2\/comments?post=1645"}],"version-history":[{"count":41,"href":"https:\/\/kollektiv-radix.at\/index.php\/wp-json\/wp\/v2\/pages\/1645\/revisions"}],"predecessor-version":[{"id":1739,"href":"https:\/\/kollektiv-radix.at\/index.php\/wp-json\/wp\/v2\/pages\/1645\/revisions\/1739"}],"wp:attachment":[{"href":"https:\/\/kollektiv-radix.at\/index.php\/wp-json\/wp\/v2\/media?parent=1645"}],"curies":[{"name":"wp","href":"https:\/\/api.w.org\/{rel}","templated":true}]}}