{"id":1672,"date":"2025-07-16T18:08:11","date_gmt":"2025-07-16T18:08:11","guid":{"rendered":"https:\/\/kollektiv-radix.at\/?page_id=1672"},"modified":"2025-07-16T18:36:08","modified_gmt":"2025-07-16T18:36:08","slug":"ver_antowrten_september","status":"publish","type":"page","link":"https:\/\/kollektiv-radix.at\/index.php\/ver_antowrten_september\/","title":{"rendered":"Ver_Antworten! M\u00e4nnliche Verantwortungs\u00fcbernahme und aktive Solidarit\u00e4t konkret im September!"},"content":{"rendered":"\t\t<div data-elementor-type=\"wp-post\" data-elementor-id=\"1672\" class=\"elementor elementor-1672\" data-elementor-settings=\"[]\">\n\t\t\t\t\t\t<div class=\"elementor-inner\">\n\t\t\t\t\t\t\t<div class=\"elementor-section-wrap\">\n\t\t\t\t\t\t\t<section class=\"elementor-section elementor-top-section elementor-element elementor-element-e7056f7 elementor-section-boxed elementor-section-height-default elementor-section-height-default\" data-id=\"e7056f7\" data-element_type=\"section\">\n\t\t\t\t\t\t<div class=\"elementor-container elementor-column-gap-default\">\n\t\t\t\t\t\t\t<div class=\"elementor-row\">\n\t\t\t\t\t<div class=\"elementor-column elementor-col-100 elementor-top-column elementor-element elementor-element-b291973\" data-id=\"b291973\" data-element_type=\"column\">\n\t\t\t<div class=\"elementor-column-wrap elementor-element-populated\">\n\t\t\t\t\t\t\t<div class=\"elementor-widget-wrap\">\n\t\t\t\t\t\t<div class=\"elementor-element elementor-element-8b1981e elementor-widget elementor-widget-heading\" data-id=\"8b1981e\" data-element_type=\"widget\" data-widget_type=\"heading.default\">\n\t\t\t\t<div class=\"elementor-widget-container\">\n\t\t\t<h2 class=\"elementor-heading-title elementor-size-default\"><h2 data-elementor-setting-key=\"title\" data-pen-placeholder=\"Eingabe hier...\" style=\"margin-top: 1.71429rem; margin-bottom: 1.71429rem; font-weight: 600; font-size: 1.28571rem; color: rgb(149, 45, 33); font-family: Roboto, sans-serif;\">Ver_Antworten! M\u00e4nnliche Verantwortungs\u00fcbernahme &amp; aktive Solidarit\u00e4t konkret \n<span style=\"letter-spacing: 0px; font-size: 1.28571rem;\">2 teiliger Workshop am 03. und 10. September 2025 in Wien<\/span><span style=\"font-size: 1.28571rem; letter-spacing: 0px;\"><\/span><\/h2><\/h2>\t\t<\/div>\n\t\t\t\t<\/div>\n\t\t\t\t\t\t<\/div>\n\t\t\t\t\t<\/div>\n\t\t<\/div>\n\t\t\t\t\t\t\t\t<\/div>\n\t\t\t\t\t<\/div>\n\t\t<\/section>\n\t\t\t\t<section class=\"elementor-section elementor-top-section elementor-element elementor-element-72562c5 elementor-section-boxed elementor-section-height-default elementor-section-height-default\" data-id=\"72562c5\" data-element_type=\"section\">\n\t\t\t\t\t\t<div class=\"elementor-container elementor-column-gap-default\">\n\t\t\t\t\t\t\t<div class=\"elementor-row\">\n\t\t\t\t\t<div class=\"elementor-column elementor-col-100 elementor-top-column elementor-element elementor-element-d558c45\" data-id=\"d558c45\" data-element_type=\"column\">\n\t\t\t<div class=\"elementor-column-wrap elementor-element-populated\">\n\t\t\t\t\t\t\t<div class=\"elementor-widget-wrap\">\n\t\t\t\t\t\t<div class=\"elementor-element elementor-element-9ab8c07 elementor-widget elementor-widget-text-editor\" data-id=\"9ab8c07\" data-element_type=\"widget\" data-widget_type=\"text-editor.default\">\n\t\t\t\t<div class=\"elementor-widget-container\">\n\t\t\t\t\t<div class=\"elementor-text-editor elementor-clearfix\"><p style=\"font-size: 14px; line-height: 1.71429;\"><span style=\"font-weight: bolder; font-size: 14px;\">Warum?<\/span><br>(Insbesondere Cis-)M\u00e4nner, die sich auf den Weg machen, ihre eigenen Sexismen und Privilegien im Patriarchat zu verstehen und anders zu handeln werden mit ihrem eigenen Scheitern in Kontakt kommen. Zwischen (immer unvollst\u00e4ndigem) Bewusstsein und Handeln klafft oftmals ein Graben tief verinnerlichter Muster und sexistischer Strukturen, was zu recht Frustration, Wut und Vertrauensverlust bei Sexismus-Betroffenen aufwirft. Trotz bekundeter pro-feministischer Werte wiederholen sich fehlende Care-Arbeit, Machtkonzentration, dominantes Verhalten, verschiedene Formen von Gewalt, Abwehrhaltungen, Boys Club Komplizenschaft uvm.<\/p>\n<p style=\"font-size: 14px; line-height: 1.71429;\">In einem zweiteiligen Workshop erkennen wir diese L\u00fccke an und sprechen dar\u00fcber, wie (cis-)M\u00e4nner gemeinsam Verantwortung \u00fcbernehmen k\u00f6nnen f\u00fcr ihre Lernprozesse, Fehler und deren Konsequenzen, ohne diese zu verharmlosen. Auf Basis dieser Verantwortungspraxis (engl. \u201eaccountability\u201c) fragen wir, was aktives solidarisches Handeln im eigenen Umfeld bedeuten kann und fixieren gemeinsam konkrete n\u00e4chste Schritte im eigenen Leben.<\/p>\n<p style=\"font-size: 14px; line-height: 1.71429;\"><span style=\"font-weight: bolder; font-size: 14px;\">Was?<br><\/span>Teil 1 am Mittwoch den 03.09.25 \u2013 M\u00e4nnliche Verantwortungs\u00fcbernahme \u2013 was kann das bedeuten?<br>\u00dcber Haltung, Hindernisse und Erfahrungen mit m\u00e4nnlicher Verantwortungs\u00fcbernahme. Mit \u00dcbungen aus Arbeit mit Cis-M\u00e4nnern.<\/p>\n<p style=\"font-size: 14px; line-height: 1.71429;\">Teil 2 am Mittwoch den 10.09.25&nbsp; \u2013 Aktive Solidarit\u00e4t: konkrete Praxis f\u00fcr das eigene Leben und Umfeld entwickeln und angehen<\/p>\n<p style=\"font-size: 14px; line-height: 1.71429;\"><span style=\"font-weight: bolder; font-size: 14px;\">F\u00fcr wen?<\/span><br>Die Workshops richten sich an (insbesondere cis-)M\u00e4nner und sind zugleich offen f\u00fcr alle Gender, die ihre Perspektiven auf Verantwortung und Solidarit\u00e4t einbringen wollen. Entscheide selbst, ob das grad ein Space f\u00fcr dich ist und frage im Zweifel gern nach. Voraussetzung f\u00fcr die Teilnahme ist f\u00fcr uns ein grundlegendes Bewusstsein \u00fcber Sexismus und m\u00e4nnliche* Privilegien und die Bereitschaft zur aktiven Auseinandersetzung damit.<\/p>\n<p style=\"font-size: 14px; line-height: 1.71429;\">Wenn du glaubst, mit dem Thema schon fertig zu sein: komm unbedingt!<\/p>\n<p style=\"font-size: 14px; line-height: 1.71429;\">Die Workshops sind kein Space um die Aufarbeitung konkreter eigener T\u00e4terschaft bzw. ausge\u00fcbter Gewaltvorf\u00e4lle zu beginnen bzw. damit im Vordergrund zu stehen. Gleichzeitig m\u00f6chten wir eine Content-Warnung aussprechen, da verschiedene Formen von Gewalt zur Sprache kommen k\u00f6nnen.<\/p>\n<p style=\"font-size: 14px; line-height: 1.71429;\"><span style=\"font-weight: bolder; font-size: 14px;\">Team<br><\/span>Wir sind: Chris (keine\/they\/them), Tom (er\/ihm)<br>Wir haben wei\u00dfe Privilegien, sind deutsch-Erstsprachler*innen, und haben oder hatten Zugang zu akademischer Ausbildung. Wir haben unterschiedliche Klassenherk\u00fcnfte, wirtschaftliche M\u00f6glichkeiten und leben zum Teil in prek\u00e4ren Erwerbssituationen. Einzelne von uns leben mit unsichtbaren Erkrankungen. Wir sehen uns in einem st\u00e4ndigen Lernprozess, unsere Privilegien, verinnerlichten Muster und Widerspr\u00fcche zu reflektieren und uns aktiv und solidarisch einzumischen gegen jegliche Form der Unterdr\u00fcckung.<\/p>\n<p style=\"font-size: 14px; line-height: 1.71429;\"><span style=\"font-weight: bolder; font-size: 14px;\">Zeit, Ort, Anmeldung<\/span><\/p>\n<p style=\"font-size: 14px; line-height: 1.71429;\">1. Workshop am Mittwoch, 03.09.25 von 17:30 &#8211; 20:30 Uhr \u2013 Amerlinghaus, Stiftgasse 8, 1070 Wien, Raum &#8222;Saal&#8220;<\/p>\n<p style=\"font-size: 14px; line-height: 1.71429;\">2. Workshop am Mittwoch, 10.09.25 von 17:30 &#8211; 20:30&nbsp; Uhr \u2013 Amerlinghaus, Stiftgasse 8, 1070 Wien, Raum \u201eSaal\u201c<\/p>\n<p style=\"font-size: 14px; line-height: 1.71429;\">Es gibt simple vegane Snacks geben.<\/p>\n<p style=\"font-size: 14px; line-height: 1.71429;\"><span style=\"font-weight: bolder; font-size: 14px;\">Barrieren:<\/span><br>Die R\u00e4ume im Amerlinghaus sind im Erdgeschoss, jedoch ist leider keine barrierearme Toilette vorhanden.<br>Beide Workshops werden in deutscher Lautsprache stattfinden.<\/p>\n<p style=\"font-size: 14px; line-height: 1.71429;\"><span style=\"font-weight: bolder; font-size: 14px;\">Kosten:<\/span><br>\u2013 Der Workshop ist auf anonymer Spendenbasis (Box vor Ort) und eine Teilnahme ist nicht geldabh\u00e4ngig.<br>\u2013 Ihr orientiert euch bei Spenden an der \u201eSkala\u201c zwischen 0\u20ac \u2013 30\u20ac pro Workshopteil. Und ja, 0\u20ac sind wirklich okay!<br>\u2013 Menschen mit h\u00f6heren Einkommen und Verm\u00f6gen bitten wir, jeweils einen h\u00f6heren Betrag zu w\u00e4hlen.<\/p>\n<p style=\"font-size: 14px; line-height: 1.71429;\">Hintergrund: Wir zahlen uns in radix keine individuellen Honorare f\u00fcr einen einzelnen Workshop aus, sondern das Geld geht in den radix kollektiv Finanzpool, mit dem wir unsere Arbeit generell und bedarfsorientiert finanzieren. Wir leisten gro\u00dfteils ehrenamtliche Arbeit.<\/p>\n<p style=\"font-size: 14px; line-height: 1.71429;\"><b><u>Anmeldung bis zum 25. August unter:<br><\/u><\/b><a style=\"color: #333334; font-weight: bold; font-kerning: none; --ys-xuq: none;\" draggable=\"false\" href=\"https:\/\/kurzlinks.de\/verantworten25_2\" target=\"_blank\" rel=\"noopener\">https:\/\/kurzlinks.de\/verantworten25_2<\/a><\/p>\n<p style=\"font-size: 14px; line-height: 1.71429;\">Fragen:&nbsp;<u style=\"font-size: 14px;\"><a style=\"font-size: 14px; transition-property: all;\" href=\"mailto:seminar@kollektiv-radix.at\" rel=\"noreferrer\">seminar(at)kollektiv-radix.at<\/a><\/u><\/p>\n<p style=\"font-size: 14px; line-height: 1.71429;\">Wir w\u00fcnschen uns die&nbsp;<span style=\"font-weight: bolder; font-size: 14px;\">Teilnahme an beiden Workshops und werden diese bei der Anmeldung priorisieren<\/span>. Teilnahme nur am ersten Teil ist m\u00f6glich, wenn Pl\u00e4tze frei bleiben.<\/p><\/div>\n\t\t\t\t<\/div>\n\t\t\t\t<\/div>\n\t\t\t\t\t\t<\/div>\n\t\t\t\t\t<\/div>\n\t\t<\/div>\n\t\t\t\t\t\t\t\t<\/div>\n\t\t\t\t\t<\/div>\n\t\t<\/section>\n\t\t\t\t\t\t<\/div>\n\t\t\t\t\t\t<\/div>\n\t\t\t\t\t<\/div>\n\t\t","protected":false},"excerpt":{"rendered":"<p>Ver_Antworten! M\u00e4nnliche Verantwortungs\u00fcbernahme &amp; aktive Solidarit\u00e4t konkret 2 teiliger Workshop am 03. und 10. September 2025 in Wien Warum?(Insbesondere Cis-)M\u00e4nner, die sich auf den Weg machen, ihre eigenen Sexismen und Privilegien im Patriarchat zu verstehen und anders zu handeln werden mit ihrem eigenen Scheitern in Kontakt kommen. Zwischen (immer unvollst\u00e4ndigem) Bewusstsein und Handeln klafft oftmals ein Graben tief verinnerlichter Muster<\/p>\n<p><a class=\"more-link\" href=\"https:\/\/kollektiv-radix.at\/index.php\/ver_antowrten_september\/\">Weiterlesen<\/a><\/p>\n","protected":false},"author":5,"featured_media":0,"parent":0,"menu_order":0,"comment_status":"closed","ping_status":"closed","template":"","meta":[],"yoast_head":"<!-- This site is optimized with the Yoast SEO plugin v15.3 - https:\/\/yoast.com\/wordpress\/plugins\/seo\/ -->\n<title>Ver_Antworten! M\u00e4nnliche Verantwortungs\u00fcbernahme und aktive Solidarit\u00e4t konkret im September! - radix<\/title>\n<meta name=\"robots\" content=\"index, follow, max-snippet:-1, max-image-preview:large, max-video-preview:-1\" \/>\n<link rel=\"canonical\" href=\"https:\/\/kollektiv-radix.at\/index.php\/ver_antowrten_september\/\" \/>\n<meta property=\"og:locale\" content=\"de_DE\" \/>\n<meta property=\"og:type\" content=\"article\" \/>\n<meta property=\"og:title\" content=\"Ver_Antworten! M\u00e4nnliche Verantwortungs\u00fcbernahme und aktive Solidarit\u00e4t konkret im September! - radix\" \/>\n<meta property=\"og:description\" content=\"Ver_Antworten! M\u00e4nnliche Verantwortungs\u00fcbernahme &amp; aktive Solidarit\u00e4t konkret 2 teiliger Workshop am 03. und 10. September 2025 in Wien Warum?(Insbesondere Cis-)M\u00e4nner, die sich auf den Weg machen, ihre eigenen Sexismen und Privilegien im Patriarchat zu verstehen und anders zu handeln werden mit ihrem eigenen Scheitern in Kontakt kommen. Zwischen (immer unvollst\u00e4ndigem) Bewusstsein und Handeln klafft oftmals ein Graben tief verinnerlichter MusterWeiterlesen\" \/>\n<meta property=\"og:url\" content=\"https:\/\/kollektiv-radix.at\/index.php\/ver_antowrten_september\/\" \/>\n<meta property=\"og:site_name\" content=\"radix\" \/>\n<meta property=\"article:modified_time\" content=\"2025-07-16T18:36:08+00:00\" \/>\n<meta name=\"twitter:card\" content=\"summary_large_image\" \/>\n<meta name=\"twitter:label1\" content=\"Verfasst von\">\n\t<meta name=\"twitter:data1\" content=\"radix zugang allgemein\">\n\t<meta name=\"twitter:label2\" content=\"Gesch\u00e4tzte Lesezeit\">\n\t<meta name=\"twitter:data2\" content=\"2\u00a0Minuten\">\n<script type=\"application\/ld+json\" class=\"yoast-schema-graph\">{\"@context\":\"https:\/\/schema.org\",\"@graph\":[{\"@type\":\"WebSite\",\"@id\":\"https:\/\/kollektiv-radix.at\/#website\",\"url\":\"https:\/\/kollektiv-radix.at\/\",\"name\":\"radix\",\"description\":\"Kollektiv f\\u00fcr transformative Bildung\",\"potentialAction\":[{\"@type\":\"SearchAction\",\"target\":\"https:\/\/kollektiv-radix.at\/?s={search_term_string}\",\"query-input\":\"required name=search_term_string\"}],\"inLanguage\":\"de\"},{\"@type\":\"WebPage\",\"@id\":\"https:\/\/kollektiv-radix.at\/index.php\/ver_antowrten_september\/#webpage\",\"url\":\"https:\/\/kollektiv-radix.at\/index.php\/ver_antowrten_september\/\",\"name\":\"Ver_Antworten! M\\u00e4nnliche Verantwortungs\\u00fcbernahme und aktive Solidarit\\u00e4t konkret im September! - radix\",\"isPartOf\":{\"@id\":\"https:\/\/kollektiv-radix.at\/#website\"},\"datePublished\":\"2025-07-16T18:08:11+00:00\",\"dateModified\":\"2025-07-16T18:36:08+00:00\",\"inLanguage\":\"de\",\"potentialAction\":[{\"@type\":\"ReadAction\",\"target\":[\"https:\/\/kollektiv-radix.at\/index.php\/ver_antowrten_september\/\"]}]}]}<\/script>\n<!-- \/ Yoast SEO plugin. -->","_links":{"self":[{"href":"https:\/\/kollektiv-radix.at\/index.php\/wp-json\/wp\/v2\/pages\/1672"}],"collection":[{"href":"https:\/\/kollektiv-radix.at\/index.php\/wp-json\/wp\/v2\/pages"}],"about":[{"href":"https:\/\/kollektiv-radix.at\/index.php\/wp-json\/wp\/v2\/types\/page"}],"author":[{"embeddable":true,"href":"https:\/\/kollektiv-radix.at\/index.php\/wp-json\/wp\/v2\/users\/5"}],"replies":[{"embeddable":true,"href":"https:\/\/kollektiv-radix.at\/index.php\/wp-json\/wp\/v2\/comments?post=1672"}],"version-history":[{"count":12,"href":"https:\/\/kollektiv-radix.at\/index.php\/wp-json\/wp\/v2\/pages\/1672\/revisions"}],"predecessor-version":[{"id":1729,"href":"https:\/\/kollektiv-radix.at\/index.php\/wp-json\/wp\/v2\/pages\/1672\/revisions\/1729"}],"wp:attachment":[{"href":"https:\/\/kollektiv-radix.at\/index.php\/wp-json\/wp\/v2\/media?parent=1672"}],"curies":[{"name":"wp","href":"https:\/\/api.w.org\/{rel}","templated":true}]}}