{"id":236,"date":"2020-11-24T10:30:22","date_gmt":"2020-11-24T10:30:22","guid":{"rendered":"https:\/\/kollektiv-radix.at\/?page_id=236"},"modified":"2024-01-15T12:56:10","modified_gmt":"2024-01-15T12:56:10","slug":"werwirsind","status":"publish","type":"page","link":"https:\/\/kollektiv-radix.at\/index.php\/werwirsind\/","title":{"rendered":"Wer wir sind"},"content":{"rendered":"\t\t<div data-elementor-type=\"wp-page\" data-elementor-id=\"236\" class=\"elementor elementor-236\" data-elementor-settings=\"[]\">\n\t\t\t\t\t\t<div class=\"elementor-inner\">\n\t\t\t\t\t\t\t<div class=\"elementor-section-wrap\">\n\t\t\t\t\t\t\t<section class=\"elementor-section elementor-top-section elementor-element elementor-element-5f2f461 elementor-section-boxed elementor-section-height-default elementor-section-height-default\" data-id=\"5f2f461\" data-element_type=\"section\">\n\t\t\t\t\t\t<div class=\"elementor-container elementor-column-gap-default\">\n\t\t\t\t\t\t\t<div class=\"elementor-row\">\n\t\t\t\t\t<div class=\"elementor-column elementor-col-100 elementor-top-column elementor-element elementor-element-441cd32\" data-id=\"441cd32\" data-element_type=\"column\">\n\t\t\t<div class=\"elementor-column-wrap elementor-element-populated\">\n\t\t\t\t\t\t\t<div class=\"elementor-widget-wrap\">\n\t\t\t\t\t\t<div class=\"elementor-element elementor-element-ce437d4 elementor-widget elementor-widget-text-editor\" data-id=\"ce437d4\" data-element_type=\"widget\" data-widget_type=\"text-editor.default\">\n\t\t\t\t<div class=\"elementor-widget-container\">\n\t\t\t\t\t<div class=\"elementor-text-editor elementor-clearfix\"><p><strong>Wi<\/strong><b>r sind<\/b> derzeit ein Kernteam von ca. 8 Menschen, die sich urspr\u00fcnglich innerhalb der \u00f6sterreichischen Bewegung f\u00fcr Klimagerechtigkeit zusammengefunden haben, weil uns eine transformative Bildungsarbeit am Herzen liegt. <br \/>Seit unserer Gr\u00fcndung 2019 haben wir unsere Themenfelder erweitert, wobei uns die Verbindung von verschiedenen Themen wichtig ist. Das hei\u00dft, dass wir <b>intersektional<\/b>, <b>multiperspektivisch<\/b> und <b>komplexit\u00e4tsbewusst arbeiten<\/b>.<br \/>Wir sind in verschiedenen <b>Bereichen und Berufen<\/b> t\u00e4tig: in der Sozialarbeit, im Bereich Freiwilligendienste, an der Universit\u00e4t, als Moderator*innen und Prozessbegleiter*innen, Theaterp\u00e4dagog*innen, in NGOs und als Aktivist*innen. Zu radix geh\u00f6rt dar\u00fcber hinaus aber auch ein breiterer Pool an Menschen, die mit uns gemeinsam Workshops geben, Kooperationen schmieden und vieles mehr.<\/p><\/div>\n\t\t\t\t<\/div>\n\t\t\t\t<\/div>\n\t\t\t\t\t\t<\/div>\n\t\t\t\t\t<\/div>\n\t\t<\/div>\n\t\t\t\t\t\t\t\t<\/div>\n\t\t\t\t\t<\/div>\n\t\t<\/section>\n\t\t\t\t<section class=\"elementor-section elementor-top-section elementor-element elementor-element-301c1a59 elementor-section-boxed elementor-section-height-default elementor-section-height-default\" data-id=\"301c1a59\" data-element_type=\"section\">\n\t\t\t\t\t\t<div class=\"elementor-container elementor-column-gap-default\">\n\t\t\t\t\t\t\t<div class=\"elementor-row\">\n\t\t\t\t\t<div class=\"elementor-column elementor-col-100 elementor-top-column elementor-element elementor-element-1470f612\" data-id=\"1470f612\" data-element_type=\"column\">\n\t\t\t<div class=\"elementor-column-wrap elementor-element-populated\">\n\t\t\t\t\t\t\t<div class=\"elementor-widget-wrap\">\n\t\t\t\t\t\t<div class=\"elementor-element elementor-element-1271feb5 elementor-widget elementor-widget-text-editor\" data-id=\"1271feb5\" data-element_type=\"widget\" data-widget_type=\"text-editor.default\">\n\t\t\t\t<div class=\"elementor-widget-container\">\n\t\t\t\t\t<div class=\"elementor-text-editor elementor-clearfix\"><p>Die Frage <b>Wer wir sind <\/b>ist auch eine politische: <br \/>Uns ist wichtig, unsere gesellschaftlichen Positionen und damit einhergehende <a href=\"https:\/\/missy-magazine.de\/blog\/2017\/08\/01\/hae-was-heisst-denn-privilegien\/\"><strong>Privilegien<\/strong><\/a> aufzuzeigen. In manchen Punkten teilen wir Privilegien, in anderen Punkten sind wir ganz unterschiedlich von Diskriminierungen betroffen. Wir im Kernteam haben w<i>ei\u00dfe <\/i>Privilegien, sind deutsch-Erstsprachler*innen, haben \u00f6sterreichische oder deutsche P\u00e4sse und haben oder hatten Zugang zu akademischer Ausbildung. Wir sind mehrheitlich und in unterschiedlicher Intensit\u00e4t von Sexismen betroffen, haben unterschiedliche Klassenherk\u00fcnfte, wirtschaftliche M\u00f6glichkeiten und leben zum Teil in prek\u00e4ren Erwerbssituationen. Einzelne von uns leben mit unsichtbaren Erkrankungen. Wir sehen uns in einem st\u00e4ndigen Lernprozess, unsere Privilegien und verinnerlichten Muster zu reflektieren und uns aktiv und solidarisch einzumischen gegen jegliche Form der Unterdr\u00fcckung. Im kapitalistischen System lebend, sehen wir uns mit Grenzen und Widerspr\u00fcchen in unserem Denken, Handeln und F\u00fchlen konfrontiert, die sich nicht immer aufl\u00f6sen lassen. Wie das in unsere Arbeit einflie\u00dft <a href=\"https:\/\/kollektiv-radix.at\/index.php\/wiewirarbeiten\/\">liest du hier.<\/a><\/p><\/div>\n\t\t\t\t<\/div>\n\t\t\t\t<\/div>\n\t\t\t\t\t\t<\/div>\n\t\t\t\t\t<\/div>\n\t\t<\/div>\n\t\t\t\t\t\t\t\t<\/div>\n\t\t\t\t\t<\/div>\n\t\t<\/section>\n\t\t\t\t<section class=\"elementor-section elementor-top-section elementor-element elementor-element-181689d elementor-section-boxed elementor-section-height-default elementor-section-height-default\" data-id=\"181689d\" data-element_type=\"section\">\n\t\t\t\t\t\t<div class=\"elementor-container elementor-column-gap-default\">\n\t\t\t\t\t\t\t<div class=\"elementor-row\">\n\t\t\t\t\t<div class=\"elementor-column elementor-col-100 elementor-top-column elementor-element elementor-element-e6545db\" data-id=\"e6545db\" data-element_type=\"column\">\n\t\t\t<div class=\"elementor-column-wrap elementor-element-populated\">\n\t\t\t\t\t\t\t<div class=\"elementor-widget-wrap\">\n\t\t\t\t\t\t<div class=\"elementor-element elementor-element-b861717 elementor-widget elementor-widget-text-editor\" data-id=\"b861717\" data-element_type=\"widget\" data-widget_type=\"text-editor.default\">\n\t\t\t\t<div class=\"elementor-widget-container\">\n\t\t\t\t\t<div class=\"elementor-text-editor elementor-clearfix\"><p>Wir wollen in unserem Arbeitsalltag miteinander ausprobieren und selbst lernen, wie ein solidarisches Leben aussehen kann. Aus diesem Grund arbeiten wir als<b> Kollektiv<\/b>. Wir schauen auf unsere unterschiedlichen Lebenslagen, Bed\u00fcrfnisse und Ressourcen und versuchen in unseren Entscheidungen kollektiv Verantwortung mit- und f\u00fcreinander zu \u00fcbernehmen. Wir teilen uns die im Kollektiv anfallende Reproduktionsarbeit und erproben, wie wir Zeit und Geld so verteilen, dass alle m\u00f6glichst sicher und erf\u00fcllt Teil des Kollektivs sein k\u00f6nnen. <br \/>Bisher leisten wir sehr viel unbezahlte Arbeit.<\/p><\/div>\n\t\t\t\t<\/div>\n\t\t\t\t<\/div>\n\t\t\t\t\t\t<\/div>\n\t\t\t\t\t<\/div>\n\t\t<\/div>\n\t\t\t\t\t\t\t\t<\/div>\n\t\t\t\t\t<\/div>\n\t\t<\/section>\n\t\t\t\t\t\t<\/div>\n\t\t\t\t\t\t<\/div>\n\t\t\t\t\t<\/div>\n\t\t","protected":false},"excerpt":{"rendered":"<p>Wir sind derzeit ein Kernteam von ca. 8 Menschen, die sich urspr\u00fcnglich innerhalb der \u00f6sterreichischen Bewegung f\u00fcr Klimagerechtigkeit zusammengefunden haben, weil uns eine transformative Bildungsarbeit am Herzen liegt. Seit unserer Gr\u00fcndung 2019 haben wir unsere Themenfelder erweitert, wobei uns die Verbindung von verschiedenen Themen wichtig ist. Das hei\u00dft, dass wir intersektional, multiperspektivisch und komplexit\u00e4tsbewusst arbeiten.Wir sind in verschiedenen Bereichen und<\/p>\n<p><a class=\"more-link\" href=\"https:\/\/kollektiv-radix.at\/index.php\/werwirsind\/\">Weiterlesen<\/a><\/p>\n","protected":false},"author":4,"featured_media":0,"parent":0,"menu_order":0,"comment_status":"closed","ping_status":"closed","template":"","meta":[],"yoast_head":"<!-- This site is optimized with the Yoast SEO plugin v15.3 - https:\/\/yoast.com\/wordpress\/plugins\/seo\/ -->\n<title>Wer wir sind - radix<\/title>\n<meta name=\"robots\" content=\"index, follow, max-snippet:-1, max-image-preview:large, max-video-preview:-1\" \/>\n<link rel=\"canonical\" href=\"https:\/\/kollektiv-radix.at\/index.php\/werwirsind\/\" \/>\n<meta property=\"og:locale\" content=\"de_DE\" \/>\n<meta property=\"og:type\" content=\"article\" \/>\n<meta property=\"og:title\" content=\"Wer wir sind - radix\" \/>\n<meta property=\"og:description\" content=\"Wir sind derzeit ein Kernteam von ca. 8 Menschen, die sich urspr\u00fcnglich innerhalb der \u00f6sterreichischen Bewegung f\u00fcr Klimagerechtigkeit zusammengefunden haben, weil uns eine transformative Bildungsarbeit am Herzen liegt. Seit unserer Gr\u00fcndung 2019 haben wir unsere Themenfelder erweitert, wobei uns die Verbindung von verschiedenen Themen wichtig ist. Das hei\u00dft, dass wir intersektional, multiperspektivisch und komplexit\u00e4tsbewusst arbeiten.Wir sind in verschiedenen Bereichen undWeiterlesen\" \/>\n<meta property=\"og:url\" content=\"https:\/\/kollektiv-radix.at\/index.php\/werwirsind\/\" \/>\n<meta property=\"og:site_name\" content=\"radix\" \/>\n<meta property=\"article:modified_time\" content=\"2024-01-15T12:56:10+00:00\" \/>\n<meta name=\"twitter:card\" content=\"summary_large_image\" \/>\n<meta name=\"twitter:label1\" content=\"Verfasst von\">\n\t<meta name=\"twitter:data1\" content=\"Sven\">\n\t<meta name=\"twitter:label2\" content=\"Gesch\u00e4tzte Lesezeit\">\n\t<meta name=\"twitter:data2\" content=\"1\u00a0Minute\">\n<script type=\"application\/ld+json\" class=\"yoast-schema-graph\">{\"@context\":\"https:\/\/schema.org\",\"@graph\":[{\"@type\":\"WebSite\",\"@id\":\"https:\/\/kollektiv-radix.at\/#website\",\"url\":\"https:\/\/kollektiv-radix.at\/\",\"name\":\"radix\",\"description\":\"Kollektiv f\\u00fcr transformative Bildung\",\"potentialAction\":[{\"@type\":\"SearchAction\",\"target\":\"https:\/\/kollektiv-radix.at\/?s={search_term_string}\",\"query-input\":\"required name=search_term_string\"}],\"inLanguage\":\"de\"},{\"@type\":\"WebPage\",\"@id\":\"https:\/\/kollektiv-radix.at\/index.php\/werwirsind\/#webpage\",\"url\":\"https:\/\/kollektiv-radix.at\/index.php\/werwirsind\/\",\"name\":\"Wer wir sind - radix\",\"isPartOf\":{\"@id\":\"https:\/\/kollektiv-radix.at\/#website\"},\"datePublished\":\"2020-11-24T10:30:22+00:00\",\"dateModified\":\"2024-01-15T12:56:10+00:00\",\"inLanguage\":\"de\",\"potentialAction\":[{\"@type\":\"ReadAction\",\"target\":[\"https:\/\/kollektiv-radix.at\/index.php\/werwirsind\/\"]}]}]}<\/script>\n<!-- \/ Yoast SEO plugin. -->","_links":{"self":[{"href":"https:\/\/kollektiv-radix.at\/index.php\/wp-json\/wp\/v2\/pages\/236"}],"collection":[{"href":"https:\/\/kollektiv-radix.at\/index.php\/wp-json\/wp\/v2\/pages"}],"about":[{"href":"https:\/\/kollektiv-radix.at\/index.php\/wp-json\/wp\/v2\/types\/page"}],"author":[{"embeddable":true,"href":"https:\/\/kollektiv-radix.at\/index.php\/wp-json\/wp\/v2\/users\/4"}],"replies":[{"embeddable":true,"href":"https:\/\/kollektiv-radix.at\/index.php\/wp-json\/wp\/v2\/comments?post=236"}],"version-history":[{"count":50,"href":"https:\/\/kollektiv-radix.at\/index.php\/wp-json\/wp\/v2\/pages\/236\/revisions"}],"predecessor-version":[{"id":1217,"href":"https:\/\/kollektiv-radix.at\/index.php\/wp-json\/wp\/v2\/pages\/236\/revisions\/1217"}],"wp:attachment":[{"href":"https:\/\/kollektiv-radix.at\/index.php\/wp-json\/wp\/v2\/media?parent=236"}],"curies":[{"name":"wp","href":"https:\/\/api.w.org\/{rel}","templated":true}]}}