{"id":240,"date":"2020-11-24T10:55:56","date_gmt":"2020-11-24T10:55:56","guid":{"rendered":"https:\/\/kollektiv-radix.at\/?page_id=240"},"modified":"2024-01-15T13:07:04","modified_gmt":"2024-01-15T13:07:04","slug":"warumradix","status":"publish","type":"page","link":"https:\/\/kollektiv-radix.at\/index.php\/warumradix\/","title":{"rendered":"Warum &#8222;radix&#8220;?"},"content":{"rendered":"\t\t<div data-elementor-type=\"wp-page\" data-elementor-id=\"240\" class=\"elementor elementor-240\" data-elementor-settings=\"[]\">\n\t\t\t\t\t\t<div class=\"elementor-inner\">\n\t\t\t\t\t\t\t<div class=\"elementor-section-wrap\">\n\t\t\t\t\t\t\t<section class=\"elementor-section elementor-top-section elementor-element elementor-element-3d76cba7 elementor-section-boxed elementor-section-height-default elementor-section-height-default\" data-id=\"3d76cba7\" data-element_type=\"section\">\n\t\t\t\t\t\t<div class=\"elementor-container elementor-column-gap-default\">\n\t\t\t\t\t\t\t<div class=\"elementor-row\">\n\t\t\t\t\t<div class=\"elementor-column elementor-col-100 elementor-top-column elementor-element elementor-element-763986da\" data-id=\"763986da\" data-element_type=\"column\">\n\t\t\t<div class=\"elementor-column-wrap elementor-element-populated\">\n\t\t\t\t\t\t\t<div class=\"elementor-widget-wrap\">\n\t\t\t\t\t\t<div class=\"elementor-element elementor-element-2f707c15 elementor-widget elementor-widget-text-editor\" data-id=\"2f707c15\" data-element_type=\"widget\" data-widget_type=\"text-editor.default\">\n\t\t\t\t<div class=\"elementor-widget-container\">\n\t\t\t\t\t<div class=\"elementor-text-editor elementor-clearfix\"><p><strong>radix<\/strong> kommt aus dem Lateinischen und bedeutet soviel wie:<em> Wurzel, Grund oder Basis.&nbsp;<\/em><\/p>\n<p>Uns ist wichtig, dass sich Bildungsarbeit in Zeiten immer verschiedener und verstrickter werdender Krisen fragt, wo deren vielf\u00e4ltige <b>Wurzeln <\/b>liegen, warum so wenig Wandel geschieht und wie Ver\u00e4nderung m\u00f6glich werden kann. Wir hinterfragen in unserer Bildungsarbeit die Normalit\u00e4t eines kapitalistischen Wirtschaftssystem, das endloses Wachstum auf der Grundlage der Ausbeutung von Mensch und Natur verspricht und eng mit Rassismus, Sexismus, Klassismus, Ableismus und anderen Formen von Ungerechtigkeiten und Unterdr\u00fcckung verflochten ist.<\/p><p>Wir sprechen von <b>transformativer <\/b>Bildung, weil es uns nicht nur um Kritik sondern auch um Ver\u00e4nderung geht, die ein <b>Gutes Leben f\u00fcr Alle <\/b>m\u00f6glich\n macht. Wir unterst\u00fctzen die Forderungen sozialen und emanzipatorischen \nBewegungen und unsere Bildungsarbeit m\u00f6chte die Suche nach systemischen \nAntworten auf systemische Krisen ins Zentrum stellen.&nbsp;<\/p>\nBildungsarbeit ist f\u00fcr uns also<b> immer politisch<\/b>, auch wenn sie\n von staatlichen Institutionen vorgibt, neutral zu sein. Sie kann \nMissst\u00e4nde legitimieren oder kritisieren, intervenieren oder schweigen, \nAnpassung oder Einmischung f\u00f6rdern. Im Alltag &#8211; sei es in Schulen, \nAusbildungen, Arbeitspl\u00e4tzen, Beziehungen &#8211; lernen wir zu oft, eine \nnicht-nachhaltige und ausbeuterische Lebensweise normal zu finden.&nbsp;<br><b>Radix bedeutet f\u00fcr uns zu<\/b> <b>ermutigen<\/b>,\n sich auf grundlegende und langfristige Lernprozesse einzulassen, die \nneben den systemischen auch an die Wurzeln eigener Pr\u00e4gungen und \nSozialisation gehen.<p><\/p>\n<p><\/p>\n<p><!-- wp:paragraph --><\/p>\n<p><!-- \/wp:paragraph --><\/p><\/div>\n\t\t\t\t<\/div>\n\t\t\t\t<\/div>\n\t\t\t\t\t\t<\/div>\n\t\t\t\t\t<\/div>\n\t\t<\/div>\n\t\t\t\t\t\t\t\t<\/div>\n\t\t\t\t\t<\/div>\n\t\t<\/section>\n\t\t\t\t<section class=\"elementor-section elementor-top-section elementor-element elementor-element-893bb71 elementor-section-boxed elementor-section-height-default elementor-section-height-default\" data-id=\"893bb71\" data-element_type=\"section\">\n\t\t\t\t\t\t<div class=\"elementor-container elementor-column-gap-default\">\n\t\t\t\t\t\t\t<div class=\"elementor-row\">\n\t\t\t\t\t<div class=\"elementor-column elementor-col-100 elementor-top-column elementor-element elementor-element-2ee64f0\" data-id=\"2ee64f0\" data-element_type=\"column\">\n\t\t\t<div class=\"elementor-column-wrap elementor-element-populated\">\n\t\t\t\t\t\t\t<div class=\"elementor-widget-wrap\">\n\t\t\t\t\t\t<div class=\"elementor-element elementor-element-7c929d8 elementor-widget elementor-widget-text-editor\" data-id=\"7c929d8\" data-element_type=\"widget\" data-widget_type=\"text-editor.default\">\n\t\t\t\t<div class=\"elementor-widget-container\">\n\t\t\t\t\t<div class=\"elementor-text-editor elementor-clearfix\"><\/div>\n\t\t\t\t<\/div>\n\t\t\t\t<\/div>\n\t\t\t\t\t\t<\/div>\n\t\t\t\t\t<\/div>\n\t\t<\/div>\n\t\t\t\t\t\t\t\t<\/div>\n\t\t\t\t\t<\/div>\n\t\t<\/section>\n\t\t\t\t\t\t<\/div>\n\t\t\t\t\t\t<\/div>\n\t\t\t\t\t<\/div>\n\t\t","protected":false},"excerpt":{"rendered":"<p>radix kommt aus dem Lateinischen und bedeutet soviel wie: Wurzel, Grund oder Basis.&nbsp; Uns ist wichtig, dass sich Bildungsarbeit in Zeiten immer verschiedener und verstrickter werdender Krisen fragt, wo deren vielf\u00e4ltige Wurzeln liegen, warum so wenig Wandel geschieht und wie Ver\u00e4nderung m\u00f6glich werden kann. Wir hinterfragen in unserer Bildungsarbeit die Normalit\u00e4t eines kapitalistischen Wirtschaftssystem, das endloses Wachstum auf der Grundlage<\/p>\n<p><a class=\"more-link\" href=\"https:\/\/kollektiv-radix.at\/index.php\/warumradix\/\">Weiterlesen<\/a><\/p>\n","protected":false},"author":4,"featured_media":0,"parent":0,"menu_order":0,"comment_status":"closed","ping_status":"closed","template":"","meta":[],"yoast_head":"<!-- This site is optimized with the Yoast SEO plugin v15.3 - https:\/\/yoast.com\/wordpress\/plugins\/seo\/ -->\n<title>Warum &quot;radix&quot;? - radix<\/title>\n<meta name=\"robots\" content=\"index, follow, max-snippet:-1, max-image-preview:large, max-video-preview:-1\" \/>\n<link rel=\"canonical\" href=\"https:\/\/kollektiv-radix.at\/index.php\/warumradix\/\" \/>\n<meta property=\"og:locale\" content=\"de_DE\" \/>\n<meta property=\"og:type\" content=\"article\" \/>\n<meta property=\"og:title\" content=\"Warum &quot;radix&quot;? - radix\" \/>\n<meta property=\"og:description\" content=\"radix kommt aus dem Lateinischen und bedeutet soviel wie: Wurzel, Grund oder Basis.&nbsp; Uns ist wichtig, dass sich Bildungsarbeit in Zeiten immer verschiedener und verstrickter werdender Krisen fragt, wo deren vielf\u00e4ltige Wurzeln liegen, warum so wenig Wandel geschieht und wie Ver\u00e4nderung m\u00f6glich werden kann. Wir hinterfragen in unserer Bildungsarbeit die Normalit\u00e4t eines kapitalistischen Wirtschaftssystem, das endloses Wachstum auf der GrundlageWeiterlesen\" \/>\n<meta property=\"og:url\" content=\"https:\/\/kollektiv-radix.at\/index.php\/warumradix\/\" \/>\n<meta property=\"og:site_name\" content=\"radix\" \/>\n<meta property=\"article:modified_time\" content=\"2024-01-15T13:07:04+00:00\" \/>\n<meta name=\"twitter:card\" content=\"summary_large_image\" \/>\n<meta name=\"twitter:label1\" content=\"Verfasst von\">\n\t<meta name=\"twitter:data1\" content=\"Sven\">\n\t<meta name=\"twitter:label2\" content=\"Gesch\u00e4tzte Lesezeit\">\n\t<meta name=\"twitter:data2\" content=\"1\u00a0Minute\">\n<script type=\"application\/ld+json\" class=\"yoast-schema-graph\">{\"@context\":\"https:\/\/schema.org\",\"@graph\":[{\"@type\":\"WebSite\",\"@id\":\"https:\/\/kollektiv-radix.at\/#website\",\"url\":\"https:\/\/kollektiv-radix.at\/\",\"name\":\"radix\",\"description\":\"Kollektiv f\\u00fcr transformative Bildung\",\"potentialAction\":[{\"@type\":\"SearchAction\",\"target\":\"https:\/\/kollektiv-radix.at\/?s={search_term_string}\",\"query-input\":\"required name=search_term_string\"}],\"inLanguage\":\"de\"},{\"@type\":\"WebPage\",\"@id\":\"https:\/\/kollektiv-radix.at\/index.php\/warumradix\/#webpage\",\"url\":\"https:\/\/kollektiv-radix.at\/index.php\/warumradix\/\",\"name\":\"Warum \\\"radix\\\"? - radix\",\"isPartOf\":{\"@id\":\"https:\/\/kollektiv-radix.at\/#website\"},\"datePublished\":\"2020-11-24T10:55:56+00:00\",\"dateModified\":\"2024-01-15T13:07:04+00:00\",\"inLanguage\":\"de\",\"potentialAction\":[{\"@type\":\"ReadAction\",\"target\":[\"https:\/\/kollektiv-radix.at\/index.php\/warumradix\/\"]}]}]}<\/script>\n<!-- \/ Yoast SEO plugin. -->","_links":{"self":[{"href":"https:\/\/kollektiv-radix.at\/index.php\/wp-json\/wp\/v2\/pages\/240"}],"collection":[{"href":"https:\/\/kollektiv-radix.at\/index.php\/wp-json\/wp\/v2\/pages"}],"about":[{"href":"https:\/\/kollektiv-radix.at\/index.php\/wp-json\/wp\/v2\/types\/page"}],"author":[{"embeddable":true,"href":"https:\/\/kollektiv-radix.at\/index.php\/wp-json\/wp\/v2\/users\/4"}],"replies":[{"embeddable":true,"href":"https:\/\/kollektiv-radix.at\/index.php\/wp-json\/wp\/v2\/comments?post=240"}],"version-history":[{"count":27,"href":"https:\/\/kollektiv-radix.at\/index.php\/wp-json\/wp\/v2\/pages\/240\/revisions"}],"predecessor-version":[{"id":1224,"href":"https:\/\/kollektiv-radix.at\/index.php\/wp-json\/wp\/v2\/pages\/240\/revisions\/1224"}],"wp:attachment":[{"href":"https:\/\/kollektiv-radix.at\/index.php\/wp-json\/wp\/v2\/media?parent=240"}],"curies":[{"name":"wp","href":"https:\/\/api.w.org\/{rel}","templated":true}]}}