{"id":270,"date":"2021-01-26T14:54:05","date_gmt":"2021-01-26T14:54:05","guid":{"rendered":"https:\/\/kollektiv-radix.at\/?page_id=270"},"modified":"2023-07-06T12:17:23","modified_gmt":"2023-07-06T12:17:23","slug":"mitstreiterinnen","status":"publish","type":"page","link":"https:\/\/kollektiv-radix.at\/index.php\/mitstreiterinnen\/","title":{"rendered":"Mitstreiter*innen"},"content":{"rendered":"\t\t<div data-elementor-type=\"wp-page\" data-elementor-id=\"270\" class=\"elementor elementor-270\" data-elementor-settings=\"[]\">\n\t\t\t\t\t\t<div class=\"elementor-inner\">\n\t\t\t\t\t\t\t<div class=\"elementor-section-wrap\">\n\t\t\t\t\t\t\t<section class=\"elementor-section elementor-top-section elementor-element elementor-element-58d408f elementor-section-boxed elementor-section-height-default elementor-section-height-default\" data-id=\"58d408f\" data-element_type=\"section\">\n\t\t\t\t\t\t<div class=\"elementor-container elementor-column-gap-default\">\n\t\t\t\t\t\t\t<div class=\"elementor-row\">\n\t\t\t\t\t<div class=\"elementor-column elementor-col-100 elementor-top-column elementor-element elementor-element-5b813f32\" data-id=\"5b813f32\" data-element_type=\"column\">\n\t\t\t<div class=\"elementor-column-wrap elementor-element-populated\">\n\t\t\t\t\t\t\t<div class=\"elementor-widget-wrap\">\n\t\t\t\t\t\t<div class=\"elementor-element elementor-element-49b9b1ec elementor-widget elementor-widget-text-editor\" data-id=\"49b9b1ec\" data-element_type=\"widget\" data-widget_type=\"text-editor.default\">\n\t\t\t\t<div class=\"elementor-widget-container\">\n\t\t\t\t\t<div class=\"elementor-text-editor elementor-clearfix\"><p><!-- wp:paragraph --><\/p>\n<p>Wir sehen uns Teil eines wachsenden \u00d6kosystems aus sozialen Bewegungen, Kollektiven und anderen Akteur*innen, die sich f\u00fcr einen Systemwandel hin zu einer solidarische Lebensweise einsetzen. Wir m\u00f6chten hier Gruppen und Initiativen verlinken mit denen wir bisher kooperieren und dadurch auch unsere Arbeit mitpr\u00e4gen.<\/p>\n<p><!-- \/wp:paragraph --><\/p>\n<p><!-- wp:paragraph --><\/p>\n<p><!-- \/wp:paragraph --><\/p><\/div>\n\t\t\t\t<\/div>\n\t\t\t\t<\/div>\n\t\t\t\t\t\t<\/div>\n\t\t\t\t\t<\/div>\n\t\t<\/div>\n\t\t\t\t\t\t\t\t<\/div>\n\t\t\t\t\t<\/div>\n\t\t<\/section>\n\t\t\t\t<section class=\"elementor-section elementor-top-section elementor-element elementor-element-be9a99e elementor-section-boxed elementor-section-height-default elementor-section-height-default\" data-id=\"be9a99e\" data-element_type=\"section\">\n\t\t\t\t\t\t<div class=\"elementor-container elementor-column-gap-default\">\n\t\t\t\t\t\t\t<div class=\"elementor-row\">\n\t\t\t\t\t<div class=\"elementor-column elementor-col-25 elementor-top-column elementor-element elementor-element-bf6c959\" data-id=\"bf6c959\" data-element_type=\"column\">\n\t\t\t<div class=\"elementor-column-wrap elementor-element-populated\">\n\t\t\t\t\t\t\t<div class=\"elementor-widget-wrap\">\n\t\t\t\t\t\t<div class=\"elementor-element elementor-element-9f65990 elementor-absolute elementor-widget elementor-widget-image\" data-id=\"9f65990\" data-element_type=\"widget\" data-settings=\"{&quot;_position&quot;:&quot;absolute&quot;}\" data-widget_type=\"image.default\">\n\t\t\t\t<div class=\"elementor-widget-container\">\n\t\t\t\t\t<div class=\"elementor-image\">\n\t\t\t\t\t\t\t\t\t\t\t<a href=\"https:\/\/humus.live\/\">\n\t\t\t\t\t\t\t<img width=\"681\" height=\"248\" src=\"https:\/\/kollektiv-radix.at\/wp-content\/uploads\/2022\/04\/cropped-humus_quer_farbe_du\u0308nkler-1.png\" class=\"attachment-large size-large\" alt=\"\" decoding=\"async\" loading=\"lazy\" srcset=\"https:\/\/kollektiv-radix.at\/wp-content\/uploads\/2022\/04\/cropped-humus_quer_farbe_du\u0308nkler-1.png 681w, https:\/\/kollektiv-radix.at\/wp-content\/uploads\/2022\/04\/cropped-humus_quer_farbe_du\u0308nkler-1-300x109.png 300w\" sizes=\"(max-width: 681px) 100vw, 681px\" \/>\t\t\t\t\t\t\t\t<\/a>\n\t\t\t\t\t\t\t\t\t\t\t<\/div>\n\t\t\t\t<\/div>\n\t\t\t\t<\/div>\n\t\t\t\t\t\t<\/div>\n\t\t\t\t\t<\/div>\n\t\t<\/div>\n\t\t\t\t<div class=\"elementor-column elementor-col-25 elementor-top-column elementor-element elementor-element-f0864d0\" data-id=\"f0864d0\" data-element_type=\"column\">\n\t\t\t<div class=\"elementor-column-wrap elementor-element-populated\">\n\t\t\t\t\t\t\t<div class=\"elementor-widget-wrap\">\n\t\t\t\t\t\t<div class=\"elementor-element elementor-element-11f6109 elementor-widget elementor-widget-image\" data-id=\"11f6109\" data-element_type=\"widget\" data-widget_type=\"image.default\">\n\t\t\t\t<div class=\"elementor-widget-container\">\n\t\t\t\t\t<div class=\"elementor-image\">\n\t\t\t\t\t\t\t\t\t\t\t<a href=\"https:\/\/kauz-project.org\/index.php\/de\/projektinformation\/\">\n\t\t\t\t\t\t\t<img width=\"600\" height=\"600\" src=\"https:\/\/kollektiv-radix.at\/wp-content\/uploads\/2022\/03\/KAUZ_logo_RGB_black.jpg\" class=\"attachment-medium_large size-medium_large\" alt=\"\" decoding=\"async\" loading=\"lazy\" srcset=\"https:\/\/kollektiv-radix.at\/wp-content\/uploads\/2022\/03\/KAUZ_logo_RGB_black.jpg 600w, https:\/\/kollektiv-radix.at\/wp-content\/uploads\/2022\/03\/KAUZ_logo_RGB_black-300x300.jpg 300w, https:\/\/kollektiv-radix.at\/wp-content\/uploads\/2022\/03\/KAUZ_logo_RGB_black-150x150.jpg 150w\" sizes=\"(max-width: 600px) 100vw, 600px\" \/>\t\t\t\t\t\t\t\t<\/a>\n\t\t\t\t\t\t\t\t\t\t\t<\/div>\n\t\t\t\t<\/div>\n\t\t\t\t<\/div>\n\t\t\t\t\t\t<\/div>\n\t\t\t\t\t<\/div>\n\t\t<\/div>\n\t\t\t\t<div class=\"elementor-column elementor-col-25 elementor-top-column elementor-element elementor-element-48bcf36\" data-id=\"48bcf36\" data-element_type=\"column\">\n\t\t\t<div class=\"elementor-column-wrap elementor-element-populated\">\n\t\t\t\t\t\t\t<div class=\"elementor-widget-wrap\">\n\t\t\t\t\t\t<div class=\"elementor-element elementor-element-5a807b7 elementor-absolute elementor-widget elementor-widget-image\" data-id=\"5a807b7\" data-element_type=\"widget\" data-settings=\"{&quot;_position&quot;:&quot;absolute&quot;}\" data-widget_type=\"image.default\">\n\t\t\t\t<div class=\"elementor-widget-container\">\n\t\t\t\t\t<div class=\"elementor-image\">\n\t\t\t\t\t\t\t\t\t\t\t<a href=\"https:\/\/ulexproject.org\/\">\n\t\t\t\t\t\t\t<img width=\"250\" height=\"133\" src=\"https:\/\/kollektiv-radix.at\/wp-content\/uploads\/2022\/04\/ulex-new-logo.png\" class=\"attachment-large size-large\" alt=\"\" decoding=\"async\" loading=\"lazy\" \/>\t\t\t\t\t\t\t\t<\/a>\n\t\t\t\t\t\t\t\t\t\t\t<\/div>\n\t\t\t\t<\/div>\n\t\t\t\t<\/div>\n\t\t\t\t\t\t<\/div>\n\t\t\t\t\t<\/div>\n\t\t<\/div>\n\t\t\t\t<div class=\"elementor-column elementor-col-25 elementor-top-column elementor-element elementor-element-d9f3d51\" data-id=\"d9f3d51\" data-element_type=\"column\">\n\t\t\t<div class=\"elementor-column-wrap elementor-element-populated\">\n\t\t\t\t\t\t\t<div class=\"elementor-widget-wrap\">\n\t\t\t\t\t\t<div class=\"elementor-element elementor-element-a3c7ce2 elementor-absolute elementor-widget elementor-widget-image\" data-id=\"a3c7ce2\" data-element_type=\"widget\" data-settings=\"{&quot;_position&quot;:&quot;absolute&quot;}\" data-widget_type=\"image.default\">\n\t\t\t\t<div class=\"elementor-widget-container\">\n\t\t\t\t\t<div class=\"elementor-image\">\n\t\t\t\t\t\t\t\t\t\t\t<a href=\"https:\/\/konzeptwerk-neue-oekonomie.org\/\">\n\t\t\t\t\t\t\t<img width=\"1430\" height=\"526\" src=\"https:\/\/kollektiv-radix.at\/wp-content\/uploads\/2022\/08\/KNOE-Logo.png\" class=\"attachment-2048x2048 size-2048x2048\" alt=\"\" decoding=\"async\" loading=\"lazy\" srcset=\"https:\/\/kollektiv-radix.at\/wp-content\/uploads\/2022\/08\/KNOE-Logo.png 1430w, https:\/\/kollektiv-radix.at\/wp-content\/uploads\/2022\/08\/KNOE-Logo-300x110.png 300w, https:\/\/kollektiv-radix.at\/wp-content\/uploads\/2022\/08\/KNOE-Logo-1024x377.png 1024w, https:\/\/kollektiv-radix.at\/wp-content\/uploads\/2022\/08\/KNOE-Logo-768x282.png 768w, https:\/\/kollektiv-radix.at\/wp-content\/uploads\/2022\/08\/KNOE-Logo-800x294.png 800w\" sizes=\"(max-width: 1430px) 100vw, 1430px\" \/>\t\t\t\t\t\t\t\t<\/a>\n\t\t\t\t\t\t\t\t\t\t\t<\/div>\n\t\t\t\t<\/div>\n\t\t\t\t<\/div>\n\t\t\t\t\t\t<\/div>\n\t\t\t\t\t<\/div>\n\t\t<\/div>\n\t\t\t\t\t\t\t\t<\/div>\n\t\t\t\t\t<\/div>\n\t\t<\/section>\n\t\t\t\t<section class=\"elementor-section elementor-top-section elementor-element elementor-element-287a060 elementor-section-boxed elementor-section-height-default elementor-section-height-default\" data-id=\"287a060\" data-element_type=\"section\">\n\t\t\t\t\t\t<div class=\"elementor-container elementor-column-gap-default\">\n\t\t\t\t\t\t\t<div class=\"elementor-row\">\n\t\t\t\t\t<div class=\"elementor-column elementor-col-25 elementor-top-column elementor-element elementor-element-bf09852\" data-id=\"bf09852\" data-element_type=\"column\">\n\t\t\t<div class=\"elementor-column-wrap elementor-element-populated\">\n\t\t\t\t\t\t\t<div class=\"elementor-widget-wrap\">\n\t\t\t\t\t\t<div class=\"elementor-element elementor-element-bd69d62 elementor-absolute elementor-widget elementor-widget-image\" data-id=\"bd69d62\" data-element_type=\"widget\" data-settings=\"{&quot;_position&quot;:&quot;absolute&quot;}\" data-widget_type=\"image.default\">\n\t\t\t\t<div class=\"elementor-widget-container\">\n\t\t\t\t\t<div class=\"elementor-image\">\n\t\t\t\t\t\t\t\t\t\t\t<a href=\"http:\/\/buwa-kollektiv.de\/\">\n\t\t\t\t\t\t\t<img width=\"1024\" height=\"545\" src=\"https:\/\/kollektiv-radix.at\/wp-content\/uploads\/2023\/05\/BuWa_Logo-1024x545.png\" class=\"attachment-large size-large\" alt=\"\" decoding=\"async\" loading=\"lazy\" srcset=\"https:\/\/kollektiv-radix.at\/wp-content\/uploads\/2023\/05\/BuWa_Logo-1024x545.png 1024w, https:\/\/kollektiv-radix.at\/wp-content\/uploads\/2023\/05\/BuWa_Logo-300x160.png 300w, https:\/\/kollektiv-radix.at\/wp-content\/uploads\/2023\/05\/BuWa_Logo-768x409.png 768w, https:\/\/kollektiv-radix.at\/wp-content\/uploads\/2023\/05\/BuWa_Logo-800x426.png 800w, https:\/\/kollektiv-radix.at\/wp-content\/uploads\/2023\/05\/BuWa_Logo.png 1536w\" sizes=\"(max-width: 1024px) 100vw, 1024px\" \/>\t\t\t\t\t\t\t\t<\/a>\n\t\t\t\t\t\t\t\t\t\t\t<\/div>\n\t\t\t\t<\/div>\n\t\t\t\t<\/div>\n\t\t\t\t\t\t<\/div>\n\t\t\t\t\t<\/div>\n\t\t<\/div>\n\t\t\t\t<div class=\"elementor-column elementor-col-25 elementor-top-column elementor-element elementor-element-946ebda\" data-id=\"946ebda\" data-element_type=\"column\">\n\t\t\t<div class=\"elementor-column-wrap elementor-element-populated\">\n\t\t\t\t\t\t\t<div class=\"elementor-widget-wrap\">\n\t\t\t\t\t\t<div class=\"elementor-element elementor-element-33f30e2 elementor-widget elementor-widget-image\" data-id=\"33f30e2\" data-element_type=\"widget\" data-widget_type=\"image.default\">\n\t\t\t\t<div class=\"elementor-widget-container\">\n\t\t\t\t\t<div class=\"elementor-image\">\n\t\t\t\t\t\t\t\t\t\t\t<a href=\"https:\/\/fairsorgen.at\/\">\n\t\t\t\t\t\t\t<img width=\"200\" height=\"200\" src=\"https:\/\/kollektiv-radix.at\/wp-content\/uploads\/2023\/05\/FAIRsorgen_LogoSlogan_Web_kompakt_auf-violett-200x200-1.jpg\" class=\"attachment-large size-large\" alt=\"\" decoding=\"async\" loading=\"lazy\" srcset=\"https:\/\/kollektiv-radix.at\/wp-content\/uploads\/2023\/05\/FAIRsorgen_LogoSlogan_Web_kompakt_auf-violett-200x200-1.jpg 200w, https:\/\/kollektiv-radix.at\/wp-content\/uploads\/2023\/05\/FAIRsorgen_LogoSlogan_Web_kompakt_auf-violett-200x200-1-150x150.jpg 150w\" sizes=\"(max-width: 200px) 100vw, 200px\" \/>\t\t\t\t\t\t\t\t<\/a>\n\t\t\t\t\t\t\t\t\t\t\t<\/div>\n\t\t\t\t<\/div>\n\t\t\t\t<\/div>\n\t\t\t\t\t\t<\/div>\n\t\t\t\t\t<\/div>\n\t\t<\/div>\n\t\t\t\t<div class=\"elementor-column elementor-col-25 elementor-top-column elementor-element elementor-element-24e7734\" data-id=\"24e7734\" data-element_type=\"column\">\n\t\t\t<div class=\"elementor-column-wrap elementor-element-populated\">\n\t\t\t\t\t\t\t<div class=\"elementor-widget-wrap\">\n\t\t\t\t\t\t<div class=\"elementor-element elementor-element-7d2a0e7 elementor-widget__width-initial elementor-absolute elementor-widget elementor-widget-image\" data-id=\"7d2a0e7\" data-element_type=\"widget\" data-settings=\"{&quot;_position&quot;:&quot;absolute&quot;}\" data-widget_type=\"image.default\">\n\t\t\t\t<div class=\"elementor-widget-container\">\n\t\t\t\t\t<div class=\"elementor-image\">\n\t\t\t\t\t\t\t\t\t\t\t<a href=\"https:\/\/www.civilaction.net\/\">\n\t\t\t\t\t\t\t<img width=\"963\" height=\"410\" src=\"https:\/\/kollektiv-radix.at\/wp-content\/uploads\/2023\/05\/CAN-grafik.png\" class=\"attachment-large size-large\" alt=\"\" decoding=\"async\" loading=\"lazy\" srcset=\"https:\/\/kollektiv-radix.at\/wp-content\/uploads\/2023\/05\/CAN-grafik.png 963w, https:\/\/kollektiv-radix.at\/wp-content\/uploads\/2023\/05\/CAN-grafik-300x128.png 300w, https:\/\/kollektiv-radix.at\/wp-content\/uploads\/2023\/05\/CAN-grafik-768x327.png 768w, https:\/\/kollektiv-radix.at\/wp-content\/uploads\/2023\/05\/CAN-grafik-800x341.png 800w\" sizes=\"(max-width: 963px) 100vw, 963px\" \/>\t\t\t\t\t\t\t\t<\/a>\n\t\t\t\t\t\t\t\t\t\t\t<\/div>\n\t\t\t\t<\/div>\n\t\t\t\t<\/div>\n\t\t\t\t\t\t<\/div>\n\t\t\t\t\t<\/div>\n\t\t<\/div>\n\t\t\t\t<div class=\"elementor-column elementor-col-25 elementor-top-column elementor-element elementor-element-82292c8\" data-id=\"82292c8\" data-element_type=\"column\">\n\t\t\t<div class=\"elementor-column-wrap elementor-element-populated\">\n\t\t\t\t\t\t\t<div class=\"elementor-widget-wrap\">\n\t\t\t\t\t\t<div class=\"elementor-element elementor-element-1727c4f elementor-absolute elementor-widget elementor-widget-image\" data-id=\"1727c4f\" data-element_type=\"widget\" data-settings=\"{&quot;_position&quot;:&quot;absolute&quot;}\" data-widget_type=\"image.default\">\n\t\t\t\t<div class=\"elementor-widget-container\">\n\t\t\t\t\t<div class=\"elementor-image\">\n\t\t\t\t\t\t\t\t\t\t\t<a href=\"https:\/\/tippingpoints.life\/\">\n\t\t\t\t\t\t\t<img width=\"200\" height=\"138\" src=\"https:\/\/kollektiv-radix.at\/wp-content\/uploads\/2023\/05\/cropped-cropped-logo_gruen-10.png\" class=\"attachment-large size-large\" alt=\"\" decoding=\"async\" loading=\"lazy\" \/>\t\t\t\t\t\t\t\t<\/a>\n\t\t\t\t\t\t\t\t\t\t\t<\/div>\n\t\t\t\t<\/div>\n\t\t\t\t<\/div>\n\t\t\t\t\t\t<\/div>\n\t\t\t\t\t<\/div>\n\t\t<\/div>\n\t\t\t\t\t\t\t\t<\/div>\n\t\t\t\t\t<\/div>\n\t\t<\/section>\n\t\t\t\t<section class=\"elementor-section elementor-top-section elementor-element elementor-element-a02c949 elementor-section-boxed elementor-section-height-default elementor-section-height-default\" data-id=\"a02c949\" data-element_type=\"section\">\n\t\t\t\t\t\t<div class=\"elementor-container elementor-column-gap-default\">\n\t\t\t\t\t\t\t<div class=\"elementor-row\">\n\t\t\t\t\t<div class=\"elementor-column elementor-col-100 elementor-top-column elementor-element elementor-element-4e8bdc3\" data-id=\"4e8bdc3\" data-element_type=\"column\">\n\t\t\t<div class=\"elementor-column-wrap elementor-element-populated\">\n\t\t\t\t\t\t\t<div class=\"elementor-widget-wrap\">\n\t\t\t\t\t\t<div class=\"elementor-element elementor-element-3f8c1ae elementor-widget elementor-widget-image\" data-id=\"3f8c1ae\" data-element_type=\"widget\" data-widget_type=\"image.default\">\n\t\t\t\t<div class=\"elementor-widget-container\">\n\t\t\t\t\t<div class=\"elementor-image\">\n\t\t\t\t\t\t\t\t\t\t\t<a href=\"https:\/\/www.moderationspool.at\/\">\n\t\t\t\t\t\t\t<img decoding=\"async\" src=\"https:\/\/kollektiv-radix.at\/wp-content\/uploads\/elementor\/thumbs\/Schriftzug-e1677658994702-300x143-1-q90iptqx1umbajyxc2vbsojwtsu4411f7xbl0bgkbs.png\" title=\"Schriftzug-e1677658994702-300&#215;143\" alt=\"Schriftzug-e1677658994702-300x143\" \/>\t\t\t\t\t\t\t\t<\/a>\n\t\t\t\t\t\t\t\t\t\t\t<\/div>\n\t\t\t\t<\/div>\n\t\t\t\t<\/div>\n\t\t\t\t\t\t<\/div>\n\t\t\t\t\t<\/div>\n\t\t<\/div>\n\t\t\t\t\t\t\t\t<\/div>\n\t\t\t\t\t<\/div>\n\t\t<\/section>\n\t\t\t\t\t\t<\/div>\n\t\t\t\t\t\t<\/div>\n\t\t\t\t\t<\/div>\n\t\t","protected":false},"excerpt":{"rendered":"<p>Wir sehen uns Teil eines wachsenden \u00d6kosystems aus sozialen Bewegungen, Kollektiven und anderen Akteur*innen, die sich f\u00fcr einen Systemwandel hin zu einer solidarische Lebensweise einsetzen. Wir m\u00f6chten hier Gruppen und Initiativen verlinken mit denen wir bisher kooperieren und dadurch auch unsere Arbeit mitpr\u00e4gen.<\/p>\n","protected":false},"author":4,"featured_media":0,"parent":0,"menu_order":0,"comment_status":"closed","ping_status":"closed","template":"","meta":[],"yoast_head":"<!-- This site is optimized with the Yoast SEO plugin v15.3 - https:\/\/yoast.com\/wordpress\/plugins\/seo\/ -->\n<title>Mitstreiter*innen - radix<\/title>\n<meta name=\"robots\" content=\"index, follow, max-snippet:-1, max-image-preview:large, max-video-preview:-1\" \/>\n<link rel=\"canonical\" href=\"https:\/\/kollektiv-radix.at\/index.php\/mitstreiterinnen\/\" \/>\n<meta property=\"og:locale\" content=\"de_DE\" \/>\n<meta property=\"og:type\" content=\"article\" \/>\n<meta property=\"og:title\" content=\"Mitstreiter*innen - radix\" \/>\n<meta property=\"og:description\" content=\"Wir sehen uns Teil eines wachsenden \u00d6kosystems aus sozialen Bewegungen, Kollektiven und anderen Akteur*innen, die sich f\u00fcr einen Systemwandel hin zu einer solidarische Lebensweise einsetzen. Wir m\u00f6chten hier Gruppen und Initiativen verlinken mit denen wir bisher kooperieren und dadurch auch unsere Arbeit mitpr\u00e4gen.\" \/>\n<meta property=\"og:url\" content=\"https:\/\/kollektiv-radix.at\/index.php\/mitstreiterinnen\/\" \/>\n<meta property=\"og:site_name\" content=\"radix\" \/>\n<meta property=\"article:modified_time\" content=\"2023-07-06T12:17:23+00:00\" \/>\n<meta property=\"og:image\" content=\"https:\/\/kollektiv-radix.at\/wp-content\/uploads\/2022\/04\/cropped-humus_quer_farbe_du\u0308nkler-1.png\" \/>\n<meta name=\"twitter:card\" content=\"summary_large_image\" \/>\n<meta name=\"twitter:label1\" content=\"Verfasst von\">\n\t<meta name=\"twitter:data1\" content=\"Sven\">\n\t<meta name=\"twitter:label2\" content=\"Gesch\u00e4tzte Lesezeit\">\n\t<meta name=\"twitter:data2\" content=\"0\u00a0Minuten\">\n<script type=\"application\/ld+json\" class=\"yoast-schema-graph\">{\"@context\":\"https:\/\/schema.org\",\"@graph\":[{\"@type\":\"WebSite\",\"@id\":\"https:\/\/kollektiv-radix.at\/#website\",\"url\":\"https:\/\/kollektiv-radix.at\/\",\"name\":\"radix\",\"description\":\"Kollektiv f\\u00fcr transformative Bildung\",\"potentialAction\":[{\"@type\":\"SearchAction\",\"target\":\"https:\/\/kollektiv-radix.at\/?s={search_term_string}\",\"query-input\":\"required name=search_term_string\"}],\"inLanguage\":\"de\"},{\"@type\":\"ImageObject\",\"@id\":\"https:\/\/kollektiv-radix.at\/index.php\/mitstreiterinnen\/#primaryimage\",\"inLanguage\":\"de\",\"url\":\"https:\/\/kollektiv-radix.at\/wp-content\/uploads\/2022\/04\/cropped-humus_quer_farbe_du\\u0308nkler-1.png\",\"width\":681,\"height\":248},{\"@type\":\"WebPage\",\"@id\":\"https:\/\/kollektiv-radix.at\/index.php\/mitstreiterinnen\/#webpage\",\"url\":\"https:\/\/kollektiv-radix.at\/index.php\/mitstreiterinnen\/\",\"name\":\"Mitstreiter*innen - radix\",\"isPartOf\":{\"@id\":\"https:\/\/kollektiv-radix.at\/#website\"},\"primaryImageOfPage\":{\"@id\":\"https:\/\/kollektiv-radix.at\/index.php\/mitstreiterinnen\/#primaryimage\"},\"datePublished\":\"2021-01-26T14:54:05+00:00\",\"dateModified\":\"2023-07-06T12:17:23+00:00\",\"inLanguage\":\"de\",\"potentialAction\":[{\"@type\":\"ReadAction\",\"target\":[\"https:\/\/kollektiv-radix.at\/index.php\/mitstreiterinnen\/\"]}]}]}<\/script>\n<!-- \/ Yoast SEO plugin. -->","_links":{"self":[{"href":"https:\/\/kollektiv-radix.at\/index.php\/wp-json\/wp\/v2\/pages\/270"}],"collection":[{"href":"https:\/\/kollektiv-radix.at\/index.php\/wp-json\/wp\/v2\/pages"}],"about":[{"href":"https:\/\/kollektiv-radix.at\/index.php\/wp-json\/wp\/v2\/types\/page"}],"author":[{"embeddable":true,"href":"https:\/\/kollektiv-radix.at\/index.php\/wp-json\/wp\/v2\/users\/4"}],"replies":[{"embeddable":true,"href":"https:\/\/kollektiv-radix.at\/index.php\/wp-json\/wp\/v2\/comments?post=270"}],"version-history":[{"count":53,"href":"https:\/\/kollektiv-radix.at\/index.php\/wp-json\/wp\/v2\/pages\/270\/revisions"}],"predecessor-version":[{"id":1119,"href":"https:\/\/kollektiv-radix.at\/index.php\/wp-json\/wp\/v2\/pages\/270\/revisions\/1119"}],"wp:attachment":[{"href":"https:\/\/kollektiv-radix.at\/index.php\/wp-json\/wp\/v2\/media?parent=270"}],"curies":[{"name":"wp","href":"https:\/\/api.w.org\/{rel}","templated":true}]}}