{"id":298,"date":"2021-01-13T14:49:42","date_gmt":"2021-01-13T14:49:42","guid":{"rendered":"https:\/\/kollektiv-radix.at\/?page_id=298"},"modified":"2021-07-09T09:39:45","modified_gmt":"2021-07-09T09:39:45","slug":"fuer-politische-gruppen","status":"publish","type":"page","link":"https:\/\/kollektiv-radix.at\/index.php\/fuer-politische-gruppen\/","title":{"rendered":"politische Gruppen"},"content":{"rendered":"\t\t<div data-elementor-type=\"wp-page\" data-elementor-id=\"298\" class=\"elementor elementor-298\" data-elementor-settings=\"[]\">\n\t\t\t\t\t\t<div class=\"elementor-inner\">\n\t\t\t\t\t\t\t<div class=\"elementor-section-wrap\">\n\t\t\t\t\t\t\t<section class=\"elementor-section elementor-top-section elementor-element elementor-element-75bbcb0f elementor-section-boxed elementor-section-height-default elementor-section-height-default\" data-id=\"75bbcb0f\" data-element_type=\"section\">\n\t\t\t\t\t\t<div class=\"elementor-container elementor-column-gap-default\">\n\t\t\t\t\t\t\t<div class=\"elementor-row\">\n\t\t\t\t\t<div class=\"elementor-column elementor-col-100 elementor-top-column elementor-element elementor-element-7a6fabf6\" data-id=\"7a6fabf6\" data-element_type=\"column\">\n\t\t\t<div class=\"elementor-column-wrap elementor-element-populated\">\n\t\t\t\t\t\t\t<div class=\"elementor-widget-wrap\">\n\t\t\t\t\t\t<div class=\"elementor-element elementor-element-5fe9ed6d elementor-widget elementor-widget-text-editor\" data-id=\"5fe9ed6d\" data-element_type=\"widget\" data-widget_type=\"text-editor.default\">\n\t\t\t\t<div class=\"elementor-widget-container\">\n\t\t\t\t\t<div class=\"elementor-text-editor elementor-clearfix\"><p><!-- wp:heading {\"level\":4} --><!-- \/wp:heading --><!-- wp:paragraph --><\/p>\n<p>Wir wollen aktivistische\/politisch engagierte Gruppen darin unterst\u00fctzen, langfristig auf heilsame und wirkungsvolle weise aktiv zu sein und mit Stress, \u00dcberforderung, Ohnmacht, Krisen, Konflikten bis hin zu Gewalt in Gruppen gut umzugehen. Daf\u00fcr bieten wir einf\u00fchrende Workshops an.<\/p>\n<p><!-- \/wp:paragraph --><!-- wp:paragraph --><!-- \/wp:paragraph --><!-- wp:paragraph --><\/p>\n<p>Kathi aus unserem Team bietet mit <a href=\"https:\/\/hackauf.at\/\">Rainer Hackauf<\/a> vom <a href=\"https:\/\/www.selbstorganisierung.at\/\" target=\"_blank\" rel=\"noreferrer noopener\">Bureau f\u00fcr Selbstorganisierung<\/a> eine Vielzahl an weiterf\u00fchrenden und vertiefenden Modulen f\u00fcr Gruppen an, die sich nachhaltig organisieren m\u00f6chten. Anschauen und Anfragen kannst Du diese unter <a href=\"http:\/\/www.nachhaltig-aktiv.at\" target=\"_blank\" rel=\"noreferrer noopener\">www.nachhaltig-aktiv.at<\/a> .<\/p>\n<p><!-- \/wp:paragraph --><\/p><\/div>\n\t\t\t\t<\/div>\n\t\t\t\t<\/div>\n\t\t\t\t\t\t<\/div>\n\t\t\t\t\t<\/div>\n\t\t<\/div>\n\t\t\t\t\t\t\t\t<\/div>\n\t\t\t\t\t<\/div>\n\t\t<\/section>\n\t\t\t\t<section class=\"elementor-section elementor-top-section elementor-element elementor-element-17952909 elementor-section-boxed elementor-section-height-default elementor-section-height-default\" data-id=\"17952909\" data-element_type=\"section\">\n\t\t\t\t\t\t<div class=\"elementor-container elementor-column-gap-default\">\n\t\t\t\t\t\t\t<div class=\"elementor-row\">\n\t\t\t\t\t<div class=\"elementor-column elementor-col-100 elementor-top-column elementor-element elementor-element-4f08a2de\" data-id=\"4f08a2de\" data-element_type=\"column\">\n\t\t\t<div class=\"elementor-column-wrap elementor-element-populated\">\n\t\t\t\t\t\t\t<div class=\"elementor-widget-wrap\">\n\t\t\t\t\t\t<div class=\"elementor-element elementor-element-84cacd4 elementor-widget elementor-widget-toggle\" data-id=\"84cacd4\" data-element_type=\"widget\" data-widget_type=\"toggle.default\">\n\t\t\t\t<div class=\"elementor-widget-container\">\n\t\t\t\t\t<div class=\"elementor-toggle\" role=\"tablist\">\n\t\t\t\t\t\t\t<div class=\"elementor-toggle-item\">\n\t\t\t\t\t<div id=\"elementor-tab-title-1391\" class=\"elementor-tab-title\" data-tab=\"1\" role=\"tab\" aria-controls=\"elementor-tab-content-1391\">\n\t\t\t\t\t\t\t\t\t\t\t\t<span class=\"elementor-toggle-icon elementor-toggle-icon-left\" aria-hidden=\"true\">\n\t\t\t\t\t\t\t\t\t\t\t\t\t\t\t<span class=\"elementor-toggle-icon-closed\"><i class=\"fas fa-caret-right\"><\/i><\/span>\n\t\t\t\t\t\t\t\t<span class=\"elementor-toggle-icon-opened\"><i class=\"elementor-toggle-icon-opened fas fa-caret-up\"><\/i><\/span>\n\t\t\t\t\t\t\t\t\t\t\t\t\t<\/span>\n\t\t\t\t\t\t\t\t\t\t\t\t<a href=\"\" class=\"elementor-toggle-title\">Nachhaltiger Aktivismus - Einf\u00fchrung<\/a>\n\t\t\t\t\t<\/div>\n\t\t\t\t\t<div id=\"elementor-tab-content-1391\" class=\"elementor-tab-content elementor-clearfix\" data-tab=\"1\" role=\"tabpanel\" aria-labelledby=\"elementor-tab-title-1391\"><p>(Beschreibung folgt)<\/p><\/div>\n\t\t\t\t<\/div>\n\t\t\t\t\t\t\t<div class=\"elementor-toggle-item\">\n\t\t\t\t\t<div id=\"elementor-tab-title-1392\" class=\"elementor-tab-title\" data-tab=\"2\" role=\"tab\" aria-controls=\"elementor-tab-content-1392\">\n\t\t\t\t\t\t\t\t\t\t\t\t<span class=\"elementor-toggle-icon elementor-toggle-icon-left\" aria-hidden=\"true\">\n\t\t\t\t\t\t\t\t\t\t\t\t\t\t\t<span class=\"elementor-toggle-icon-closed\"><i class=\"fas fa-caret-right\"><\/i><\/span>\n\t\t\t\t\t\t\t\t<span class=\"elementor-toggle-icon-opened\"><i class=\"elementor-toggle-icon-opened fas fa-caret-up\"><\/i><\/span>\n\t\t\t\t\t\t\t\t\t\t\t\t\t<\/span>\n\t\t\t\t\t\t\t\t\t\t\t\t<a href=\"\" class=\"elementor-toggle-title\">Selbstf\u00fcrsorge als politische Praxis<\/a>\n\t\t\t\t\t<\/div>\n\t\t\t\t\t<div id=\"elementor-tab-content-1392\" class=\"elementor-tab-content elementor-clearfix\" data-tab=\"2\" role=\"tabpanel\" aria-labelledby=\"elementor-tab-title-1392\"><p>In Zeiten multipler Krisen und einer breiten Kultur der \u00dcberforderung ist auch politisches Engagement nur zu oft von Burnout-Gef\u00e4hrdung und \u00dcberlastung gepr\u00e4gt. In diesem Workshop erkunden wir gemeinsam Antworten auf die Frage, warum Selbstf\u00fcrsorge auch politisch ist und wie sich unser T\u00e4tig sein so gestalten l\u00e4sst, dass es uns damit langfristig gut geht. Dabei ist der Fokus auf der Ebene der individuellen Praxis \u2013 welche Selbstf\u00fcrsorge-Strategien habe ich bereits, und welche t\u00e4ten mir gut? Was h\u00e4lt mich davon ab, sie umzusetzen, und was w\u00fcrde mich dabei unterst\u00fctzen?<\/p><\/div>\n\t\t\t\t<\/div>\n\t\t\t\t\t\t\t<div class=\"elementor-toggle-item\">\n\t\t\t\t\t<div id=\"elementor-tab-title-1393\" class=\"elementor-tab-title\" data-tab=\"3\" role=\"tab\" aria-controls=\"elementor-tab-content-1393\">\n\t\t\t\t\t\t\t\t\t\t\t\t<span class=\"elementor-toggle-icon elementor-toggle-icon-left\" aria-hidden=\"true\">\n\t\t\t\t\t\t\t\t\t\t\t\t\t\t\t<span class=\"elementor-toggle-icon-closed\"><i class=\"fas fa-caret-right\"><\/i><\/span>\n\t\t\t\t\t\t\t\t<span class=\"elementor-toggle-icon-opened\"><i class=\"elementor-toggle-icon-opened fas fa-caret-up\"><\/i><\/span>\n\t\t\t\t\t\t\t\t\t\t\t\t\t<\/span>\n\t\t\t\t\t\t\t\t\t\t\t\t<a href=\"\" class=\"elementor-toggle-title\">Kollektive Resilienzstrategien in Gruppen<\/a>\n\t\t\t\t\t<\/div>\n\t\t\t\t\t<div id=\"elementor-tab-content-1393\" class=\"elementor-tab-content elementor-clearfix\" data-tab=\"3\" role=\"tabpanel\" aria-labelledby=\"elementor-tab-title-1393\"><p>Auch die beste Selbstf\u00fcrsorgepraxis l\u00e4uft oft gegen W\u00e4nde, wenn wir uns in zehrenden, \u00fcberfordernden Strukturen bewegen. Wie k\u00f6nnen wir dem als Gruppe begegnen und unsere kollektiven Arbeitsweisen &#8211; besonders in Zeiten versch\u00e4rfter Krisen &#8211; an dem Guten Leben f\u00fcr Alle orientieren, f\u00fcr das wir uns einsetzen? Was \u00e4ndert sich, wenn wir \u00dcberforderung und Burnout als Teil dessen verstehen, wogegen wir gemeinsam k\u00e4mpfen? Wie k\u00f6nnte zukunftsf\u00e4hige Bewegungskultur aussehen? Und was k\u00f6nnen wir daf\u00fcr in unseren Gruppen konkret umsetzen?<\/p><\/div>\n\t\t\t\t<\/div>\n\t\t\t\t\t\t\t<div class=\"elementor-toggle-item\">\n\t\t\t\t\t<div id=\"elementor-tab-title-1394\" class=\"elementor-tab-title\" data-tab=\"4\" role=\"tab\" aria-controls=\"elementor-tab-content-1394\">\n\t\t\t\t\t\t\t\t\t\t\t\t<span class=\"elementor-toggle-icon elementor-toggle-icon-left\" aria-hidden=\"true\">\n\t\t\t\t\t\t\t\t\t\t\t\t\t\t\t<span class=\"elementor-toggle-icon-closed\"><i class=\"fas fa-caret-right\"><\/i><\/span>\n\t\t\t\t\t\t\t\t<span class=\"elementor-toggle-icon-opened\"><i class=\"elementor-toggle-icon-opened fas fa-caret-up\"><\/i><\/span>\n\t\t\t\t\t\t\t\t\t\t\t\t\t<\/span>\n\t\t\t\t\t\t\t\t\t\t\t\t<a href=\"\" class=\"elementor-toggle-title\">Transformative Gerechtigkeit<\/a>\n\t\t\t\t\t<\/div>\n\t\t\t\t\t<div id=\"elementor-tab-content-1394\" class=\"elementor-tab-content elementor-clearfix\" data-tab=\"4\" role=\"tabpanel\" aria-labelledby=\"elementor-tab-title-1394\"><p>Wie k\u00f6nnen wir mit Gewalt (z.B. sexualisierter Gewalt oder Rassismus) in unseren Gemeinschaften umgehen, fernab von Straflogik und Justizapparat? Wie k\u00f6nnen wir kollektiv Verantwortung \u00fcbernehmen, anstatt diese abzugeben? Was bedeutet Gerechtigkeit f\u00fcr uns und f\u00fcr die Welt, in der wir leben wollen? Und wie lassen wir von Gewalt Betroffene damit nicht allein? Der Workshop ist eine Einf\u00fchrung in Konzepte transformativer Gerechtigkeit und kollektiver Verantwortungs\u00fcbernahme bei Gewalt. <\/p><\/div>\n\t\t\t\t<\/div>\n\t\t\t\t\t<\/div>\n\t\t\t\t<\/div>\n\t\t\t\t<\/div>\n\t\t\t\t\t\t<\/div>\n\t\t\t\t\t<\/div>\n\t\t<\/div>\n\t\t\t\t\t\t\t\t<\/div>\n\t\t\t\t\t<\/div>\n\t\t<\/section>\n\t\t\t\t<section class=\"elementor-section elementor-top-section elementor-element elementor-element-e59508f elementor-section-boxed elementor-section-height-default elementor-section-height-default\" data-id=\"e59508f\" data-element_type=\"section\">\n\t\t\t\t\t\t<div class=\"elementor-container elementor-column-gap-default\">\n\t\t\t\t\t\t\t<div class=\"elementor-row\">\n\t\t\t\t\t<div class=\"elementor-column elementor-col-100 elementor-top-column elementor-element elementor-element-95b4a5b\" data-id=\"95b4a5b\" data-element_type=\"column\">\n\t\t\t<div class=\"elementor-column-wrap elementor-element-populated\">\n\t\t\t\t\t\t\t<div class=\"elementor-widget-wrap\">\n\t\t\t\t\t\t<div class=\"elementor-element elementor-element-3ccebfb elementor-widget elementor-widget-spacer\" data-id=\"3ccebfb\" data-element_type=\"widget\" data-widget_type=\"spacer.default\">\n\t\t\t\t<div class=\"elementor-widget-container\">\n\t\t\t\t\t<div class=\"elementor-spacer\">\n\t\t\t<div class=\"elementor-spacer-inner\"><\/div>\n\t\t<\/div>\n\t\t\t\t<\/div>\n\t\t\t\t<\/div>\n\t\t\t\t\t\t<\/div>\n\t\t\t\t\t<\/div>\n\t\t<\/div>\n\t\t\t\t\t\t\t\t<\/div>\n\t\t\t\t\t<\/div>\n\t\t<\/section>\n\t\t\t\t\t\t<\/div>\n\t\t\t\t\t\t<\/div>\n\t\t\t\t\t<\/div>\n\t\t","protected":false},"excerpt":{"rendered":"<p>Wir wollen aktivistische\/politisch engagierte Gruppen darin unterst\u00fctzen, langfristig auf heilsame und wirkungsvolle weise aktiv zu sein und mit Stress, \u00dcberforderung, Ohnmacht, Krisen, Konflikten bis hin zu Gewalt in Gruppen gut umzugehen. Daf\u00fcr bieten wir einf\u00fchrende Workshops an. Kathi aus unserem Team bietet mit Rainer Hackauf vom Bureau f\u00fcr Selbstorganisierung eine Vielzahl an weiterf\u00fchrenden und vertiefenden Modulen f\u00fcr Gruppen an, die<\/p>\n<p><a class=\"more-link\" href=\"https:\/\/kollektiv-radix.at\/index.php\/fuer-politische-gruppen\/\">Weiterlesen<\/a><\/p>\n","protected":false},"author":4,"featured_media":0,"parent":0,"menu_order":0,"comment_status":"closed","ping_status":"closed","template":"","meta":[],"yoast_head":"<!-- This site is optimized with the Yoast SEO plugin v15.3 - https:\/\/yoast.com\/wordpress\/plugins\/seo\/ -->\n<title>politische Gruppen - radix<\/title>\n<meta name=\"robots\" content=\"index, follow, max-snippet:-1, max-image-preview:large, max-video-preview:-1\" \/>\n<link rel=\"canonical\" href=\"https:\/\/kollektiv-radix.at\/index.php\/fuer-politische-gruppen\/\" \/>\n<meta property=\"og:locale\" content=\"de_DE\" \/>\n<meta property=\"og:type\" content=\"article\" \/>\n<meta property=\"og:title\" content=\"politische Gruppen - radix\" \/>\n<meta property=\"og:description\" content=\"Wir wollen aktivistische\/politisch engagierte Gruppen darin unterst\u00fctzen, langfristig auf heilsame und wirkungsvolle weise aktiv zu sein und mit Stress, \u00dcberforderung, Ohnmacht, Krisen, Konflikten bis hin zu Gewalt in Gruppen gut umzugehen. Daf\u00fcr bieten wir einf\u00fchrende Workshops an. Kathi aus unserem Team bietet mit Rainer Hackauf vom Bureau f\u00fcr Selbstorganisierung eine Vielzahl an weiterf\u00fchrenden und vertiefenden Modulen f\u00fcr Gruppen an, dieWeiterlesen\" \/>\n<meta property=\"og:url\" content=\"https:\/\/kollektiv-radix.at\/index.php\/fuer-politische-gruppen\/\" \/>\n<meta property=\"og:site_name\" content=\"radix\" \/>\n<meta property=\"article:modified_time\" content=\"2021-07-09T09:39:45+00:00\" \/>\n<meta name=\"twitter:card\" content=\"summary_large_image\" \/>\n<meta name=\"twitter:label1\" content=\"Verfasst von\">\n\t<meta name=\"twitter:data1\" content=\"Sven\">\n\t<meta name=\"twitter:label2\" content=\"Gesch\u00e4tzte Lesezeit\">\n\t<meta name=\"twitter:data2\" content=\"1\u00a0Minute\">\n<script type=\"application\/ld+json\" class=\"yoast-schema-graph\">{\"@context\":\"https:\/\/schema.org\",\"@graph\":[{\"@type\":\"WebSite\",\"@id\":\"https:\/\/kollektiv-radix.at\/#website\",\"url\":\"https:\/\/kollektiv-radix.at\/\",\"name\":\"radix\",\"description\":\"Kollektiv f\\u00fcr transformative Bildung\",\"potentialAction\":[{\"@type\":\"SearchAction\",\"target\":\"https:\/\/kollektiv-radix.at\/?s={search_term_string}\",\"query-input\":\"required name=search_term_string\"}],\"inLanguage\":\"de\"},{\"@type\":\"WebPage\",\"@id\":\"https:\/\/kollektiv-radix.at\/index.php\/fuer-politische-gruppen\/#webpage\",\"url\":\"https:\/\/kollektiv-radix.at\/index.php\/fuer-politische-gruppen\/\",\"name\":\"politische Gruppen - radix\",\"isPartOf\":{\"@id\":\"https:\/\/kollektiv-radix.at\/#website\"},\"datePublished\":\"2021-01-13T14:49:42+00:00\",\"dateModified\":\"2021-07-09T09:39:45+00:00\",\"inLanguage\":\"de\",\"potentialAction\":[{\"@type\":\"ReadAction\",\"target\":[\"https:\/\/kollektiv-radix.at\/index.php\/fuer-politische-gruppen\/\"]}]}]}<\/script>\n<!-- \/ Yoast SEO plugin. -->","_links":{"self":[{"href":"https:\/\/kollektiv-radix.at\/index.php\/wp-json\/wp\/v2\/pages\/298"}],"collection":[{"href":"https:\/\/kollektiv-radix.at\/index.php\/wp-json\/wp\/v2\/pages"}],"about":[{"href":"https:\/\/kollektiv-radix.at\/index.php\/wp-json\/wp\/v2\/types\/page"}],"author":[{"embeddable":true,"href":"https:\/\/kollektiv-radix.at\/index.php\/wp-json\/wp\/v2\/users\/4"}],"replies":[{"embeddable":true,"href":"https:\/\/kollektiv-radix.at\/index.php\/wp-json\/wp\/v2\/comments?post=298"}],"version-history":[{"count":33,"href":"https:\/\/kollektiv-radix.at\/index.php\/wp-json\/wp\/v2\/pages\/298\/revisions"}],"predecessor-version":[{"id":685,"href":"https:\/\/kollektiv-radix.at\/index.php\/wp-json\/wp\/v2\/pages\/298\/revisions\/685"}],"wp:attachment":[{"href":"https:\/\/kollektiv-radix.at\/index.php\/wp-json\/wp\/v2\/media?parent=298"}],"curies":[{"name":"wp","href":"https:\/\/api.w.org\/{rel}","templated":true}]}}