{"id":309,"date":"2021-01-13T14:55:53","date_gmt":"2021-01-13T14:55:53","guid":{"rendered":"https:\/\/kollektiv-radix.at\/?page_id=309"},"modified":"2021-02-01T10:20:36","modified_gmt":"2021-02-01T10:20:36","slug":"kontakt-2","status":"publish","type":"page","link":"https:\/\/kollektiv-radix.at\/index.php\/kontakt-2\/","title":{"rendered":"Kontakt"},"content":{"rendered":"\n<p>Wir freuen uns \u00fcber konkrete und unkonkrete Anfragen. Melde Dich unter <strong>info(at)kollektiv-radix.at<\/strong><\/p>\n\n\n\n<p>Da wir einen gro\u00dfen Teil unserer Arbeit unbezahlt machen und nicht 40h\/Woche in radix stecken, bitten wir um 2-3 Tage Geduld. <\/p>\n\n\n\n<p><strong>Anfragen<\/strong> <strong>und Geld<\/strong><\/p>\n\n\n\n<p>Das Angebot soll nicht von den finanziellen Mitteln der Einrichtung bzw. Gruppe abh\u00e4ngen. Wir wollen unsere Arbeit nicht als Ware verstehen, sind zugleich jedoch auf Absicherung durch Geld angewiesen und machen viel unbezahlte Arbeit. Wir freuen uns, wenn wir eine Aufwandsentsch\u00e4digung von 120-300\u20ac pro Workshop gegen Honorarnote bekommen k\u00f6nnen. Wir teamen gern zu zweit, die Kosten sind aber pro Workshop gedacht. Wenn unser Kostenvorschlag nicht realisierbar ist, melde dich, und wir schauen, was f\u00fcr uns machbar ist. In einzelnen F\u00e4llen k\u00f6nnen wir gef\u00f6rderte Workshops anbieten. \u00dcber h\u00f6here Beitr\u00e4ge und Spenden freuen wir uns, denn dadurch k\u00f6nnen wir anderen Gruppen mit weniger Ressourcen Zugang erleichtern. F\u00fcr l\u00e4ngerfristige Projekte versuchen wir F\u00f6rderungen aufzustellen.<\/p>\n","protected":false},"excerpt":{"rendered":"<p>Wir freuen uns \u00fcber konkrete und unkonkrete Anfragen. Melde Dich unter info(at)kollektiv-radix.at Da wir einen gro\u00dfen Teil unserer Arbeit unbezahlt machen und nicht 40h\/Woche in radix stecken, bitten wir um 2-3 Tage Geduld. Anfragen und Geld Das Angebot soll nicht von den finanziellen Mitteln der Einrichtung bzw. Gruppe abh\u00e4ngen. Wir wollen unsere Arbeit nicht als Ware verstehen, sind zugleich jedoch<\/p>\n<p><a class=\"more-link\" href=\"https:\/\/kollektiv-radix.at\/index.php\/kontakt-2\/\">Weiterlesen<\/a><\/p>\n","protected":false},"author":4,"featured_media":0,"parent":0,"menu_order":0,"comment_status":"closed","ping_status":"closed","template":"","meta":[],"yoast_head":"<!-- This site is optimized with the Yoast SEO plugin v15.3 - https:\/\/yoast.com\/wordpress\/plugins\/seo\/ -->\n<title>Kontakt - radix<\/title>\n<meta name=\"robots\" content=\"index, follow, max-snippet:-1, max-image-preview:large, max-video-preview:-1\" \/>\n<link rel=\"canonical\" href=\"https:\/\/kollektiv-radix.at\/index.php\/kontakt-2\/\" \/>\n<meta property=\"og:locale\" content=\"de_DE\" \/>\n<meta property=\"og:type\" content=\"article\" \/>\n<meta property=\"og:title\" content=\"Kontakt - radix\" \/>\n<meta property=\"og:description\" content=\"Wir freuen uns \u00fcber konkrete und unkonkrete Anfragen. Melde Dich unter info(at)kollektiv-radix.at Da wir einen gro\u00dfen Teil unserer Arbeit unbezahlt machen und nicht 40h\/Woche in radix stecken, bitten wir um 2-3 Tage Geduld. Anfragen und Geld Das Angebot soll nicht von den finanziellen Mitteln der Einrichtung bzw. Gruppe abh\u00e4ngen. Wir wollen unsere Arbeit nicht als Ware verstehen, sind zugleich jedochWeiterlesen\" \/>\n<meta property=\"og:url\" content=\"https:\/\/kollektiv-radix.at\/index.php\/kontakt-2\/\" \/>\n<meta property=\"og:site_name\" content=\"radix\" \/>\n<meta property=\"article:modified_time\" content=\"2021-02-01T10:20:36+00:00\" \/>\n<meta name=\"twitter:card\" content=\"summary_large_image\" \/>\n<meta name=\"twitter:label1\" content=\"Verfasst von\">\n\t<meta name=\"twitter:data1\" content=\"Sven\">\n\t<meta name=\"twitter:label2\" content=\"Gesch\u00e4tzte Lesezeit\">\n\t<meta name=\"twitter:data2\" content=\"1\u00a0Minute\">\n<script type=\"application\/ld+json\" class=\"yoast-schema-graph\">{\"@context\":\"https:\/\/schema.org\",\"@graph\":[{\"@type\":\"WebSite\",\"@id\":\"https:\/\/kollektiv-radix.at\/#website\",\"url\":\"https:\/\/kollektiv-radix.at\/\",\"name\":\"radix\",\"description\":\"Kollektiv f\\u00fcr transformative Bildung\",\"potentialAction\":[{\"@type\":\"SearchAction\",\"target\":\"https:\/\/kollektiv-radix.at\/?s={search_term_string}\",\"query-input\":\"required name=search_term_string\"}],\"inLanguage\":\"de\"},{\"@type\":\"WebPage\",\"@id\":\"https:\/\/kollektiv-radix.at\/index.php\/kontakt-2\/#webpage\",\"url\":\"https:\/\/kollektiv-radix.at\/index.php\/kontakt-2\/\",\"name\":\"Kontakt - radix\",\"isPartOf\":{\"@id\":\"https:\/\/kollektiv-radix.at\/#website\"},\"datePublished\":\"2021-01-13T14:55:53+00:00\",\"dateModified\":\"2021-02-01T10:20:36+00:00\",\"inLanguage\":\"de\",\"potentialAction\":[{\"@type\":\"ReadAction\",\"target\":[\"https:\/\/kollektiv-radix.at\/index.php\/kontakt-2\/\"]}]}]}<\/script>\n<!-- \/ Yoast SEO plugin. -->","_links":{"self":[{"href":"https:\/\/kollektiv-radix.at\/index.php\/wp-json\/wp\/v2\/pages\/309"}],"collection":[{"href":"https:\/\/kollektiv-radix.at\/index.php\/wp-json\/wp\/v2\/pages"}],"about":[{"href":"https:\/\/kollektiv-radix.at\/index.php\/wp-json\/wp\/v2\/types\/page"}],"author":[{"embeddable":true,"href":"https:\/\/kollektiv-radix.at\/index.php\/wp-json\/wp\/v2\/users\/4"}],"replies":[{"embeddable":true,"href":"https:\/\/kollektiv-radix.at\/index.php\/wp-json\/wp\/v2\/comments?post=309"}],"version-history":[{"count":4,"href":"https:\/\/kollektiv-radix.at\/index.php\/wp-json\/wp\/v2\/pages\/309\/revisions"}],"predecessor-version":[{"id":625,"href":"https:\/\/kollektiv-radix.at\/index.php\/wp-json\/wp\/v2\/pages\/309\/revisions\/625"}],"wp:attachment":[{"href":"https:\/\/kollektiv-radix.at\/index.php\/wp-json\/wp\/v2\/media?parent=309"}],"curies":[{"name":"wp","href":"https:\/\/api.w.org\/{rel}","templated":true}]}}