{"id":545,"date":"2021-01-26T14:56:50","date_gmt":"2021-01-26T14:56:50","guid":{"rendered":"https:\/\/kollektiv-radix.at\/?page_id=545"},"modified":"2021-10-29T13:21:54","modified_gmt":"2021-10-29T13:21:54","slug":"vergangene-projekte","status":"publish","type":"page","link":"https:\/\/kollektiv-radix.at\/index.php\/vergangene-projekte\/","title":{"rendered":"vergangene Projekte"},"content":{"rendered":"\t\t<div data-elementor-type=\"wp-page\" data-elementor-id=\"545\" class=\"elementor elementor-545\" data-elementor-settings=\"[]\">\n\t\t\t\t\t\t<div class=\"elementor-inner\">\n\t\t\t\t\t\t\t<div class=\"elementor-section-wrap\">\n\t\t\t\t\t\t\t<section class=\"elementor-section elementor-top-section elementor-element elementor-element-16013cb1 elementor-section-boxed elementor-section-height-default elementor-section-height-default\" data-id=\"16013cb1\" data-element_type=\"section\">\n\t\t\t\t\t\t<div class=\"elementor-container elementor-column-gap-default\">\n\t\t\t\t\t\t\t<div class=\"elementor-row\">\n\t\t\t\t\t<div class=\"elementor-column elementor-col-100 elementor-top-column elementor-element elementor-element-23cf0693\" data-id=\"23cf0693\" data-element_type=\"column\">\n\t\t\t<div class=\"elementor-column-wrap elementor-element-populated\">\n\t\t\t\t\t\t\t<div class=\"elementor-widget-wrap\">\n\t\t\t\t\t\t<div class=\"elementor-element elementor-element-4530715 elementor-widget elementor-widget-text-editor\" data-id=\"4530715\" data-element_type=\"widget\" data-widget_type=\"text-editor.default\">\n\t\t\t\t<div class=\"elementor-widget-container\">\n\t\t\t\t\t<div class=\"elementor-text-editor elementor-clearfix\"><!-- wp:paragraph -->\n<p>Hier findest du einen \u00dcberblick und Eindr\u00fccke \u00fcber unsere vergangenen Aktivit\u00e4ten und abgeschlossene Projekte.<\/p>\n<!-- \/wp:paragraph --><!-- wp:paragraph --><!-- \/wp:paragraph --><\/div>\n\t\t\t\t<\/div>\n\t\t\t\t<\/div>\n\t\t\t\t\t\t<\/div>\n\t\t\t\t\t<\/div>\n\t\t<\/div>\n\t\t\t\t\t\t\t\t<\/div>\n\t\t\t\t\t<\/div>\n\t\t<\/section>\n\t\t\t\t<section class=\"elementor-section elementor-top-section elementor-element elementor-element-180e3c6 elementor-section-boxed elementor-section-height-default elementor-section-height-default\" data-id=\"180e3c6\" data-element_type=\"section\">\n\t\t\t\t\t\t<div class=\"elementor-container elementor-column-gap-default\">\n\t\t\t\t\t\t\t<div class=\"elementor-row\">\n\t\t\t\t\t<div class=\"elementor-column elementor-col-33 elementor-top-column elementor-element elementor-element-9616bb4\" data-id=\"9616bb4\" data-element_type=\"column\">\n\t\t\t<div class=\"elementor-column-wrap elementor-element-populated\">\n\t\t\t\t\t\t\t<div class=\"elementor-widget-wrap\">\n\t\t\t\t\t\t<div class=\"elementor-element elementor-element-2942f0e elementor-position-top elementor-vertical-align-top elementor-widget elementor-widget-image-box\" data-id=\"2942f0e\" data-element_type=\"widget\" data-widget_type=\"image-box.default\">\n\t\t\t\t<div class=\"elementor-widget-container\">\n\t\t\t<div class=\"elementor-image-box-wrapper\"><figure class=\"elementor-image-box-img\"><a href=\"http:\/\/online-workshopreihe-transformativ-taetig-sein-in-schwierigen-zeiten\"><img width=\"1024\" height=\"536\" src=\"https:\/\/kollektiv-radix.at\/wp-content\/uploads\/2020\/12\/fb_header-1-1024x536-1.png\" class=\"attachment-full size-full\" alt=\"\" decoding=\"async\" loading=\"lazy\" srcset=\"https:\/\/kollektiv-radix.at\/wp-content\/uploads\/2020\/12\/fb_header-1-1024x536-1.png 1024w, https:\/\/kollektiv-radix.at\/wp-content\/uploads\/2020\/12\/fb_header-1-1024x536-1-300x157.png 300w, https:\/\/kollektiv-radix.at\/wp-content\/uploads\/2020\/12\/fb_header-1-1024x536-1-768x402.png 768w\" sizes=\"(max-width: 1024px) 100vw, 1024px\" \/><\/a><\/figure><div class=\"elementor-image-box-content\"><h3 class=\"elementor-image-box-title\"><a href=\"http:\/\/online-workshopreihe-transformativ-taetig-sein-in-schwierigen-zeiten\">Online Workshopreihe \"transformativ t\u00e4tig\"<\/a><\/h3><\/div><\/div>\t\t<\/div>\n\t\t\t\t<\/div>\n\t\t\t\t\t\t<\/div>\n\t\t\t\t\t<\/div>\n\t\t<\/div>\n\t\t\t\t<div class=\"elementor-column elementor-col-33 elementor-top-column elementor-element elementor-element-723cb78\" data-id=\"723cb78\" data-element_type=\"column\">\n\t\t\t<div class=\"elementor-column-wrap elementor-element-populated\">\n\t\t\t\t\t\t\t<div class=\"elementor-widget-wrap\">\n\t\t\t\t\t\t<div class=\"elementor-element elementor-element-618464a elementor-position-top elementor-vertical-align-top elementor-widget elementor-widget-image-box\" data-id=\"618464a\" data-element_type=\"widget\" data-widget_type=\"image-box.default\">\n\t\t\t\t<div class=\"elementor-widget-container\">\n\t\t\t<div class=\"elementor-image-box-wrapper\"><figure class=\"elementor-image-box-img\"><a href=\"https:\/\/kollektiv-radix.at\/index.php\/ausstellung-endlich-wachstum\/\"><img width=\"1024\" height=\"683\" src=\"https:\/\/kollektiv-radix.at\/wp-content\/uploads\/2020\/12\/IMG_3716-1024x683.jpg\" class=\"elementor-animation-grow attachment-large size-large\" alt=\"\" decoding=\"async\" loading=\"lazy\" srcset=\"https:\/\/kollektiv-radix.at\/wp-content\/uploads\/2020\/12\/IMG_3716-1024x683.jpg 1024w, https:\/\/kollektiv-radix.at\/wp-content\/uploads\/2020\/12\/IMG_3716-300x200.jpg 300w, https:\/\/kollektiv-radix.at\/wp-content\/uploads\/2020\/12\/IMG_3716-768x512.jpg 768w, https:\/\/kollektiv-radix.at\/wp-content\/uploads\/2020\/12\/IMG_3716-1536x1024.jpg 1536w, https:\/\/kollektiv-radix.at\/wp-content\/uploads\/2020\/12\/IMG_3716-2048x1365.jpg 2048w, https:\/\/kollektiv-radix.at\/wp-content\/uploads\/2020\/12\/IMG_3716-1200x800.jpg 1200w\" sizes=\"(max-width: 1024px) 100vw, 1024px\" \/><\/a><\/figure><div class=\"elementor-image-box-content\"><h3 class=\"elementor-image-box-title\"><a href=\"https:\/\/kollektiv-radix.at\/index.php\/ausstellung-endlich-wachstum\/\">Ausstellung Endlich Wachstum<\/a><\/h3><\/div><\/div>\t\t<\/div>\n\t\t\t\t<\/div>\n\t\t\t\t\t\t<\/div>\n\t\t\t\t\t<\/div>\n\t\t<\/div>\n\t\t\t\t<div class=\"elementor-column elementor-col-33 elementor-top-column elementor-element elementor-element-4660673\" data-id=\"4660673\" data-element_type=\"column\">\n\t\t\t<div class=\"elementor-column-wrap elementor-element-populated\">\n\t\t\t\t\t\t\t<div class=\"elementor-widget-wrap\">\n\t\t\t\t\t\t<div class=\"elementor-element elementor-element-bff72c4 elementor-position-top elementor-vertical-align-top elementor-widget elementor-widget-image-box\" data-id=\"bff72c4\" data-element_type=\"widget\" data-widget_type=\"image-box.default\">\n\t\t\t\t<div class=\"elementor-widget-container\">\n\t\t\t<div class=\"elementor-image-box-wrapper\"><figure class=\"elementor-image-box-img\"><a href=\"https:\/\/systemchange-not-climatechange.at\/de\/system-change-goes-highschool\/\"><img decoding=\"async\" src=\"https:\/\/kollektiv-radix.at\/wp-content\/plugins\/elementor\/assets\/images\/placeholder.png\" title=\"\" alt=\"\" \/><\/a><\/figure><div class=\"elementor-image-box-content\"><h3 class=\"elementor-image-box-title\"><a href=\"https:\/\/systemchange-not-climatechange.at\/de\/system-change-goes-highschool\/\">Schulprojekt Klima (2017-18)<\/a><\/h3><\/div><\/div>\t\t<\/div>\n\t\t\t\t<\/div>\n\t\t\t\t\t\t<\/div>\n\t\t\t\t\t<\/div>\n\t\t<\/div>\n\t\t\t\t\t\t\t\t<\/div>\n\t\t\t\t\t<\/div>\n\t\t<\/section>\n\t\t\t\t<section class=\"elementor-section elementor-top-section elementor-element elementor-element-046c0cc elementor-section-boxed elementor-section-height-default elementor-section-height-default\" data-id=\"046c0cc\" data-element_type=\"section\">\n\t\t\t\t\t\t<div class=\"elementor-container elementor-column-gap-default\">\n\t\t\t\t\t\t\t<div class=\"elementor-row\">\n\t\t\t\t\t<div class=\"elementor-column elementor-col-100 elementor-top-column elementor-element elementor-element-cd4443b\" data-id=\"cd4443b\" data-element_type=\"column\">\n\t\t\t<div class=\"elementor-column-wrap elementor-element-populated\">\n\t\t\t\t\t\t\t<div class=\"elementor-widget-wrap\">\n\t\t\t\t\t\t<div class=\"elementor-element elementor-element-2a77e16 elementor-widget elementor-widget-text-editor\" data-id=\"2a77e16\" data-element_type=\"widget\" data-widget_type=\"text-editor.default\">\n\t\t\t\t<div class=\"elementor-widget-container\">\n\t\t\t\t\t<div class=\"elementor-text-editor elementor-clearfix\"><p><strong>Einige Orte\/Kontexte\/Organisationen bei denen wir Workshops gehalten haben:<\/strong><\/p>\n<ul>\n\n<li>verschiedenste Schulen und Schulformen: HAK, AHS, NMS<\/li>\n<li>Tipping Points &#8211; Skills f\u00fcr soziale Bewegunen<br><\/li>\n<li>Feministische Bildungswerkstatt Wien<br><\/li>\n<li>Klimacamp bei Wien<\/li><li>Jugendumweltplattform (JUMP)<\/li>\n<li>Attac Symposium <br><\/li>\n<li>Generation Earth <br><\/li>\n<li>S\u00fcdwind <br><\/li>\n<li>Bildungstag Industrieviertel<\/li>\n<li>Weltwegweiser <br><\/li>\n<li>Jugend Eine Welt<br><\/li>\n<li>Mission21 (Schweiz)<\/li>\n<li>Degrowth Conference Wien<\/li>\n<li>\u00d6Hs<\/li>\n<li>Institut f\u00fcr Bildungswissenschaften<\/li>\n<\/ul><\/div>\n\t\t\t\t<\/div>\n\t\t\t\t<\/div>\n\t\t\t\t\t\t<\/div>\n\t\t\t\t\t<\/div>\n\t\t<\/div>\n\t\t\t\t\t\t\t\t<\/div>\n\t\t\t\t\t<\/div>\n\t\t<\/section>\n\t\t\t\t\t\t<\/div>\n\t\t\t\t\t\t<\/div>\n\t\t\t\t\t<\/div>\n\t\t","protected":false},"excerpt":{"rendered":"<p>Hier findest du einen \u00dcberblick und Eindr\u00fccke \u00fcber unsere vergangenen Aktivit\u00e4ten und abgeschlossene Projekte. Online Workshopreihe &#8222;transformativ t\u00e4tig&#8220; Ausstellung Endlich Wachstum Schulprojekt Klima (2017-18) Einige Orte\/Kontexte\/Organisationen bei denen wir Workshops gehalten haben: verschiedenste Schulen und Schulformen: HAK, AHS, NMS Tipping Points &#8211; Skills f\u00fcr soziale Bewegunen Feministische Bildungswerkstatt Wien Klimacamp bei Wien Jugendumweltplattform (JUMP) Attac Symposium Generation Earth S\u00fcdwind Bildungstag<\/p>\n<p><a class=\"more-link\" href=\"https:\/\/kollektiv-radix.at\/index.php\/vergangene-projekte\/\">Weiterlesen<\/a><\/p>\n","protected":false},"author":4,"featured_media":0,"parent":0,"menu_order":0,"comment_status":"closed","ping_status":"closed","template":"","meta":[],"yoast_head":"<!-- This site is optimized with the Yoast SEO plugin v15.3 - https:\/\/yoast.com\/wordpress\/plugins\/seo\/ -->\n<title>vergangene Projekte - radix<\/title>\n<meta name=\"robots\" content=\"index, follow, max-snippet:-1, max-image-preview:large, max-video-preview:-1\" \/>\n<link rel=\"canonical\" href=\"https:\/\/kollektiv-radix.at\/index.php\/vergangene-projekte\/\" \/>\n<meta property=\"og:locale\" content=\"de_DE\" \/>\n<meta property=\"og:type\" content=\"article\" \/>\n<meta property=\"og:title\" content=\"vergangene Projekte - radix\" \/>\n<meta property=\"og:description\" content=\"Hier findest du einen \u00dcberblick und Eindr\u00fccke \u00fcber unsere vergangenen Aktivit\u00e4ten und abgeschlossene Projekte. Online Workshopreihe &#8222;transformativ t\u00e4tig&#8220; Ausstellung Endlich Wachstum Schulprojekt Klima (2017-18) Einige Orte\/Kontexte\/Organisationen bei denen wir Workshops gehalten haben: verschiedenste Schulen und Schulformen: HAK, AHS, NMS Tipping Points &#8211; Skills f\u00fcr soziale Bewegunen Feministische Bildungswerkstatt Wien Klimacamp bei Wien Jugendumweltplattform (JUMP) Attac Symposium Generation Earth S\u00fcdwind BildungstagWeiterlesen\" \/>\n<meta property=\"og:url\" content=\"https:\/\/kollektiv-radix.at\/index.php\/vergangene-projekte\/\" \/>\n<meta property=\"og:site_name\" content=\"radix\" \/>\n<meta property=\"article:modified_time\" content=\"2021-10-29T13:21:54+00:00\" \/>\n<meta property=\"og:image\" content=\"https:\/\/kollektiv-radix.at\/wp-content\/uploads\/2020\/12\/fb_header-1-1024x536-1.png\" \/>\n<meta name=\"twitter:card\" content=\"summary_large_image\" \/>\n<meta name=\"twitter:label1\" content=\"Verfasst von\">\n\t<meta name=\"twitter:data1\" content=\"Sven\">\n\t<meta name=\"twitter:label2\" content=\"Gesch\u00e4tzte Lesezeit\">\n\t<meta name=\"twitter:data2\" content=\"0\u00a0Minuten\">\n<script type=\"application\/ld+json\" class=\"yoast-schema-graph\">{\"@context\":\"https:\/\/schema.org\",\"@graph\":[{\"@type\":\"WebSite\",\"@id\":\"https:\/\/kollektiv-radix.at\/#website\",\"url\":\"https:\/\/kollektiv-radix.at\/\",\"name\":\"radix\",\"description\":\"Kollektiv f\\u00fcr transformative Bildung\",\"potentialAction\":[{\"@type\":\"SearchAction\",\"target\":\"https:\/\/kollektiv-radix.at\/?s={search_term_string}\",\"query-input\":\"required name=search_term_string\"}],\"inLanguage\":\"de\"},{\"@type\":\"ImageObject\",\"@id\":\"https:\/\/kollektiv-radix.at\/index.php\/vergangene-projekte\/#primaryimage\",\"inLanguage\":\"de\",\"url\":\"https:\/\/kollektiv-radix.at\/wp-content\/uploads\/2020\/12\/fb_header-1-1024x536-1.png\",\"width\":1024,\"height\":536},{\"@type\":\"WebPage\",\"@id\":\"https:\/\/kollektiv-radix.at\/index.php\/vergangene-projekte\/#webpage\",\"url\":\"https:\/\/kollektiv-radix.at\/index.php\/vergangene-projekte\/\",\"name\":\"vergangene Projekte - radix\",\"isPartOf\":{\"@id\":\"https:\/\/kollektiv-radix.at\/#website\"},\"primaryImageOfPage\":{\"@id\":\"https:\/\/kollektiv-radix.at\/index.php\/vergangene-projekte\/#primaryimage\"},\"datePublished\":\"2021-01-26T14:56:50+00:00\",\"dateModified\":\"2021-10-29T13:21:54+00:00\",\"inLanguage\":\"de\",\"potentialAction\":[{\"@type\":\"ReadAction\",\"target\":[\"https:\/\/kollektiv-radix.at\/index.php\/vergangene-projekte\/\"]}]}]}<\/script>\n<!-- \/ Yoast SEO plugin. -->","_links":{"self":[{"href":"https:\/\/kollektiv-radix.at\/index.php\/wp-json\/wp\/v2\/pages\/545"}],"collection":[{"href":"https:\/\/kollektiv-radix.at\/index.php\/wp-json\/wp\/v2\/pages"}],"about":[{"href":"https:\/\/kollektiv-radix.at\/index.php\/wp-json\/wp\/v2\/types\/page"}],"author":[{"embeddable":true,"href":"https:\/\/kollektiv-radix.at\/index.php\/wp-json\/wp\/v2\/users\/4"}],"replies":[{"embeddable":true,"href":"https:\/\/kollektiv-radix.at\/index.php\/wp-json\/wp\/v2\/comments?post=545"}],"version-history":[{"count":37,"href":"https:\/\/kollektiv-radix.at\/index.php\/wp-json\/wp\/v2\/pages\/545\/revisions"}],"predecessor-version":[{"id":701,"href":"https:\/\/kollektiv-radix.at\/index.php\/wp-json\/wp\/v2\/pages\/545\/revisions\/701"}],"wp:attachment":[{"href":"https:\/\/kollektiv-radix.at\/index.php\/wp-json\/wp\/v2\/media?parent=545"}],"curies":[{"name":"wp","href":"https:\/\/api.w.org\/{rel}","templated":true}]}}