{"id":915,"date":"2023-02-22T08:03:39","date_gmt":"2023-02-22T08:03:39","guid":{"rendered":"https:\/\/kollektiv-radix.at\/?page_id=915"},"modified":"2024-03-23T09:32:43","modified_gmt":"2024-03-23T09:32:43","slug":"seminar","status":"publish","type":"page","link":"https:\/\/kollektiv-radix.at\/index.php\/seminar\/","title":{"rendered":"Seminar DARE to dream &#038; to act"},"content":{"rendered":"\t\t<div data-elementor-type=\"wp-page\" data-elementor-id=\"915\" class=\"elementor elementor-915\" data-elementor-settings=\"[]\">\n\t\t\t\t\t\t<div class=\"elementor-inner\">\n\t\t\t\t\t\t\t<div class=\"elementor-section-wrap\">\n\t\t\t\t\t\t\t<section class=\"elementor-section elementor-top-section elementor-element elementor-element-4f28d0b elementor-section-boxed elementor-section-height-default elementor-section-height-default\" data-id=\"4f28d0b\" data-element_type=\"section\">\n\t\t\t\t\t\t<div class=\"elementor-container elementor-column-gap-default\">\n\t\t\t\t\t\t\t<div class=\"elementor-row\">\n\t\t\t\t\t<div class=\"elementor-column elementor-col-100 elementor-top-column elementor-element elementor-element-9a11522\" data-id=\"9a11522\" data-element_type=\"column\">\n\t\t\t<div class=\"elementor-column-wrap elementor-element-populated\">\n\t\t\t\t\t\t\t<div class=\"elementor-widget-wrap\">\n\t\t\t\t\t\t<div class=\"elementor-element elementor-element-b613760 elementor-widget elementor-widget-image\" data-id=\"b613760\" data-element_type=\"widget\" data-widget_type=\"image.default\">\n\t\t\t\t<div class=\"elementor-widget-container\">\n\t\t\t\t\t<div class=\"elementor-image\">\n\t\t\t\t\t\t\t\t\t\t<img width=\"300\" height=\"300\" src=\"https:\/\/kollektiv-radix.at\/wp-content\/uploads\/2023\/07\/Von-der-Utopie-zur-Realitaet-e1676117336416-300x300.jpg\" class=\"attachment-medium size-medium\" alt=\"\" decoding=\"async\" loading=\"lazy\" srcset=\"https:\/\/kollektiv-radix.at\/wp-content\/uploads\/2023\/07\/Von-der-Utopie-zur-Realitaet-e1676117336416-300x300.jpg 300w, https:\/\/kollektiv-radix.at\/wp-content\/uploads\/2023\/07\/Von-der-Utopie-zur-Realitaet-e1676117336416-150x150.jpg 150w, https:\/\/kollektiv-radix.at\/wp-content\/uploads\/2023\/07\/Von-der-Utopie-zur-Realitaet-e1676117336416.jpg 400w\" sizes=\"(max-width: 300px) 100vw, 300px\" \/>\t\t\t\t\t\t\t\t\t\t\t<\/div>\n\t\t\t\t<\/div>\n\t\t\t\t<\/div>\n\t\t\t\t\t\t<\/div>\n\t\t\t\t\t<\/div>\n\t\t<\/div>\n\t\t\t\t\t\t\t\t<\/div>\n\t\t\t\t\t<\/div>\n\t\t<\/section>\n\t\t\t\t<section class=\"elementor-section elementor-top-section elementor-element elementor-element-ca72ad6 elementor-section-boxed elementor-section-height-default elementor-section-height-default\" data-id=\"ca72ad6\" data-element_type=\"section\">\n\t\t\t\t\t\t<div class=\"elementor-container elementor-column-gap-default\">\n\t\t\t\t\t\t\t<div class=\"elementor-row\">\n\t\t\t\t\t<div class=\"elementor-column elementor-col-100 elementor-top-column elementor-element elementor-element-00bf5da\" data-id=\"00bf5da\" data-element_type=\"column\">\n\t\t\t<div class=\"elementor-column-wrap elementor-element-populated\">\n\t\t\t\t\t\t\t<div class=\"elementor-widget-wrap\">\n\t\t\t\t\t\t<div class=\"elementor-element elementor-element-87f0569 elementor-widget elementor-widget-text-editor\" data-id=\"87f0569\" data-element_type=\"widget\" data-widget_type=\"text-editor.default\">\n\t\t\t\t<div class=\"elementor-widget-container\">\n\t\t\t\t\t<div class=\"elementor-text-editor elementor-clearfix\"><div class=\"x11i5rnm xat24cr x1mh8g0r x1vvkbs xdj266r\">\u00a0<\/div><h2 class=\"x11i5rnm xat24cr x1mh8g0r x1vvkbs xdj266r\">From <strong>D<\/strong>reams to <strong>A<\/strong>ctions, from <strong>R<\/strong>eflection to <strong>E<\/strong>ngagement:<br \/><strong>DARE<\/strong> &#8211; ein Projekt zwischen radix und dem Konzeptwerk Neue \u00d6konomie in Leipzig<\/h2><p class=\"x11i5rnm xat24cr x1mh8g0r x1vvkbs xdj266r\"><img decoding=\"async\" class=\"emoji\" role=\"img\" draggable=\"false\" src=\"https:\/\/s.w.org\/images\/core\/emoji\/13.0.0\/svg\/27a1.svg\" alt=\"\u27a1\ufe0f\" \/> Neugierig auf mehr? Schau doch mal bei unserem Projektpartner <a href=\"https:\/\/konzeptwerk-neue-oekonomie.org\/\">Konzeptwerk neue \u00d6konomie<\/a> (Leipzig) vorbei!<\/p><div><div class=\"et_pb_module et_pb_blurb et_pb_blurb_0 et_pb_text_align_left et_pb_blurb_position_top et_pb_bg_layout_light\"><div class=\"et_pb_blurb_content\"><div class=\"et_pb_blurb_container\"><p><strong>R\u00fcckblick aufs Projekt<\/strong><\/p><div class=\"et_pb_blurb_description\"><p>Wir haben Einblicke in unser Projekt zusammengestellt und uns Zeit f\u00fcr Reflexion genommen. Wir teilen unsere durch das Projekt entstandene Wissen und wertvolle Erfahrungen. Auf folgende Fragen haben wir Antworten gesucht:<br \/>Was macht die Rolle von Multplikator*innen aus? Was sind Potenziale von Bildungsarbeit? Wo liegen die Grenzen? Was ist Herausforderungen in unserer Arbeit? Welche Materialien haben uns pers\u00f6nlich inspiriert und weitergebracht?<\/p><p><a href=\"https:\/\/konzeptwerk-neue-oekonomie.org\/wp-content\/uploads\/2024\/03\/Dare-Projekt-.pdf\" target=\"_blank\" rel=\"noopener\"><span style=\"text-decoration: underline;\">Zum Interview:<\/span><\/a><\/p><p><a href=\"https:\/\/konzeptwerk-neue-oekonomie.org\/wp-content\/uploads\/2024\/02\/Materialempfehlungen.pdf\" target=\"_blank\" rel=\"noopener\"><span style=\"text-decoration: underline;\">Materialempfehlungen:<\/span><\/a><\/p><p>Im Rahmen des Projektes haben wir gemeinsam neue Methoden entwickelt. Diese findet ihr auf der Plattform des Konzeptwerk neue \u00d6konomie.<\/p><p><a href=\"https:\/\/www.endlich-wachstum.de\/\">https:\/\/www.endlich-wachstum.de\/<\/a><\/p><\/div><\/div><\/div><\/div><\/div><div class=\"x11i5rnm xat24cr x1mh8g0r x1vvkbs xtlvy1s\">Das Projekt findet im Rahmen des Erasmus+ Projekts &#8222;From Dreams to Actions, from Reflection to Engagement &#8211; DARE for socio-ecological change!&#8220; statt<\/div><\/div>\n\t\t\t\t<\/div>\n\t\t\t\t<\/div>\n\t\t\t\t\t\t<\/div>\n\t\t\t\t\t<\/div>\n\t\t<\/div>\n\t\t\t\t\t\t\t\t<\/div>\n\t\t\t\t\t<\/div>\n\t\t<\/section>\n\t\t\t\t<section class=\"elementor-section elementor-top-section elementor-element elementor-element-af4ecae elementor-section-boxed elementor-section-height-default elementor-section-height-default\" data-id=\"af4ecae\" data-element_type=\"section\">\n\t\t\t\t\t\t<div class=\"elementor-container elementor-column-gap-default\">\n\t\t\t\t\t\t\t<div class=\"elementor-row\">\n\t\t\t\t\t<div class=\"elementor-column elementor-col-100 elementor-top-column elementor-element elementor-element-0d3c4f3\" data-id=\"0d3c4f3\" data-element_type=\"column\">\n\t\t\t<div class=\"elementor-column-wrap elementor-element-populated\">\n\t\t\t\t\t\t\t<div class=\"elementor-widget-wrap\">\n\t\t\t\t\t\t<div class=\"elementor-element elementor-element-e6a13ca elementor-widget elementor-widget-image\" data-id=\"e6a13ca\" data-element_type=\"widget\" data-widget_type=\"image.default\">\n\t\t\t\t<div class=\"elementor-widget-container\">\n\t\t\t\t\t<div class=\"elementor-image\">\n\t\t\t\t\t\t\t\t\t\t<img width=\"300\" height=\"63\" src=\"https:\/\/kollektiv-radix.at\/wp-content\/uploads\/2022\/05\/DE-Kofinanziert-von-der-Europaeischen-Union_POS-300x63.jpg\" class=\"attachment-medium size-medium\" alt=\"\" decoding=\"async\" loading=\"lazy\" srcset=\"https:\/\/kollektiv-radix.at\/wp-content\/uploads\/2022\/05\/DE-Kofinanziert-von-der-Europaeischen-Union_POS-300x63.jpg 300w, https:\/\/kollektiv-radix.at\/wp-content\/uploads\/2022\/05\/DE-Kofinanziert-von-der-Europaeischen-Union_POS-1024x215.jpg 1024w, https:\/\/kollektiv-radix.at\/wp-content\/uploads\/2022\/05\/DE-Kofinanziert-von-der-Europaeischen-Union_POS-768x161.jpg 768w, https:\/\/kollektiv-radix.at\/wp-content\/uploads\/2022\/05\/DE-Kofinanziert-von-der-Europaeischen-Union_POS-1536x322.jpg 1536w, https:\/\/kollektiv-radix.at\/wp-content\/uploads\/2022\/05\/DE-Kofinanziert-von-der-Europaeischen-Union_POS-2048x430.jpg 2048w, https:\/\/kollektiv-radix.at\/wp-content\/uploads\/2022\/05\/DE-Kofinanziert-von-der-Europaeischen-Union_POS-800x168.jpg 800w\" sizes=\"(max-width: 300px) 100vw, 300px\" \/>\t\t\t\t\t\t\t\t\t\t\t<\/div>\n\t\t\t\t<\/div>\n\t\t\t\t<\/div>\n\t\t\t\t\t\t<\/div>\n\t\t\t\t\t<\/div>\n\t\t<\/div>\n\t\t\t\t\t\t\t\t<\/div>\n\t\t\t\t\t<\/div>\n\t\t<\/section>\n\t\t\t\t<section class=\"elementor-section elementor-top-section elementor-element elementor-element-521f191 elementor-section-boxed elementor-section-height-default elementor-section-height-default\" data-id=\"521f191\" data-element_type=\"section\">\n\t\t\t\t\t\t<div class=\"elementor-container elementor-column-gap-default\">\n\t\t\t\t\t\t\t<div class=\"elementor-row\">\n\t\t\t\t\t<div class=\"elementor-column elementor-col-100 elementor-top-column elementor-element elementor-element-fd52408\" data-id=\"fd52408\" data-element_type=\"column\">\n\t\t\t<div class=\"elementor-column-wrap elementor-element-populated\">\n\t\t\t\t\t\t\t<div class=\"elementor-widget-wrap\">\n\t\t\t\t\t\t<div class=\"elementor-element elementor-element-6096751 elementor-widget elementor-widget-image\" data-id=\"6096751\" data-element_type=\"widget\" data-widget_type=\"image.default\">\n\t\t\t\t<div class=\"elementor-widget-container\">\n\t\t\t\t\t<div class=\"elementor-image\">\n\t\t\t\t\t\t\t\t\t\t<img width=\"300\" height=\"88\" src=\"https:\/\/kollektiv-radix.at\/wp-content\/uploads\/2024\/03\/konzeptwerk-logo-1-300x88.png\" class=\"attachment-medium size-medium\" alt=\"\" decoding=\"async\" loading=\"lazy\" srcset=\"https:\/\/kollektiv-radix.at\/wp-content\/uploads\/2024\/03\/konzeptwerk-logo-1-300x88.png 300w, https:\/\/kollektiv-radix.at\/wp-content\/uploads\/2024\/03\/konzeptwerk-logo-1-768x226.png 768w, https:\/\/kollektiv-radix.at\/wp-content\/uploads\/2024\/03\/konzeptwerk-logo-1-800x236.png 800w, https:\/\/kollektiv-radix.at\/wp-content\/uploads\/2024\/03\/konzeptwerk-logo-1.png 1018w\" sizes=\"(max-width: 300px) 100vw, 300px\" \/>\t\t\t\t\t\t\t\t\t\t\t<\/div>\n\t\t\t\t<\/div>\n\t\t\t\t<\/div>\n\t\t\t\t\t\t<\/div>\n\t\t\t\t\t<\/div>\n\t\t<\/div>\n\t\t\t\t\t\t\t\t<\/div>\n\t\t\t\t\t<\/div>\n\t\t<\/section>\n\t\t\t\t\t\t<\/div>\n\t\t\t\t\t\t<\/div>\n\t\t\t\t\t<\/div>\n\t\t","protected":false},"excerpt":{"rendered":"<p>\u00a0 From Dreams to Actions, from Reflection to Engagement:DARE &#8211; ein Projekt zwischen radix und dem Konzeptwerk Neue \u00d6konomie in Leipzig Neugierig auf mehr? Schau doch mal bei unserem Projektpartner Konzeptwerk neue \u00d6konomie (Leipzig) vorbei! R\u00fcckblick aufs Projekt Wir haben Einblicke in unser Projekt zusammengestellt und uns Zeit f\u00fcr Reflexion genommen. Wir teilen unsere durch das Projekt entstandene Wissen und<\/p>\n<p><a class=\"more-link\" href=\"https:\/\/kollektiv-radix.at\/index.php\/seminar\/\">Weiterlesen<\/a><\/p>\n","protected":false},"author":4,"featured_media":0,"parent":0,"menu_order":0,"comment_status":"closed","ping_status":"closed","template":"","meta":[],"yoast_head":"<!-- This site is optimized with the Yoast SEO plugin v15.3 - https:\/\/yoast.com\/wordpress\/plugins\/seo\/ -->\n<title>Seminar DARE to dream &amp; to act - radix<\/title>\n<meta name=\"robots\" content=\"index, follow, max-snippet:-1, max-image-preview:large, max-video-preview:-1\" \/>\n<link rel=\"canonical\" href=\"https:\/\/kollektiv-radix.at\/index.php\/seminar\/\" \/>\n<meta property=\"og:locale\" content=\"de_DE\" \/>\n<meta property=\"og:type\" content=\"article\" \/>\n<meta property=\"og:title\" content=\"Seminar DARE to dream &amp; to act - radix\" \/>\n<meta property=\"og:description\" content=\"\u00a0 From Dreams to Actions, from Reflection to Engagement:DARE &#8211; ein Projekt zwischen radix und dem Konzeptwerk Neue \u00d6konomie in Leipzig Neugierig auf mehr? Schau doch mal bei unserem Projektpartner Konzeptwerk neue \u00d6konomie (Leipzig) vorbei! R\u00fcckblick aufs Projekt Wir haben Einblicke in unser Projekt zusammengestellt und uns Zeit f\u00fcr Reflexion genommen. Wir teilen unsere durch das Projekt entstandene Wissen undWeiterlesen\" \/>\n<meta property=\"og:url\" content=\"https:\/\/kollektiv-radix.at\/index.php\/seminar\/\" \/>\n<meta property=\"og:site_name\" content=\"radix\" \/>\n<meta property=\"article:modified_time\" content=\"2024-03-23T09:32:43+00:00\" \/>\n<meta property=\"og:image\" content=\"https:\/\/kollektiv-radix.at\/wp-content\/uploads\/2023\/07\/Von-der-Utopie-zur-Realitaet-e1676117336416-300x300.jpg\" \/>\n<meta name=\"twitter:card\" content=\"summary_large_image\" \/>\n<meta name=\"twitter:label1\" content=\"Verfasst von\">\n\t<meta name=\"twitter:data1\" content=\"Sven\">\n\t<meta name=\"twitter:label2\" content=\"Gesch\u00e4tzte Lesezeit\">\n\t<meta name=\"twitter:data2\" content=\"1\u00a0Minute\">\n<script type=\"application\/ld+json\" class=\"yoast-schema-graph\">{\"@context\":\"https:\/\/schema.org\",\"@graph\":[{\"@type\":\"WebSite\",\"@id\":\"https:\/\/kollektiv-radix.at\/#website\",\"url\":\"https:\/\/kollektiv-radix.at\/\",\"name\":\"radix\",\"description\":\"Kollektiv f\\u00fcr transformative Bildung\",\"potentialAction\":[{\"@type\":\"SearchAction\",\"target\":\"https:\/\/kollektiv-radix.at\/?s={search_term_string}\",\"query-input\":\"required name=search_term_string\"}],\"inLanguage\":\"de\"},{\"@type\":\"ImageObject\",\"@id\":\"https:\/\/kollektiv-radix.at\/index.php\/seminar\/#primaryimage\",\"inLanguage\":\"de\",\"url\":\"https:\/\/kollektiv-radix.at\/wp-content\/uploads\/2023\/07\/Von-der-Utopie-zur-Realitaet-e1676117336416.jpg\",\"width\":400,\"height\":400},{\"@type\":\"WebPage\",\"@id\":\"https:\/\/kollektiv-radix.at\/index.php\/seminar\/#webpage\",\"url\":\"https:\/\/kollektiv-radix.at\/index.php\/seminar\/\",\"name\":\"Seminar DARE to dream & to act - radix\",\"isPartOf\":{\"@id\":\"https:\/\/kollektiv-radix.at\/#website\"},\"primaryImageOfPage\":{\"@id\":\"https:\/\/kollektiv-radix.at\/index.php\/seminar\/#primaryimage\"},\"datePublished\":\"2023-02-22T08:03:39+00:00\",\"dateModified\":\"2024-03-23T09:32:43+00:00\",\"inLanguage\":\"de\",\"potentialAction\":[{\"@type\":\"ReadAction\",\"target\":[\"https:\/\/kollektiv-radix.at\/index.php\/seminar\/\"]}]}]}<\/script>\n<!-- \/ Yoast SEO plugin. -->","_links":{"self":[{"href":"https:\/\/kollektiv-radix.at\/index.php\/wp-json\/wp\/v2\/pages\/915"}],"collection":[{"href":"https:\/\/kollektiv-radix.at\/index.php\/wp-json\/wp\/v2\/pages"}],"about":[{"href":"https:\/\/kollektiv-radix.at\/index.php\/wp-json\/wp\/v2\/types\/page"}],"author":[{"embeddable":true,"href":"https:\/\/kollektiv-radix.at\/index.php\/wp-json\/wp\/v2\/users\/4"}],"replies":[{"embeddable":true,"href":"https:\/\/kollektiv-radix.at\/index.php\/wp-json\/wp\/v2\/comments?post=915"}],"version-history":[{"count":76,"href":"https:\/\/kollektiv-radix.at\/index.php\/wp-json\/wp\/v2\/pages\/915\/revisions"}],"predecessor-version":[{"id":1383,"href":"https:\/\/kollektiv-radix.at\/index.php\/wp-json\/wp\/v2\/pages\/915\/revisions\/1383"}],"wp:attachment":[{"href":"https:\/\/kollektiv-radix.at\/index.php\/wp-json\/wp\/v2\/media?parent=915"}],"curies":[{"name":"wp","href":"https:\/\/api.w.org\/{rel}","templated":true}]}}