{"id":961,"date":"2023-04-06T16:34:20","date_gmt":"2023-04-06T16:34:20","guid":{"rendered":"https:\/\/kollektiv-radix.at\/?page_id=961"},"modified":"2024-05-07T16:43:15","modified_gmt":"2024-05-07T16:43:15","slug":"transformative-gerechtigkeit-workshops","status":"publish","type":"page","link":"https:\/\/kollektiv-radix.at\/index.php\/transformative-gerechtigkeit-workshops\/","title":{"rendered":"Transformative Gerechtigkeit Workshops"},"content":{"rendered":"\t\t<div data-elementor-type=\"wp-page\" data-elementor-id=\"961\" class=\"elementor elementor-961\" data-elementor-settings=\"[]\">\n\t\t\t\t\t\t<div class=\"elementor-inner\">\n\t\t\t\t\t\t\t<div class=\"elementor-section-wrap\">\n\t\t\t\t\t\t\t<section class=\"elementor-section elementor-top-section elementor-element elementor-element-929318e elementor-section-boxed elementor-section-height-default elementor-section-height-default\" data-id=\"929318e\" data-element_type=\"section\">\n\t\t\t\t\t\t<div class=\"elementor-container elementor-column-gap-default\">\n\t\t\t\t\t\t\t<div class=\"elementor-row\">\n\t\t\t\t\t<div class=\"elementor-column elementor-col-100 elementor-top-column elementor-element elementor-element-1cb6688\" data-id=\"1cb6688\" data-element_type=\"column\">\n\t\t\t<div class=\"elementor-column-wrap elementor-element-populated\">\n\t\t\t\t\t\t\t<div class=\"elementor-widget-wrap\">\n\t\t\t\t\t\t<div class=\"elementor-element elementor-element-dfa5015 elementor-widget elementor-widget-heading\" data-id=\"dfa5015\" data-element_type=\"widget\" data-widget_type=\"heading.default\">\n\t\t\t\t<div class=\"elementor-widget-container\">\n\t\t\t<h2 class=\"elementor-heading-title elementor-size-default\">Workshopreihe zu Transformativer Gerechtigkeit 2023<\/h2>\t\t<\/div>\n\t\t\t\t<\/div>\n\t\t\t\t\t\t<\/div>\n\t\t\t\t\t<\/div>\n\t\t<\/div>\n\t\t\t\t\t\t\t\t<\/div>\n\t\t\t\t\t<\/div>\n\t\t<\/section>\n\t\t\t\t<section class=\"elementor-section elementor-top-section elementor-element elementor-element-f6482b9 elementor-section-boxed elementor-section-height-default elementor-section-height-default\" data-id=\"f6482b9\" data-element_type=\"section\">\n\t\t\t\t\t\t<div class=\"elementor-container elementor-column-gap-default\">\n\t\t\t\t\t\t\t<div class=\"elementor-row\">\n\t\t\t\t\t<div class=\"elementor-column elementor-col-100 elementor-top-column elementor-element elementor-element-fc20ac4\" data-id=\"fc20ac4\" data-element_type=\"column\">\n\t\t\t<div class=\"elementor-column-wrap elementor-element-populated\">\n\t\t\t\t\t\t\t<div class=\"elementor-widget-wrap\">\n\t\t\t\t\t\t<div class=\"elementor-element elementor-element-318a86e elementor-widget elementor-widget-image\" data-id=\"318a86e\" data-element_type=\"widget\" data-widget_type=\"image.default\">\n\t\t\t\t<div class=\"elementor-widget-container\">\n\t\t\t\t\t<div class=\"elementor-image\">\n\t\t\t\t\t\t\t\t\t\t<img width=\"300\" height=\"300\" src=\"https:\/\/kollektiv-radix.at\/wp-content\/uploads\/2023\/04\/1-300x300.jpg\" class=\"attachment-medium size-medium\" alt=\"\" decoding=\"async\" loading=\"lazy\" srcset=\"https:\/\/kollektiv-radix.at\/wp-content\/uploads\/2023\/04\/1-300x300.jpg 300w, https:\/\/kollektiv-radix.at\/wp-content\/uploads\/2023\/04\/1-1024x1024.jpg 1024w, https:\/\/kollektiv-radix.at\/wp-content\/uploads\/2023\/04\/1-150x150.jpg 150w, https:\/\/kollektiv-radix.at\/wp-content\/uploads\/2023\/04\/1-768x768.jpg 768w, https:\/\/kollektiv-radix.at\/wp-content\/uploads\/2023\/04\/1-800x800.jpg 800w, https:\/\/kollektiv-radix.at\/wp-content\/uploads\/2023\/04\/1.jpg 1080w\" sizes=\"(max-width: 300px) 100vw, 300px\" \/>\t\t\t\t\t\t\t\t\t\t\t<\/div>\n\t\t\t\t<\/div>\n\t\t\t\t<\/div>\n\t\t\t\t\t\t<\/div>\n\t\t\t\t\t<\/div>\n\t\t<\/div>\n\t\t\t\t\t\t\t\t<\/div>\n\t\t\t\t\t<\/div>\n\t\t<\/section>\n\t\t\t\t<section class=\"elementor-section elementor-top-section elementor-element elementor-element-1a51508 elementor-section-boxed elementor-section-height-default elementor-section-height-default\" data-id=\"1a51508\" data-element_type=\"section\">\n\t\t\t\t\t\t<div class=\"elementor-container elementor-column-gap-default\">\n\t\t\t\t\t\t\t<div class=\"elementor-row\">\n\t\t\t\t\t<div class=\"elementor-column elementor-col-100 elementor-top-column elementor-element elementor-element-6da8ac1\" data-id=\"6da8ac1\" data-element_type=\"column\">\n\t\t\t<div class=\"elementor-column-wrap elementor-element-populated\">\n\t\t\t\t\t\t\t<div class=\"elementor-widget-wrap\">\n\t\t\t\t\t\t<div class=\"elementor-element elementor-element-4cdeabc elementor-widget elementor-widget-text-editor\" data-id=\"4cdeabc\" data-element_type=\"widget\" data-widget_type=\"text-editor.default\">\n\t\t\t\t<div class=\"elementor-widget-container\">\n\t\t\t\t\t<div class=\"elementor-text-editor elementor-clearfix\"><div id=\"magicdomid54\" class=\"ace-line\" aria-live=\"assertive\"><span class=\"author-a-mz72zz87zz69zkwz69z5z71zz70zz80zz87zz70zz65ziz68z\">(<\/span><span class=\"author-a-z90zmc4z71zo0kbz78zz65zz75zbz87zfj\">Hinweis<\/span><span class=\"author-a-mz72zz87zz69zkwz69z5z71zz70zz80zz87zz70zz65ziz68z\">:\u00a0<\/span><span class=\"author-a-z90zmc4z71zo0kbz78zz65zz75zbz87zfj\"> In den Workshops geht es um Transformative Justice, einer Haltung\/Umgangsweise\/Position, um Gewalterfahrungen zu bearbeiten<\/span><span class=\"author-a-mz72zz87zz69zkwz69z5z71zz70zz80zz87zz70zz65ziz68z\">)<\/span><\/div><div id=\"magicdomid56\" class=\"ace-line\" aria-live=\"assertive\">\u00a0<\/div><div id=\"magicdomid57\" class=\"ace-line\" aria-live=\"assertive\"><span class=\"author-a-mz72zz87zz69zkwz69z5z71zz70zz80zz87zz70zz65ziz68z\">im Mai und Juni bieten wir von radix zwei Einf\u00fchrungs- und einen Vertiefungsworkshop zu transformativer Gerechtigkeit an. Dazu seid ihr herzlich eingeladen!\u00a0<\/span><\/div><div id=\"magicdomid58\" class=\"ace-line\" aria-live=\"assertive\">\u00a0<\/div><div id=\"magicdomid59\" class=\"ace-line\" aria-live=\"assertive\"><strong><span class=\"author-a-mz72zz87zz69zkwz69z5z71zz70zz80zz87zz70zz65ziz68z\">Die kurze Variante:<\/span><\/strong><\/div><div id=\"magicdomid60\" class=\"ace-line\" aria-live=\"assertive\"><span style=\"text-decoration: underline;\"><span class=\"author-a-mz72zz87zz69zkwz69z5z71zz70zz80zz87zz70zz65ziz68z\">Was?\u00a0<\/span><\/span><\/div><div id=\"magicdomid61\" class=\"ace-line\" aria-live=\"assertive\"><p><span class=\"author-a-mz72zz87zz69zkwz69z5z71zz70zz80zz87zz70zz65ziz68z\">Einf\u00fchrungs- und Vertiefungsworkshops zu transformativer Gerechtigkeit (TG)<\/span><\/p><\/div><div id=\"magicdomid62\" class=\"ace-line\" aria-live=\"assertive\"><p><span style=\"text-decoration: underline;\"><span class=\"author-a-mz72zz87zz69zkwz69z5z71zz70zz80zz87zz70zz65ziz68z\">Wann? <br \/><\/span><\/span><span class=\"author-a-mz72zz87zz69zkwz69z5z71zz70zz80zz87zz70zz65ziz68z\">Einf\u00fchrungsworkshops am <b>6. Mai 11-14 Uhr<\/b> und am <b>5. Juni 18-21 Uhr<\/b><\/span><span class=\"author-a-mz72zz87zz69zkwz69z5z71zz70zz80zz87zz70zz65ziz68z\"><br \/>Vert<\/span><span class=\"author-a-z90zmc4z71zo0kbz78zz65zz75zbz87zfj\">ie<\/span><span class=\"author-a-mz72zz87zz69zkwz69z5z71zz70zz80zz87zz70zz65ziz68z\">fungsworkshop am <b>7. Juni 18-21 Uhr<\/b><\/span><\/p><\/div><div id=\"magicdomid65\" class=\"ace-line\" aria-live=\"assertive\"><p><span class=\"author-a-mz72zz87zz69zkwz69z5z71zz70zz80zz87zz70zz65ziz68z\"><span style=\"text-decoration: underline;\">Wo?<\/span> <br \/><\/span><span class=\"author-a-mz72zz87zz69zkwz69z5z71zz70zz80zz87zz70zz65ziz68z i\"><i>@4lthangrund <\/i><\/span><span class=\"author-a-z90zmc4z71zo0kbz78zz65zz75zbz87zfj i\"><i>Alte Mensa<\/i><\/span><span class=\"author-a-mz72zz87zz69zkwz69z5z71zz70zz80zz87zz70zz65ziz68z i\"><i> in Wien (<\/i><\/span><span class=\"author-a-z90zmc4z71zo0kbz78zz65zz75zbz87zfj i\"><i>eine Wegbeschreibung findest du unter <\/i><\/span><span class=\"author-a-z90zmc4z71zo0kbz78zz65zz75zbz87zfj i url\"><a href=\"https:\/\/www.4lthangrund.jetzt\/zugang-zu-4lthangrund\/\" rel=\"noreferrer noopener\"><i>https:\/\/www.4lthangrund.jetzt\/zugang-zu-4lthangrund\/<\/i><\/a><\/span><span class=\"author-a-z90zmc4z71zo0kbz78zz65zz75zbz87zfj i\"><i>)<\/i><\/span><\/p><\/div><div id=\"magicdomid67\" class=\"ace-line\" aria-live=\"assertive\"><p><span style=\"text-decoration: underline;\"><span class=\"author-a-mz72zz87zz69zkwz69z5z71zz70zz80zz87zz70zz65ziz68z\">Sprache?<\/span><\/span><span class=\"author-a-mz72zz87zz69zkwz69z5z71zz70zz80zz87zz70zz65ziz68z\"><br \/>Der Workshop wird in deutscher Lautsprache stattfinden.<\/span><\/p><\/div><div id=\"magicdomid69\" class=\"ace-line\" aria-live=\"assertive\"><p><span style=\"text-decoration: underline;\"><span class=\"author-a-mz72zz87zz69zkwz69z5z71zz70zz80zz87zz70zz65ziz68z\">Wer?<br \/><\/span><\/span><span class=\"author-a-mz72zz87zz69zkwz69z5z71zz70zz80zz87zz70zz65ziz68z\">Alle, die Interesse zur Arbeit mit TG mitbringen. Beim Vertiefungsworkshop wird es keine ausf\u00fchrliche Einf\u00fchrung in die TG geben, deswegen macht dieser mehr Sinn f\u00fcr Menschen, die bei einem der ersten Workshops waren oder die Praxis schon kennen.<\/span><\/p><\/div><div id=\"magicdomid71\" class=\"ace-line\" aria-live=\"assertive\"><p><span class=\"author-a-mz72zz87zz69zkwz69z5z71zz70zz80zz87zz70zz65ziz68z\"><span style=\"text-decoration: underline;\">Kosten?<\/span> <br \/>Die Workshops werden von der \u00d6GPB gef\u00f6rdert und somit ist die Teilnahme f\u00fcr euch kostenlos.<\/span><\/p><\/div><div id=\"magicdomid73\" class=\"ace-line\" aria-live=\"assertive\"><p><span style=\"text-decoration: underline;\"><span class=\"author-a-mz72zz87zz69zkwz69z5z71zz70zz80zz87zz70zz65ziz68z\">Unsere Erfahrungen und Positionierungen?<br \/><\/span><\/span><span class=\"author-a-mz72zz87zz69zkwz69z5z71zz70zz80zz87zz70zz65ziz68z\">Wir drei sind alle seit einigen Jahren in der TG- Arbeit aktiv und haben schon in verschiedenen Rollen Prozesserfahrungen gesammelt. Wir sind alle <\/span><span class=\"author-a-mz72zz87zz69zkwz69z5z71zz70zz80zz87zz70zz65ziz68z i\"><i>wei\u00df<\/i><\/span><span class=\"author-a-mz72zz87zz69zkwz69z5z71zz70zz80zz87zz70zz65ziz68z\">, deutschsprachig, momentan able-bodied, besitzen gewisse Klassenprivilegien, und sind zwei cis- Frauen und ein cis-Mann. Wir verstehen un<\/span><span class=\"author-a-z90zmc4z71zo0kbz78zz65zz75zbz87zfj\">s<\/span><span class=\"author-a-mz72zz87zz69zkwz69z5z71zz70zz80zz87zz70zz65ziz68z\"> alle als (Ver-)lernende und sehen die Arbeit mit TG als einen wichtigen Teil davon.\u00a0<\/span><\/p><\/div><div id=\"magicdomid75\" class=\"ace-line\" aria-live=\"assertive\"><p><span style=\"text-decoration: underline;\"><span class=\"author-a-mz72zz87zz69zkwz69z5z71zz70zz80zz87zz70zz65ziz68z\">Anmeldung\/ Fragen?<br \/><\/span><\/span><span class=\"author-a-mz72zz87zz69zkwz69z5z71zz70zz80zz87zz70zz65ziz68z\">Unter <strong>seminar(at)kollektiv-radix.at<\/strong> k\u00f6nnt ihr euch gerne anmelden und auch Fragen loswerden. Bitte meldet euch bis jeweils eine Woche vor dem Workshop an. Wir haben nur Platz f\u00fcr jeweils 20 Menschen<\/span><span class=\"author-a-z90zmc4z71zo0kbz78zz65zz75zbz87zfj\">.<\/span> <span class=\"author-a-z90zmc4z71zo0kbz78zz65zz75zbz87zfj\">W<\/span><span class=\"author-a-mz72zz87zz69zkwz69z5z71zz70zz80zz87zz70zz65ziz68z\">enn ihr doch nicht kommen k\u00f6nnt, sagt uns bitte so bald wie m\u00f6glich Bescheid.<\/span><\/p><\/div><div id=\"magicdomid79\" class=\"ace-line\" aria-live=\"assertive\"><strong><span class=\"author-a-mz72zz87zz69zkwz69z5z71zz70zz80zz87zz70zz65ziz68z\">Hintergrund zu den Workshops und zu transformativer Gerechtigkeit:\u00a0<\/span><\/strong><\/div><div id=\"magicdomid80\" class=\"ace-line\" aria-live=\"assertive\">\u00a0<\/div><div id=\"magicdomid81\" class=\"ace-line\" aria-live=\"assertive\"><span class=\"author-a-mz72zz87zz69zkwz69z5z71zz70zz80zz87zz70zz65ziz68z\">In den letzten Jahren, und nicht zuletzt durch zus\u00e4tzlich erh\u00f6hte Vorf\u00e4lle w\u00e4hrend der Corona-Pandemie, sind h\u00e4usliche Gewalt und sexuelle \u00dcbergriffe verst\u00e4rkt diskutiert worden. W\u00e4hrend es viele Formen und Abstufungen von Gewalt gibt, wird oft nur die \u201cSpitze des Eisbergs\u201d &#8211; Mord, K\u00f6rperverletzung &#8211; als solche anerkannt, obwohl auch weniger sichtbare Formen von Gewalt massive Sch\u00e4den anrichten. In den Medien werden zum Beispiel sexualisierte Gewaltverbrechen immer noch zu oft als \u201cBeziehungsprobleme\u201d oder \u201cFamiliendramen\u201d verharmlost. Neben diesen entpolitisierten Darstellungen werden die strukturellen und vielf\u00e4ltigen Dimensionen von Gewalt entlang verschiedener Diskriminierungsstrukturen selten als Gewalt benannt, wie z.B. Gewalt gegen queere Personen oder gegen Armutsbetroffene, um nur zwei m\u00f6gliche Beispiele zu nennen. Es wird immer deutlicher, dass Gewalt ein gesellschaftliches und politisches Problem ist, das andere Perspektiven und Antworten braucht!<\/span><\/div><div id=\"magicdomid82\" class=\"ace-line\" aria-live=\"assertive\">\u00a0<\/div><div id=\"magicdomid83\" class=\"ace-line\" aria-live=\"assertive\"><span class=\"author-a-mz72zz87zz69zkwz69z5z71zz70zz80zz87zz70zz65ziz68z\">Eine dieser Perspektiven ist \u201cTransformativen Gerechtigkeit\u201d (TG). Entwickelt wurden die Praxen und Konzepte der TG ma\u00dfgeblich an der Schnittstelle von BIPOC- und LGBTQ+-Communities in Nordamerika, deren direkte Betroffenheit von Gewalt durch Polizei und Justizapparat konkrete Alternativen notwendig machte, um auf Gewalt in den eigenen Communities zu reagieren. Ebenso finden sich gemeinschaftliche Umgangsformen mit Gewalt in jahrhundertelangen Traditionen diverser indigener Communities auf verschiedenen Kontinenten wieder.\u00a0<\/span><\/div><div id=\"magicdomid84\" class=\"ace-line\" aria-live=\"assertive\">\u00a0<\/div><div id=\"magicdomid85\" class=\"ace-line\" aria-live=\"assertive\"><span class=\"author-a-z90zmc4z71zo0kbz78zz65zz75zbz87zfj\">Das<\/span><span class=\"author-a-mz72zz87zz69zkwz69z5z71zz70zz80zz87zz70zz65ziz68z\"> Konzept der TG <\/span><span class=\"author-a-z90zmc4z71zo0kbz78zz65zz75zbz87zfj\">sieht vor, bestehende patriarchale Muster zu \u00fcberwinden. Teil davon ist, dass\u00a0<\/span><span class=\"author-a-mz72zz87zz69zkwz69z5z71zz70zz80zz87zz70zz65ziz68z\"> Communit<\/span><span class=\"author-a-z90zmc4z71zo0kbz78zz65zz75zbz87zfj\">i<\/span><span class=\"author-a-mz72zz87zz69zkwz69z5z71zz70zz80zz87zz70zz65ziz68z\">es kollektiv Verantwortung f\u00fcr (sexualisierte) Gewalt \u00fcbernehmen. <\/span><span class=\"author-a-z90zmc4z71zo0kbz78zz65zz75zbz87zfj\">Dabei werden gewaltbetroffene und gegebenenfalls gewaltaus\u00fcbende Personen in einem Prozess begleitet. Anstatt bestrafende Logiken des Staates anzuwenden, steht hier die Heilung und Schaffung von safe(r) spaces der gewaltbetroffenen Person im Fokus.<\/span><\/div><div id=\"magicdomid86\" class=\"ace-line\" aria-live=\"assertive\">\u00a0<\/div><div id=\"magicdomid87\" class=\"ace-line\" aria-live=\"assertive\"><span class=\"author-a-mz72zz87zz69zkwz69z5z71zz70zz80zz87zz70zz65ziz68z\">Bei der dreiteiligen Workshopreihe wollen wir R\u00e4ume schaffen, um gemeinsam \u00fcber das Konzept und die Praxis der Transformativen Gerechtigkeit ins Gespr\u00e4ch zu kommen. Bei den Einf\u00fchrungsworkshops geht es vor allem darum, wo das Konzept herkommt, was seine Grunds\u00e4tze sind und wie eine konkrete Anwendung aussieht. Bei dem Vertiefungsworkshop <\/span><span class=\"author-a-z90zmc4z71zo0kbz78zz65zz75zbz87zfj\">wollen wir den Raum \u00f6ffnen<\/span><span class=\"author-a-mz72zz87zz69zkwz69z5z71zz70zz80zz87zz70zz65ziz68z\">, tiefer \u00fcber Herausforderungen und &#8222;best practice&#8220; Beispielen ins Gespr\u00e4ch zu kommen. Dazu <\/span><span class=\"author-a-z90zmc4z71zo0kbz78zz65zz75zbz87zfj\">laden<\/span><span class=\"author-a-mz72zz87zz69zkwz69z5z71zz70zz80zz87zz70zz65ziz68z\"> wir auch explizit alle ein, die schon Erfahrungen in TG<\/span><span class=\"author-a-z90zmc4z71zo0kbz78zz65zz75zbz87zfj\">&#8211;<\/span><span class=\"author-a-mz72zz87zz69zkwz69z5z71zz70zz80zz87zz70zz65ziz68z\">Arbeit gemacht haben.\u00a0<\/span><\/div><div id=\"magicdomid88\" class=\"ace-line\" aria-live=\"assertive\">\u00a0<\/div><div id=\"magicdomid89\" class=\"ace-line\" aria-live=\"assertive\"><span class=\"author-a-mz72zz87zz69zkwz69z5z71zz70zz80zz87zz70zz65ziz68z\">Hinweis: Wir sprechen \u00fcber herausfordernde Themen und versuchen diesen Workshop so sicher wie uns m\u00f6glich zu gestalten. Es wird bei interaktiven Teilen verschiedene Teilnahmeoptionen geben, um f\u00fcr sich ein stimmiges Partizipations- und Tiefe-Level zu w\u00e4hlen. Von Gewalt und Unterdr\u00fcckung betroffene Menschen sind herzlich willkommen. Wir k\u00f6nnen in diesem Workshop keinen Aufarbeitungsspace f\u00fcr vergangene oder laufende Gewalterfahrungen- und Prozesse er\u00f6ffnen. Bitte schau, ob das Thema in der Form grade f\u00fcr dich dran ist und melde dich bei Fragen dazu gerne bei seminar@kollektiv-radix.at<\/span><\/div><div id=\"magicdomid90\" class=\"ace-line\" aria-live=\"assertive\">\u00a0<\/div><\/div>\n\t\t\t\t<\/div>\n\t\t\t\t<\/div>\n\t\t\t\t\t\t<\/div>\n\t\t\t\t\t<\/div>\n\t\t<\/div>\n\t\t\t\t\t\t\t\t<\/div>\n\t\t\t\t\t<\/div>\n\t\t<\/section>\n\t\t\t\t<section class=\"elementor-section elementor-top-section elementor-element elementor-element-8a085cc elementor-section-boxed elementor-section-height-default elementor-section-height-default\" data-id=\"8a085cc\" data-element_type=\"section\">\n\t\t\t\t\t\t<div class=\"elementor-container elementor-column-gap-default\">\n\t\t\t\t\t\t\t<div class=\"elementor-row\">\n\t\t\t\t\t<div class=\"elementor-column elementor-col-100 elementor-top-column elementor-element elementor-element-71bfb21\" data-id=\"71bfb21\" data-element_type=\"column\">\n\t\t\t<div class=\"elementor-column-wrap elementor-element-populated\">\n\t\t\t\t\t\t\t<div class=\"elementor-widget-wrap\">\n\t\t\t\t\t\t<div class=\"elementor-element elementor-element-81fe11d elementor-widget elementor-widget-image\" data-id=\"81fe11d\" data-element_type=\"widget\" data-widget_type=\"image.default\">\n\t\t\t\t<div class=\"elementor-widget-container\">\n\t\t\t\t\t<div class=\"elementor-image\">\n\t\t\t\t\t\t\t<figure class=\"wp-caption\">\n\t\t\t\t\t\t\t\t\t\t<img width=\"300\" height=\"83\" src=\"https:\/\/kollektiv-radix.at\/wp-content\/uploads\/2022\/04\/logo_oegpb-300x83.jpg\" class=\"attachment-medium size-medium\" alt=\"\" decoding=\"async\" loading=\"lazy\" srcset=\"https:\/\/kollektiv-radix.at\/wp-content\/uploads\/2022\/04\/logo_oegpb-300x83.jpg 300w, https:\/\/kollektiv-radix.at\/wp-content\/uploads\/2022\/04\/logo_oegpb.jpg 338w\" sizes=\"(max-width: 300px) 100vw, 300px\" \/>\t\t\t\t\t\t\t\t\t\t\t<figcaption class=\"widget-image-caption wp-caption-text\">gef\u00f6rdert durch<\/figcaption>\n\t\t\t\t\t\t\t\t\t\t<\/figure>\n\t\t\t\t\t<\/div>\n\t\t\t\t<\/div>\n\t\t\t\t<\/div>\n\t\t\t\t\t\t<\/div>\n\t\t\t\t\t<\/div>\n\t\t<\/div>\n\t\t\t\t\t\t\t\t<\/div>\n\t\t\t\t\t<\/div>\n\t\t<\/section>\n\t\t\t\t\t\t<\/div>\n\t\t\t\t\t\t<\/div>\n\t\t\t\t\t<\/div>\n\t\t","protected":false},"excerpt":{"rendered":"<p>Workshopreihe zu Transformativer Gerechtigkeit 2023 (Hinweis:\u00a0 In den Workshops geht es um Transformative Justice, einer Haltung\/Umgangsweise\/Position, um Gewalterfahrungen zu bearbeiten)\u00a0im Mai und Juni bieten wir von radix zwei Einf\u00fchrungs- und einen Vertiefungsworkshop zu transformativer Gerechtigkeit an. Dazu seid ihr herzlich eingeladen!\u00a0\u00a0Die kurze Variante:Was?\u00a0 Einf\u00fchrungs- und Vertiefungsworkshops zu transformativer Gerechtigkeit (TG) Wann? Einf\u00fchrungsworkshops am 6. Mai 11-14 Uhr und am 5.<\/p>\n<p><a class=\"more-link\" href=\"https:\/\/kollektiv-radix.at\/index.php\/transformative-gerechtigkeit-workshops\/\">Weiterlesen<\/a><\/p>\n","protected":false},"author":4,"featured_media":0,"parent":0,"menu_order":0,"comment_status":"closed","ping_status":"closed","template":"","meta":[],"yoast_head":"<!-- This site is optimized with the Yoast SEO plugin v15.3 - https:\/\/yoast.com\/wordpress\/plugins\/seo\/ -->\n<title>Transformative Gerechtigkeit Workshops - radix<\/title>\n<meta name=\"robots\" content=\"index, follow, max-snippet:-1, max-image-preview:large, max-video-preview:-1\" \/>\n<link rel=\"canonical\" href=\"https:\/\/kollektiv-radix.at\/index.php\/transformative-gerechtigkeit-workshops\/\" \/>\n<meta property=\"og:locale\" content=\"de_DE\" \/>\n<meta property=\"og:type\" content=\"article\" \/>\n<meta property=\"og:title\" content=\"Transformative Gerechtigkeit Workshops - radix\" \/>\n<meta property=\"og:description\" content=\"Workshopreihe zu Transformativer Gerechtigkeit 2023 (Hinweis:\u00a0 In den Workshops geht es um Transformative Justice, einer Haltung\/Umgangsweise\/Position, um Gewalterfahrungen zu bearbeiten)\u00a0im Mai und Juni bieten wir von radix zwei Einf\u00fchrungs- und einen Vertiefungsworkshop zu transformativer Gerechtigkeit an. Dazu seid ihr herzlich eingeladen!\u00a0\u00a0Die kurze Variante:Was?\u00a0 Einf\u00fchrungs- und Vertiefungsworkshops zu transformativer Gerechtigkeit (TG) Wann? Einf\u00fchrungsworkshops am 6. Mai 11-14 Uhr und am 5.Weiterlesen\" \/>\n<meta property=\"og:url\" content=\"https:\/\/kollektiv-radix.at\/index.php\/transformative-gerechtigkeit-workshops\/\" \/>\n<meta property=\"og:site_name\" content=\"radix\" \/>\n<meta property=\"article:modified_time\" content=\"2024-05-07T16:43:15+00:00\" \/>\n<meta property=\"og:image\" content=\"https:\/\/kollektiv-radix.at\/wp-content\/uploads\/2023\/04\/1-300x300.jpg\" \/>\n<meta name=\"twitter:card\" content=\"summary_large_image\" \/>\n<meta name=\"twitter:label1\" content=\"Verfasst von\">\n\t<meta name=\"twitter:data1\" content=\"Sven\">\n\t<meta name=\"twitter:label2\" content=\"Gesch\u00e4tzte Lesezeit\">\n\t<meta name=\"twitter:data2\" content=\"3\u00a0Minuten\">\n<script type=\"application\/ld+json\" class=\"yoast-schema-graph\">{\"@context\":\"https:\/\/schema.org\",\"@graph\":[{\"@type\":\"WebSite\",\"@id\":\"https:\/\/kollektiv-radix.at\/#website\",\"url\":\"https:\/\/kollektiv-radix.at\/\",\"name\":\"radix\",\"description\":\"Kollektiv f\\u00fcr transformative Bildung\",\"potentialAction\":[{\"@type\":\"SearchAction\",\"target\":\"https:\/\/kollektiv-radix.at\/?s={search_term_string}\",\"query-input\":\"required name=search_term_string\"}],\"inLanguage\":\"de\"},{\"@type\":\"ImageObject\",\"@id\":\"https:\/\/kollektiv-radix.at\/index.php\/transformative-gerechtigkeit-workshops\/#primaryimage\",\"inLanguage\":\"de\",\"url\":\"https:\/\/kollektiv-radix.at\/wp-content\/uploads\/2023\/04\/1.jpg\",\"width\":1080,\"height\":1080},{\"@type\":\"WebPage\",\"@id\":\"https:\/\/kollektiv-radix.at\/index.php\/transformative-gerechtigkeit-workshops\/#webpage\",\"url\":\"https:\/\/kollektiv-radix.at\/index.php\/transformative-gerechtigkeit-workshops\/\",\"name\":\"Transformative Gerechtigkeit Workshops - radix\",\"isPartOf\":{\"@id\":\"https:\/\/kollektiv-radix.at\/#website\"},\"primaryImageOfPage\":{\"@id\":\"https:\/\/kollektiv-radix.at\/index.php\/transformative-gerechtigkeit-workshops\/#primaryimage\"},\"datePublished\":\"2023-04-06T16:34:20+00:00\",\"dateModified\":\"2024-05-07T16:43:15+00:00\",\"inLanguage\":\"de\",\"potentialAction\":[{\"@type\":\"ReadAction\",\"target\":[\"https:\/\/kollektiv-radix.at\/index.php\/transformative-gerechtigkeit-workshops\/\"]}]}]}<\/script>\n<!-- \/ Yoast SEO plugin. -->","_links":{"self":[{"href":"https:\/\/kollektiv-radix.at\/index.php\/wp-json\/wp\/v2\/pages\/961"}],"collection":[{"href":"https:\/\/kollektiv-radix.at\/index.php\/wp-json\/wp\/v2\/pages"}],"about":[{"href":"https:\/\/kollektiv-radix.at\/index.php\/wp-json\/wp\/v2\/types\/page"}],"author":[{"embeddable":true,"href":"https:\/\/kollektiv-radix.at\/index.php\/wp-json\/wp\/v2\/users\/4"}],"replies":[{"embeddable":true,"href":"https:\/\/kollektiv-radix.at\/index.php\/wp-json\/wp\/v2\/comments?post=961"}],"version-history":[{"count":10,"href":"https:\/\/kollektiv-radix.at\/index.php\/wp-json\/wp\/v2\/pages\/961\/revisions"}],"predecessor-version":[{"id":1399,"href":"https:\/\/kollektiv-radix.at\/index.php\/wp-json\/wp\/v2\/pages\/961\/revisions\/1399"}],"wp:attachment":[{"href":"https:\/\/kollektiv-radix.at\/index.php\/wp-json\/wp\/v2\/media?parent=961"}],"curies":[{"name":"wp","href":"https:\/\/api.w.org\/{rel}","templated":true}]}}